{"id":206,"date":"2020-05-13T09:49:01","date_gmt":"2020-05-13T09:49:01","guid":{"rendered":"http:\/\/wp\/?page_id=206"},"modified":"2020-06-17T15:53:02","modified_gmt":"2020-06-17T15:53:02","slug":"history","status":"publish","type":"page","link":"https:\/\/penzionpark.si\/de\/history\/","title":{"rendered":"Geschichte"},"content":{"rendered":"<div data-elementor-type=\"wp-page\" data-elementor-id=\"206\" class=\"elementor elementor-206\" data-elementor-post-type=\"page\">\n\t\t\t\t\t\t<section class=\"elementor-section elementor-top-section elementor-element elementor-element-fa112cb elementor-section-boxed elementor-section-height-default elementor-section-height-default\" data-id=\"fa112cb\" data-element_type=\"section\">\n\t\t\t\t\t\t<div class=\"elementor-container elementor-column-gap-default\">\n\t\t\t\t\t<div class=\"elementor-column elementor-col-50 elementor-top-column elementor-element elementor-element-26db9af\" data-id=\"26db9af\" data-element_type=\"column\">\n\t\t\t<div class=\"elementor-widget-wrap elementor-element-populated\">\n\t\t\t\t\t\t<div class=\"elementor-element elementor-element-094bbbc elementor-widget elementor-widget-text-editor\" data-id=\"094bbbc\" data-element_type=\"widget\" data-widget_type=\"text-editor.default\">\n\t\t\t\t<div class=\"elementor-widget-container\">\n\t\t\t\t\t\t\t<h1>GESCHICHTE<\/h1>\n<p>Auf dem Gebiet der Pension Park stand einmal die Zobin-M\u00fchle (auch als die Gunzel-M\u00fchle bzw. Slani\u010d-M\u00fchle bekannt), sp\u00e4ter wurde an dieser Stelle der M\u00fchlenhof Mlinski dvor (M\u00fchlhof genannt) gebaut, der schon ein Teil der damaligen Therme La\u0161ko war.<\/p>\n<p>W\u00e4hrend im Jahr 1770 auf dem rechten Ufer von Re\u010dica das Fundament f\u00fcr die Zobin-M\u00fchle gegraben wurde, wurden die Spuren von Warmquellen gefunden, die sofort versch\u00fcttet wurden. Zum Gedenken an diese Warmquellen wurde auf dem linken Ufer von Re\u010dica die kleine Kapelle von Maria aufgestellt, die nach dem Zweiten Weltkrieg entfernt wurde.<\/p>\n<p>Im Jahr 1846 haben f\u00fcr die Quellen von La\u0161ko auch die Uhlichs, die wirtschaftlich starken Besitzer des Bads in Rimske Toplice, Interesse gezeigt.<\/p>\t\t\t\t\t\t<\/div>\n\t\t\t\t<\/div>\n\t\t\t\t\t<\/div>\n\t\t<\/div>\n\t\t\t\t<div class=\"elementor-column elementor-col-50 elementor-top-column elementor-element elementor-element-7ef02c9\" data-id=\"7ef02c9\" data-element_type=\"column\">\n\t\t\t<div class=\"elementor-widget-wrap elementor-element-populated\">\n\t\t\t\t\t\t<div class=\"elementor-element elementor-element-6f3df25 elementor-widget elementor-widget-image\" data-id=\"6f3df25\" data-element_type=\"widget\" data-widget_type=\"image.default\">\n\t\t\t\t<div class=\"elementor-widget-container\">\n\t\t\t\t\t\t\t\t\t\t\t\t\t<img fetchpriority=\"high\" decoding=\"async\" width=\"781\" height=\"560\" src=\"https:\/\/penzionpark.si\/wp-content\/uploads\/2020\/06\/history-2.png\" class=\"attachment-large size-large wp-image-412\" alt=\"\" srcset=\"https:\/\/penzionpark.si\/wp-content\/uploads\/2020\/06\/history-2.png 781w, https:\/\/penzionpark.si\/wp-content\/uploads\/2020\/06\/history-2-300x215.png 300w, https:\/\/penzionpark.si\/wp-content\/uploads\/2020\/06\/history-2-768x551.png 768w\" sizes=\"(max-width: 781px) 100vw, 781px\" \/>\t\t\t\t\t\t\t\t\t\t\t\t\t<\/div>\n\t\t\t\t<\/div>\n\t\t\t\t\t<\/div>\n\t\t<\/div>\n\t\t\t\t\t<\/div>\n\t\t<\/section>\n\t\t\t\t<section class=\"elementor-section elementor-top-section elementor-element elementor-element-fa08f6a elementor-section-boxed elementor-section-height-default elementor-section-height-default\" data-id=\"fa08f6a\" data-element_type=\"section\" data-settings=\"{&quot;background_background&quot;:&quot;classic&quot;}\">\n\t\t\t\t\t\t<div class=\"elementor-container elementor-column-gap-default\">\n\t\t\t\t\t<div class=\"elementor-column elementor-col-100 elementor-top-column elementor-element elementor-element-e25772a\" data-id=\"e25772a\" data-element_type=\"column\" data-settings=\"{&quot;background_background&quot;:&quot;classic&quot;}\">\n\t\t\t<div class=\"elementor-widget-wrap elementor-element-populated\">\n\t\t\t\t\t\t<div class=\"elementor-element elementor-element-bc16f70 elementor-widget elementor-widget-text-editor\" data-id=\"bc16f70\" data-element_type=\"widget\" data-widget_type=\"text-editor.default\">\n\t\t\t\t<div class=\"elementor-widget-container\">\n\t\t\t\t\t\t\t<p>Es ist interessant zu sehen, wie sich der Ingenieur R\u00f6del urspr\u00fcnglich die Quellenverlegung vom Gebiet, wo sp\u00e4ter Mlinski dvor stand, bis zum Bad vorgestellt hat. Mit den drei vertikalen Rohren aus hartem Holz, die er fest in die isolierten Dolomitrisse eingef\u00fcgt hat, wollte er das warme Wasser so hoch heben, dass es von sich aus in das Becken flie\u00dfen w\u00fcrde. Aber das Wasser erhob sich in den Rohren nur bis zur bestimmten H\u00f6he (damals 120 cm) \u00fcber der Wasseroberfl\u00e4che des Flusses Savinja. Endlich erkannte er, dass er einen besonderen undurchl\u00e4ssigen Kanal von den Quellen zum Pumpwerk bauen muss, das das Wasser in die h\u00f6her liegenden R\u00e4ume zuf\u00fchrt. Vom Bach Re\u010dica musste er einen besonderen Wasserkanal zur n\u00f6rdlichen Wand des neuen Bads verlegen, wo er ein gro\u00dfes wasserbetriebenes Holzrad eingebaute, damit die Pumpen das Wasser ins Bad schieben konnten. Deswegen musste er die Zobin-M\u00fchle am Bach Re\u010dica abkaufen und abrei\u00dfen. Im Jahr 1853 wurde das Becken mit den Ma\u00dfen 18 x 5 x 1,5 m und mit 900 hl Wasser fertiggestellt, das in vier Stunden gef\u00fcllt werden konnte. Damals war das das gr\u00f6\u00dfte Becken unter allen Innenbecken in der Region \u0160tajerska. Jenseits des Bachs Re\u010dica auf dem linken Ufer hat er dann die Villa R\u00f6del (R\u00f6delhof) gebaut, wo er mit seiner Familie wohnte. Hinter der Villa hat er einen langen, niedrigen gedeckten Gang mit Schmuckskulpturen und einem Wasserspiel errichtet. Auf der n\u00f6rdlichen Seite hat er das Wirtschaftsgeb\u00e4ude mit einem gro\u00dfen Garten gebaut. Neben den Felsenw\u00e4nden auf dem rechten Ufer von Re\u010dica hat er ein einst\u00f6ckiges Geb\u00e4ude Mlinski dvor (M\u00fchlhof) errichtet, das an die ehemalige Zobin-M\u00fchle erinnert. In Mlinski dvor gab es 24 Zimmer.<\/p>\n<p>Von der Quelle am Waldhang \u00fcber die Villa M\u00fchlhof hat er eine eigene Wasserleitung f\u00fcr die Bed\u00fcrfnisse des ganzen Bads errichtet. Die Wasserleitung von dieser Quelle, in der sich qualit\u00e4tsvolles Wasser befindet, ist so nach mehr als 160 Jahren f\u00fcr die Bed\u00fcrfnisse der Pension Park noch immer in Gebrauch.<\/p>\n<p>In der Felsenh\u00f6hle hinter dem Mlinski dvor gab es einen K\u00fchlraum mit Eis, das im Winter auf dem Fluss Lava gebrochen wurde. Das war ein Lager f\u00fcr Getr\u00e4nke und Gem\u00fcse.<\/p>\n<p>In der Mitte der Villa Mlinski dvor hat er auch ein Turmstockwerk mit einer offenen Terrasse gebaut, wo die Fahnen gehisst wurden. In diesem Geb\u00e4ude wohnten die Musikanten verschiedener Blasorchester und Orchester mit Frauen und Kindern. Hier gab es auch einen Rasier- und Haarsalon. Vorne befand sich auch ein kleiner See, wo die wei\u00dfen Schw\u00e4ne, G\u00e4nse und Enten die G\u00e4ste unterhalten haben.<\/p>\t\t\t\t\t\t<\/div>\n\t\t\t\t<\/div>\n\t\t\t\t\t<\/div>\n\t\t<\/div>\n\t\t\t\t\t<\/div>\n\t\t<\/section>\n\t\t\t\t<section class=\"elementor-section elementor-top-section elementor-element elementor-element-35af90e elementor-section-boxed elementor-section-height-default elementor-section-height-default\" data-id=\"35af90e\" data-element_type=\"section\">\n\t\t\t\t\t\t<div class=\"elementor-container elementor-column-gap-default\">\n\t\t\t\t\t<div class=\"elementor-column elementor-col-50 elementor-top-column elementor-element elementor-element-d03da3c\" data-id=\"d03da3c\" data-element_type=\"column\">\n\t\t\t<div class=\"elementor-widget-wrap elementor-element-populated\">\n\t\t\t\t\t\t<div class=\"elementor-element elementor-element-a461a6e elementor-widget elementor-widget-image\" data-id=\"a461a6e\" data-element_type=\"widget\" data-widget_type=\"image.default\">\n\t\t\t\t<div class=\"elementor-widget-container\">\n\t\t\t\t\t\t\t\t\t\t\t\t\t<img decoding=\"async\" width=\"776\" height=\"535\" src=\"https:\/\/penzionpark.si\/wp-content\/uploads\/2020\/06\/history-5.png\" class=\"attachment-large size-large wp-image-415\" alt=\"\" srcset=\"https:\/\/penzionpark.si\/wp-content\/uploads\/2020\/06\/history-5.png 776w, https:\/\/penzionpark.si\/wp-content\/uploads\/2020\/06\/history-5-300x207.png 300w, https:\/\/penzionpark.si\/wp-content\/uploads\/2020\/06\/history-5-768x529.png 768w\" sizes=\"(max-width: 776px) 100vw, 776px\" \/>\t\t\t\t\t\t\t\t\t\t\t\t\t<\/div>\n\t\t\t\t<\/div>\n\t\t\t\t\t<\/div>\n\t\t<\/div>\n\t\t\t\t<div class=\"elementor-column elementor-col-50 elementor-top-column elementor-element elementor-element-0600e01\" data-id=\"0600e01\" data-element_type=\"column\">\n\t\t\t<div class=\"elementor-widget-wrap elementor-element-populated\">\n\t\t\t\t\t\t<div class=\"elementor-element elementor-element-0f0524e elementor-widget elementor-widget-text-editor\" data-id=\"0f0524e\" data-element_type=\"widget\" data-widget_type=\"text-editor.default\">\n\t\t\t\t<div class=\"elementor-widget-container\">\n\t\t\t\t\t\t\t<p>Im Jahr 1920 wurde das Kohlenbergwerk Huda jama wieder er\u00f6ffnet. Es wurden auch die Bergwerksbahn und ein Tunnel durch die Felsen bei Mlinski dvor gebaut. Dabei hat das Bergwerk wegen der Streckennivellierung die dortige Fl\u00e4che mit dem Nebengestein aus der H\u00f6hle versch\u00fcttet. Damit war Schluss mit dem ber\u00fchmten Spazierweg zum Bach Re\u010dica. Der Fluss Lava, wo das Eis f\u00fcr den K\u00fchlraum gebrochen wurde, wurde auch versch\u00fcttet. Nach dem Ersten Weltkrieg wurde Mlinski dvor von armen Bewohnern besiedelt, obwohl er schon in einem sehr schlechten Zustand war, weil ihn niemand instandgehalten hat. Im Jahr 1927 wurde das ber\u00fchmte Geb\u00e4ude abgerissen. Der Baumeister Srebot hat aus dem restlichen Material in La\u0161ko ein Haus gebaut.<\/p>\n<p>Im Jahr 1989 entstand die Idee \u00fcber die Revitalisierung dieses Gebiets. So entstand mit Unterst\u00fctzung des damaligen Kurbades La\u0161ko der sportlich-touristische Komplex Pension Park, der seine T\u00fcren im Jahr 1994 ge\u00f6ffnet hat.<\/p>\n<p>Wir m\u00f6chten noch anmerken, dass bei dem Bau der Objekte der heutigen Pension Park ein verlassener Bergwerksgang gefunden wurde, von dem wir noch immer einen Teil des Holzausbaus verwahren.<\/p>\t\t\t\t\t\t<\/div>\n\t\t\t\t<\/div>\n\t\t\t\t\t<\/div>\n\t\t<\/div>\n\t\t\t\t\t<\/div>\n\t\t<\/section>\n\t\t\t\t<section class=\"elementor-section elementor-top-section elementor-element elementor-element-2f5aa92 elementor-section-boxed elementor-section-height-default elementor-section-height-default\" data-id=\"2f5aa92\" data-element_type=\"section\">\n\t\t\t\t\t\t<div class=\"elementor-container elementor-column-gap-default\">\n\t\t\t\t\t<div class=\"elementor-column elementor-col-100 elementor-top-column elementor-element elementor-element-61a93c9\" data-id=\"61a93c9\" data-element_type=\"column\">\n\t\t\t<div class=\"elementor-widget-wrap elementor-element-populated\">\n\t\t\t\t\t\t<div class=\"elementor-element elementor-element-a791dd3 bdt-navigation-type-arrows bdt-ep-custom-carousel-style-carousel elementor-widget elementor-widget-bdt-custom-carousel\" data-id=\"a791dd3\" data-element_type=\"widget\" data-widget_type=\"bdt-custom-carousel.default\">\n\t\t\t\t<div class=\"elementor-widget-container\">\n\t\t\t\t\t<div id=\"bdt-ep-custom-carousel-a791dd3\" class=\"bdt-ep-custom-carousel elementor-swiper bdt-skin-default bdt-arrows-align-center\" data-bdt-lightbox=\"toggle: .bdt-ep-custom-carousel-lightbox-item; animation: slide;\" data-settings=\"{&quot;autoplay&quot;:{&quot;delay&quot;:5000},&quot;loop&quot;:true,&quot;speed&quot;:500,&quot;slidesPerView&quot;:1,&quot;spaceBetween&quot;:10,&quot;effect&quot;:&quot;carousel&quot;,&quot;slidesPerGroup&quot;:1,&quot;breakpoints&quot;:{&quot;767&quot;:{&quot;slidesPerView&quot;:2,&quot;spaceBetween&quot;:10,&quot;slidesPerGroup&quot;:1},&quot;1023&quot;:{&quot;slidesPerView&quot;:3,&quot;spaceBetween&quot;:10,&quot;slidesPerGroup&quot;:1}},&quot;navigation&quot;:{&quot;nextEl&quot;:&quot;#bdt-ep-custom-carousel-a791dd3 .bdt-navigation-next&quot;,&quot;prevEl&quot;:&quot;#bdt-ep-custom-carousel-a791dd3 .bdt-navigation-prev&quot;},&quot;pagination&quot;:{&quot;el&quot;:&quot;#bdt-ep-custom-carousel-a791dd3 .swiper-pagination&quot;,&quot;type&quot;:&quot;&quot;,&quot;clickable&quot;:&quot;true&quot;,&quot;dynamicBullets&quot;:false},&quot;scrollbar&quot;:{&quot;el&quot;:&quot;#bdt-ep-custom-carousel-a791dd3 .swiper-scrollbar&quot;,&quot;hide&quot;:&quot;true&quot;},&quot;coverflowEffect&quot;:{&quot;rotate&quot;:50,&quot;stretch&quot;:0,&quot;depth&quot;:100,&quot;modifier&quot;:1,&quot;slideShadows&quot;:true}}\">\n\t\t\t<div class=\"swiper-carousel swiper\">\n\t\t\t\t<div class=\"swiper-wrapper\">\n\t\t\t\t\t\t\t\t<div class=\"swiper-slide bdt-ep-custom-carousel-item bdt-transition-toggle\">\n\t\t\t\t<a href=\"https:\/\/penzionpark.si\/wp-content\/uploads\/2020\/06\/history-6.png\" class=\"bdt-ep-custom-carousel-lightbox-item\" data-elementor-open-lightbox=\"no\" data-caption=\"\">\t\t<div class=\"bdt-ep-custom-carousel-thumbnail\" style=\"background-image: url(https:\/\/penzionpark.si\/wp-content\/uploads\/2020\/06\/history-6.png)\"><\/div>\n\n\t\t\n\t\t<\/a>\t\t\t<\/div>\n\t\t\t\t\t\t<div class=\"swiper-slide bdt-ep-custom-carousel-item bdt-transition-toggle\">\n\t\t\t\t<a href=\"https:\/\/penzionpark.si\/wp-content\/uploads\/2020\/06\/history-5.png\" class=\"bdt-ep-custom-carousel-lightbox-item\" data-elementor-open-lightbox=\"no\" data-caption=\"\">\t\t<div class=\"bdt-ep-custom-carousel-thumbnail\" style=\"background-image: url(https:\/\/penzionpark.si\/wp-content\/uploads\/2020\/06\/history-5.png)\"><\/div>\n\n\t\t\n\t\t<\/a>\t\t\t<\/div>\n\t\t\t\t\t\t<div class=\"swiper-slide bdt-ep-custom-carousel-item bdt-transition-toggle\">\n\t\t\t\t<a href=\"https:\/\/penzionpark.si\/wp-content\/uploads\/2020\/06\/history-4.png\" class=\"bdt-ep-custom-carousel-lightbox-item\" data-elementor-open-lightbox=\"no\" data-caption=\"\">\t\t<div class=\"bdt-ep-custom-carousel-thumbnail\" style=\"background-image: url(https:\/\/penzionpark.si\/wp-content\/uploads\/2020\/06\/history-4.png)\"><\/div>\n\n\t\t\n\t\t<\/a>\t\t\t<\/div>\n\t\t\t\t\t\t<div class=\"swiper-slide bdt-ep-custom-carousel-item bdt-transition-toggle\">\n\t\t\t\t<a href=\"https:\/\/penzionpark.si\/wp-content\/uploads\/2020\/06\/history-3.png\" class=\"bdt-ep-custom-carousel-lightbox-item\" data-elementor-open-lightbox=\"no\" data-caption=\"\">\t\t<div class=\"bdt-ep-custom-carousel-thumbnail\" style=\"background-image: url(https:\/\/penzionpark.si\/wp-content\/uploads\/2020\/06\/history-3.png)\"><\/div>\n\n\t\t\n\t\t<\/a>\t\t\t<\/div>\n\t\t\t\t\t\t<div class=\"swiper-slide bdt-ep-custom-carousel-item bdt-transition-toggle\">\n\t\t\t\t<a href=\"https:\/\/penzionpark.si\/wp-content\/uploads\/2020\/06\/history-2.png\" class=\"bdt-ep-custom-carousel-lightbox-item\" data-elementor-open-lightbox=\"no\" data-caption=\"\">\t\t<div class=\"bdt-ep-custom-carousel-thumbnail\" style=\"background-image: url(https:\/\/penzionpark.si\/wp-content\/uploads\/2020\/06\/history-2.png)\"><\/div>\n\n\t\t\n\t\t<\/a>\t\t\t<\/div>\n\t\t\t\t\t\t<div class=\"swiper-slide bdt-ep-custom-carousel-item bdt-transition-toggle\">\n\t\t\t\t<a href=\"https:\/\/penzionpark.si\/wp-content\/uploads\/2020\/06\/history-1.png\" class=\"bdt-ep-custom-carousel-lightbox-item\" data-elementor-open-lightbox=\"no\" data-caption=\"\">\t\t<div class=\"bdt-ep-custom-carousel-thumbnail\" style=\"background-image: url(https:\/\/penzionpark.si\/wp-content\/uploads\/2020\/06\/history-1.png)\"><\/div>\n\n\t\t\n\t\t<\/a>\t\t\t<\/div>\n\t\t\t\t\t\t\t<\/div>\n\n\t\t\t\t\n\t\t\t<\/div>\n\n\t\t\t\n\t\t\t\t\t\t\t\t\t\t\t\t\t\t\t\t\t<div class=\"bdt-position-z-index bdt-position-center bdt-visible@m\">\n\t\t\t\t<div class=\"bdt-arrows-container bdt-slidenav-container\">\n\t\t\t\t\t<div class=\"bdt-navigation-prev bdt-slidenav-previous bdt-icon bdt-slidenav\">\n\t\t\t\t\t\t<i class=\"ep-icon-arrow-left-0\" aria-hidden=\"true\"><\/i>\n\t\t\t\t\t<\/div>\n\t\t\t\t\t<div class=\"bdt-navigation-next bdt-slidenav-next bdt-icon bdt-slidenav\">\n\t\t\t\t\t\t<i class=\"ep-icon-arrow-right-0\" aria-hidden=\"true\"><\/i>\n\t\t\t\t\t<\/div>\n\t\t\t\t<\/div>\n\t\t\t<\/div>\n\t\t\t\t\t\t\n\t\t\t\n\t\t<\/div>\n\t\t\t\t<\/div>\n\t\t\t\t<\/div>\n\t\t\t\t\t<\/div>\n\t\t<\/div>\n\t\t\t\t\t<\/div>\n\t\t<\/section>\n\t\t\t\t<\/div>","protected":false},"excerpt":{"rendered":"<p>HISTORY \u2003\u2003Penzion Park\u2019s environs once hosted Zobin\u2019s Mill, also known as Gunzel\u2019s and Slani\u010d\u2019s Mill. Later, Mill Castle (M\u00fchlhof) was built as an addition to La\u0161ko Spa. \u2003\u2003When the foundations for Zobin\u2019s Mill were dug in 1770 on the right bank of Re\u010dica Brook, hot spring traces were discovered, but immediately covered with soil. In [&hellip;]<\/p>","protected":false},"author":1,"featured_media":0,"parent":0,"menu_order":0,"comment_status":"closed","ping_status":"closed","template":"","meta":{"footnotes":""},"class_list":["post-206","page","type-page","status-publish","hentry"],"yoast_head":"<!-- This site is optimized with the Yoast SEO plugin v25.7 - https:\/\/yoast.com\/wordpress\/plugins\/seo\/ -->\n<title>History | Penzion Park - Lowest price guaranteed<\/title>\n<meta name=\"robots\" content=\"index, follow, max-snippet:-1, max-image-preview:large, max-video-preview:-1\" \/>\n<link rel=\"canonical\" href=\"https:\/\/penzionpark.si\/de\/history\/\" \/>\n<meta property=\"og:locale\" content=\"de_DE\" \/>\n<meta property=\"og:type\" content=\"article\" \/>\n<meta property=\"og:title\" content=\"History | Penzion Park - Lowest price guaranteed\" \/>\n<meta property=\"og:description\" content=\"HISTORY \u2003\u2003Penzion Park\u2019s environs once hosted Zobin\u2019s Mill, also known as Gunzel\u2019s and Slani\u010d\u2019s Mill. Later, Mill Castle (M\u00fchlhof) was built as an addition to La\u0161ko Spa. \u2003\u2003When the foundations for Zobin\u2019s Mill were dug in 1770 on the right bank of Re\u010dica Brook, hot spring traces were discovered, but immediately covered with soil. In [&hellip;]\" \/>\n<meta property=\"og:url\" content=\"https:\/\/penzionpark.si\/de\/history\/\" \/>\n<meta property=\"og:site_name\" content=\"Penzion Park - Lowest price guaranteed\" \/>\n<meta property=\"article:publisher\" content=\"https:\/\/www.facebook.com\/PenzionParkLasko\/\" \/>\n<meta property=\"article:modified_time\" content=\"2020-06-17T15:53:02+00:00\" \/>\n<meta property=\"og:image\" content=\"https:\/\/penzionpark.si\/wp-content\/uploads\/2020\/06\/history-2.png\" \/>\n<meta name=\"twitter:card\" content=\"summary_large_image\" \/>\n<meta name=\"twitter:label1\" content=\"Gesch\u00e4tzte Lesezeit\" \/>\n\t<meta name=\"twitter:data1\" content=\"3\u00a0Minuten\" \/>\n<script type=\"application\/ld+json\" class=\"yoast-schema-graph\">{\"@context\":\"https:\/\/schema.org\",\"@graph\":[{\"@type\":\"WebPage\",\"@id\":\"https:\/\/penzionpark.si\/ru\/history\/\",\"url\":\"https:\/\/penzionpark.si\/ru\/history\/\",\"name\":\"History | Penzion Park - Lowest price guaranteed\",\"isPartOf\":{\"@id\":\"https:\/\/penzionpark.si\/#website\"},\"primaryImageOfPage\":{\"@id\":\"https:\/\/penzionpark.si\/ru\/history\/#primaryimage\"},\"image\":{\"@id\":\"https:\/\/penzionpark.si\/ru\/history\/#primaryimage\"},\"thumbnailUrl\":\"https:\/\/penzionpark.si\/wp-content\/uploads\/2020\/06\/history-2.png\",\"datePublished\":\"2020-05-13T09:49:01+00:00\",\"dateModified\":\"2020-06-17T15:53:02+00:00\",\"breadcrumb\":{\"@id\":\"https:\/\/penzionpark.si\/ru\/history\/#breadcrumb\"},\"inLanguage\":\"de\",\"potentialAction\":[{\"@type\":\"ReadAction\",\"target\":[\"https:\/\/penzionpark.si\/ru\/history\/\"]}]},{\"@type\":\"ImageObject\",\"inLanguage\":\"de\",\"@id\":\"https:\/\/penzionpark.si\/ru\/history\/#primaryimage\",\"url\":\"https:\/\/penzionpark.si\/wp-content\/uploads\/2020\/06\/history-2.png\",\"contentUrl\":\"https:\/\/penzionpark.si\/wp-content\/uploads\/2020\/06\/history-2.png\"},{\"@type\":\"BreadcrumbList\",\"@id\":\"https:\/\/penzionpark.si\/ru\/history\/#breadcrumb\",\"itemListElement\":[{\"@type\":\"ListItem\",\"position\":1,\"name\":\"Home\",\"item\":\"https:\/\/penzionpark.si\/\"},{\"@type\":\"ListItem\",\"position\":2,\"name\":\"History\"}]},{\"@type\":\"WebSite\",\"@id\":\"https:\/\/penzionpark.si\/#website\",\"url\":\"https:\/\/penzionpark.si\/\",\"name\":\"Penzion Park - Lowest price guaranteed\",\"description\":\"Family hotel in La&scaron;ko\",\"publisher\":{\"@id\":\"https:\/\/penzionpark.si\/#organization\"},\"potentialAction\":[{\"@type\":\"SearchAction\",\"target\":{\"@type\":\"EntryPoint\",\"urlTemplate\":\"https:\/\/penzionpark.si\/?s={search_term_string}\"},\"query-input\":{\"@type\":\"PropertyValueSpecification\",\"valueRequired\":true,\"valueName\":\"search_term_string\"}}],\"inLanguage\":\"de\"},{\"@type\":\"Organization\",\"@id\":\"https:\/\/penzionpark.si\/#organization\",\"name\":\"Penzion Park\",\"url\":\"https:\/\/penzionpark.si\/\",\"logo\":{\"@type\":\"ImageObject\",\"inLanguage\":\"de\",\"@id\":\"https:\/\/penzionpark.si\/#\/schema\/logo\/image\/\",\"url\":\"https:\/\/penzionpark.si\/wp-content\/uploads\/2020\/12\/Penzion-Park-favicon.png\",\"contentUrl\":\"https:\/\/penzionpark.si\/wp-content\/uploads\/2020\/12\/Penzion-Park-favicon.png\",\"width\":354,\"height\":354,\"caption\":\"Penzion Park\"},\"image\":{\"@id\":\"https:\/\/penzionpark.si\/#\/schema\/logo\/image\/\"},\"sameAs\":[\"https:\/\/www.facebook.com\/PenzionParkLasko\/\",\"https:\/\/www.instagram.com\/penzionparklasko\/\"]}]}<\/script>\n<!-- \/ Yoast SEO plugin. -->","yoast_head_json":{"title":"History | Penzion Park - Lowest price guaranteed","robots":{"index":"index","follow":"follow","max-snippet":"max-snippet:-1","max-image-preview":"max-image-preview:large","max-video-preview":"max-video-preview:-1"},"canonical":"https:\/\/penzionpark.si\/de\/history\/","og_locale":"de_DE","og_type":"article","og_title":"History | Penzion Park - Lowest price guaranteed","og_description":"HISTORY \u2003\u2003Penzion Park\u2019s environs once hosted Zobin\u2019s Mill, also known as Gunzel\u2019s and Slani\u010d\u2019s Mill. Later, Mill Castle (M\u00fchlhof) was built as an addition to La\u0161ko Spa. \u2003\u2003When the foundations for Zobin\u2019s Mill were dug in 1770 on the right bank of Re\u010dica Brook, hot spring traces were discovered, but immediately covered with soil. In [&hellip;]","og_url":"https:\/\/penzionpark.si\/de\/history\/","og_site_name":"Penzion Park - Lowest price guaranteed","article_publisher":"https:\/\/www.facebook.com\/PenzionParkLasko\/","article_modified_time":"2020-06-17T15:53:02+00:00","og_image":[{"url":"https:\/\/penzionpark.si\/wp-content\/uploads\/2020\/06\/history-2.png","type":"","width":"","height":""}],"twitter_card":"summary_large_image","twitter_misc":{"Gesch\u00e4tzte Lesezeit":"3\u00a0Minuten"},"schema":{"@context":"https:\/\/schema.org","@graph":[{"@type":"WebPage","@id":"https:\/\/penzionpark.si\/ru\/history\/","url":"https:\/\/penzionpark.si\/ru\/history\/","name":"History | Penzion Park - Lowest price guaranteed","isPartOf":{"@id":"https:\/\/penzionpark.si\/#website"},"primaryImageOfPage":{"@id":"https:\/\/penzionpark.si\/ru\/history\/#primaryimage"},"image":{"@id":"https:\/\/penzionpark.si\/ru\/history\/#primaryimage"},"thumbnailUrl":"https:\/\/penzionpark.si\/wp-content\/uploads\/2020\/06\/history-2.png","datePublished":"2020-05-13T09:49:01+00:00","dateModified":"2020-06-17T15:53:02+00:00","breadcrumb":{"@id":"https:\/\/penzionpark.si\/ru\/history\/#breadcrumb"},"inLanguage":"de","potentialAction":[{"@type":"ReadAction","target":["https:\/\/penzionpark.si\/ru\/history\/"]}]},{"@type":"ImageObject","inLanguage":"de","@id":"https:\/\/penzionpark.si\/ru\/history\/#primaryimage","url":"https:\/\/penzionpark.si\/wp-content\/uploads\/2020\/06\/history-2.png","contentUrl":"https:\/\/penzionpark.si\/wp-content\/uploads\/2020\/06\/history-2.png"},{"@type":"BreadcrumbList","@id":"https:\/\/penzionpark.si\/ru\/history\/#breadcrumb","itemListElement":[{"@type":"ListItem","position":1,"name":"Home","item":"https:\/\/penzionpark.si\/"},{"@type":"ListItem","position":2,"name":"History"}]},{"@type":"WebSite","@id":"https:\/\/penzionpark.si\/#website","url":"https:\/\/penzionpark.si\/","name":"Penzion Park - Lowest price guaranteed","description":"Family hotel in La&scaron;ko","publisher":{"@id":"https:\/\/penzionpark.si\/#organization"},"potentialAction":[{"@type":"SearchAction","target":{"@type":"EntryPoint","urlTemplate":"https:\/\/penzionpark.si\/?s={search_term_string}"},"query-input":{"@type":"PropertyValueSpecification","valueRequired":true,"valueName":"search_term_string"}}],"inLanguage":"de"},{"@type":"Organization","@id":"https:\/\/penzionpark.si\/#organization","name":"Penzion Park","url":"https:\/\/penzionpark.si\/","logo":{"@type":"ImageObject","inLanguage":"de","@id":"https:\/\/penzionpark.si\/#\/schema\/logo\/image\/","url":"https:\/\/penzionpark.si\/wp-content\/uploads\/2020\/12\/Penzion-Park-favicon.png","contentUrl":"https:\/\/penzionpark.si\/wp-content\/uploads\/2020\/12\/Penzion-Park-favicon.png","width":354,"height":354,"caption":"Penzion Park"},"image":{"@id":"https:\/\/penzionpark.si\/#\/schema\/logo\/image\/"},"sameAs":["https:\/\/www.facebook.com\/PenzionParkLasko\/","https:\/\/www.instagram.com\/penzionparklasko\/"]}]}},"_links":{"self":[{"href":"https:\/\/penzionpark.si\/de\/wp-json\/wp\/v2\/pages\/206","targetHints":{"allow":["GET"]}}],"collection":[{"href":"https:\/\/penzionpark.si\/de\/wp-json\/wp\/v2\/pages"}],"about":[{"href":"https:\/\/penzionpark.si\/de\/wp-json\/wp\/v2\/types\/page"}],"author":[{"embeddable":true,"href":"https:\/\/penzionpark.si\/de\/wp-json\/wp\/v2\/users\/1"}],"replies":[{"embeddable":true,"href":"https:\/\/penzionpark.si\/de\/wp-json\/wp\/v2\/comments?post=206"}],"version-history":[{"count":0,"href":"https:\/\/penzionpark.si\/de\/wp-json\/wp\/v2\/pages\/206\/revisions"}],"wp:attachment":[{"href":"https:\/\/penzionpark.si\/de\/wp-json\/wp\/v2\/media?parent=206"}],"curies":[{"name":"wp","href":"https:\/\/api.w.org\/{rel}","templated":true}]}}