{"id":370,"date":"2020-06-02T06:20:21","date_gmt":"2020-06-02T06:20:21","guid":{"rendered":"https:\/\/penzionpark.si\/?page_id=370"},"modified":"2021-01-02T12:01:06","modified_gmt":"2021-01-02T12:01:06","slug":"cookies","status":"publish","type":"page","link":"https:\/\/penzionpark.si\/de\/cookies\/","title":{"rendered":"Cookies"},"content":{"rendered":"<div data-elementor-type=\"wp-page\" data-elementor-id=\"370\" class=\"elementor elementor-370\" data-elementor-post-type=\"page\">\n\t\t\t\t\t\t<section class=\"elementor-section elementor-top-section elementor-element elementor-element-39283346 elementor-section-boxed elementor-section-height-default elementor-section-height-default\" data-id=\"39283346\" data-element_type=\"section\">\n\t\t\t\t\t\t<div class=\"elementor-container elementor-column-gap-default\">\n\t\t\t\t\t<div class=\"elementor-column elementor-col-100 elementor-top-column elementor-element elementor-element-4957148\" data-id=\"4957148\" data-element_type=\"column\">\n\t\t\t<div class=\"elementor-widget-wrap elementor-element-populated\">\n\t\t\t\t\t\t<div class=\"elementor-element elementor-element-767b1bfd elementor-widget elementor-widget-text-editor\" data-id=\"767b1bfd\" data-element_type=\"widget\" data-widget_type=\"text-editor.default\">\n\t\t\t\t<div class=\"elementor-widget-container\">\n\t\t\t\t\t\t\t<p><!-- wp:heading {\"level\":6} --><\/p>\n<p><!-- \/wp:heading --><\/p>\n<p><!-- wp:heading {\"level\":1} --><\/p>\n<h1 id=\"headline-10-142\">DATENSCHUTZERKL\u00c4RUNG<\/h1>\n<p><!-- \/wp:heading --><\/p>\n<p><!-- wp:paragraph --><\/p>\n<p><strong>Die Gesellschaft LAZEBNIK d.o.o.&nbsp;<\/strong>wahrt Ihre Privatsph\u00e4re und verpflichtet sich, Ihre personenbezogenen Daten, erworben durch das Webinformationssystem sorgf\u00e4ltig zu sch\u00fctzen und ohne Ihre Zustimmung nicht an Dritte weiterzuleiten oder zu anderen Zwecken zu verwenden. Weil im Webinformationssystem bestimmte Links zu anderen externen Websites Dritter bestehen, die in keinem direkten Zusammenhang mit unserem Unternehmen stehen, \u00fcbernehmen wir f\u00fcr den Schutz personenbezogener Daten auf solchen Websites keine Verantwortung.<\/p>\n<p><!-- \/wp:paragraph --><\/p>\n<p><!-- wp:paragraph --><\/p>\n<p><strong><strong>Die Gesellschaft LAZEBNIK<\/strong> d.o.o.<\/strong>&nbsp;verpflichtet sich, f\u00fcr den Schutz personenbezogener Daten und der Privatsph\u00e4re der Benutzer der Websites sein M\u00f6glichstes zu tun.<\/p>\n<p><!-- \/wp:paragraph --><\/p>\n<p><!-- wp:paragraph --><\/p>\n<p>Um jeden unbefugten Zugriff auf erworbene Daten oder eine Offenlegung dieser Daten zu verhindern sowie die Richtigkeit personenbezogener Daten und ihre entsprechende Verwendung sicherzustellen, verwenden wir entsprechende technische und organisatorische Verfahren f\u00fcr den Schutz der von uns gesammelten personenbezogenen Daten.<\/p>\n<p><!-- \/wp:paragraph --><\/p>\n<p><!-- wp:heading --><\/p>\n<h2>COOKIES<\/h2>\n<p><!-- \/wp:heading --><\/p>\n<p><!-- wp:heading {\"level\":3} --><\/p>\n<h3>WAS IST EIN COOKIE?<\/h3>\n<p><!-- \/wp:heading --><\/p>\n<p><!-- wp:paragraph --><\/p>\n<p>Cookies sind kleine Dateien, die Websites beim Besuch erstellen. Websites speichern Cookies auf den Ger\u00e4ten der Benutzer, um Websiteeinstellungen, Profilinformationen und andere Informationen zu identifizieren, mit denen der Benutzer auf sie zugegriffen hat. Das  Speichern von Cookies wird durch Browsereinstellungen gesteuert, die vom Benutzer ge\u00e4ndert, aktiviert oder deaktiviert werden k\u00f6nnen. Das Cookie selbst enth\u00e4lt oder sammelt keine Informationen. Cookies k\u00f6nnen unterschiedlich lang gespeichert werden, nur f\u00fcr die Dauer einer Browsersitzung oder viel l\u00e4nger. Die auf unserer Website verwendeten Cookies sammeln keine personenbezogenen Daten und k\u00f6nnen Ihren Computer, Ihr Tablet oder Ihr Mobiltelefon nicht besch\u00e4digen.<\/p>\n<p><!-- \/wp:paragraph --><\/p>\n<p><!-- wp:paragraph --><\/p>\n<p><strong>Tempor\u00e4re oder Sitzungscookies<\/strong>&nbsp;werden installiert, wenn der Benutzer den Browser \u00f6ffnet und bis zum Augenblick, bis die Sitzung endet und der Browser geschlossen wird, wodurch das Cookie gel\u00f6scht wird. Websites verwenden sie zum Speichern tempor\u00e4rer Informationen, z. B. Artikel in einem Warenkorb, f\u00fcr mehr Sicherheit beim Online-Banking usw. Da solche Cookies f\u00fcr einen kurzen Zeitraum gespeichert werden, ist ihre Invasivit\u00e4t f\u00fcr die Privatsph\u00e4re der Benutzer m\u00f6glicherweise geringer.<\/p>\n<p><!-- \/wp:paragraph --><\/p>\n<p><!-- wp:paragraph --><\/p>\n<p><strong>Permanente oder gespeicherte Cookies<\/strong>&nbsp;zum Speichern dauerhafter Besucherinformationen, ausgew\u00e4hlter Optionen, Registrierung, Seitenspracheneinstellungen, Erstellen von Benutzerprofilen, Analysieren des Datenverkehrs usw., die beim n\u00e4chsten Besuch der Website wiederverwendet werden. Die verwendeten dauerhaften Cookies bleiben auch dann gespeichert, wenn der Benutzer den Browser schlie\u00dft und die Sitzung beendet. Permanente Cookies k\u00f6nnen Tage, Monate oder sogar Jahre auf Ihrem Computer verbleiben.<\/p>\n<p><!-- \/wp:paragraph --><\/p>\n<p><!-- wp:paragraph --><\/p>\n<p class=\"translation-block\"><strong>Eigene Cookies<\/strong> sind Cookies einer Website, die vom Benutzer gerade angesehen wird und dauerhaft oder vor\u00fcbergehend verbleiben k\u00f6nnen. Websites verwenden diese Cookies, um Informationen zu speichern, die sie beim n\u00e4chsten Besuch dieser Website durch einen Benutzer wiederverwenden. Zu den verwendeten benutzerdefinierten Cookies geh\u00f6ren auch obligatorische Cookies, die zur Bereitstellung der vom Benutzer angeforderten Dienste und zum Zugriff auf sichere Bereiche der Website erforderlich sind.<\/p>\n<p class=\"translation-block\"><strong>Andere Cookies<\/strong> stammen von anderen Websites von verbundenen Unternehmen (die z. B. Werbung auf der urspr\u00fcnglichen Website anzeigen oder den Datenverkehr messen). Auf diese Weise k\u00f6nnen Dritte Daten \u00fcber Benutzer von verschiedenen Websites sammeln und f\u00fcr verschiedene Zwecke nutzen, von Werbung und Analyse bis hin zur Verbesserung ihrer Produkte. Solche Cookies stellen einen wesentlichen Eingriff in die Privatsph\u00e4re des Benutzers dar. Andere Cookies werden normalerweise beispielsweise von eingebetteten Elementen geladen, wie z. B.  Werbung, Videos und Plugins f\u00fcr soziale Netzwerke.<\/p>\n<p><!-- \/wp:paragraph --><\/p>\n<p><!-- wp:heading --><\/p>\n<h2>ZUSTIMMUNG<\/h2>\n<p><!-- \/wp:heading --><\/p>\n<p><!-- wp:paragraph --><\/p>\n<p><strong>Durch Nutzung dieser Website stimmen Sie der Voreinstellung der Cookies, welche auf ihrem Computer oder mobilen Ger\u00e4t gespeichert werden ausdr\u00fccklich zu.<\/strong><\/p>\n<p><!-- \/wp:paragraph --><\/p>\n<p><!-- wp:paragraph --><\/p>\n<p><!-- \/wp:paragraph --><\/p>\n<p><!-- wp:heading --><\/p>\n<h2>COOKIES VERWALTEN UND L\u00d6SCHEN<\/h2>\n<p><!-- \/wp:heading --><\/p>\n<p><!-- wp:paragraph --><\/p>\n<p class=\"translation-block\">Es gibt verschiedene M\u00f6glichkeiten, Ihre Cookie-Einstellungen zu verwalten und zu steuern. <strong>Durch das L\u00f6schen oder Blockieren von Cookies funktionieren einige oder alle von Ihnen besuchten Websites nicht ordnungsgem\u00e4\u00df oder gleicherma\u00dfen effektiv.<\/strong> Um Cookies zu verwalten, k\u00f6nnen Sie in den meisten Browsern alle Cookies akzeptieren oder ablehnen, nur einen bestimmten Cookie-Typ akzeptieren oder Sie werden darauf hingewiesen, dass die Website ein Cookie speichern m\u00f6chte. Sie k\u00f6nnen auch einzelne Werbe-Cookies von Drittanbietern ausschlie\u00dfen. <strong>Wenn Sie Ihre Cookie-Einstellungen in Ihrem Webbrowser \u00e4ndern, werden<\/strong> diese ge\u00e4ndert, es sei denn, Sie l\u00f6schen oder blockieren jedes Cookie einzeln.  <strong>Die \u00c4nderungen gelten f\u00fcr alle Websites,<\/strong> die Sie besuchen, nicht nur f\u00fcr unsere Websites. Sie m\u00fcssen auch Ihre Cookies f\u00fcr jeden Browser einzeln anpassen. Informationen zu Cookies finden Sie normalerweise im Men\u00fc \u201cHilfe\u201d Ihres Webbrowsers. Unten finden Sie Links zum Men\u00fc \u201cHilfe\u201d einiger unserer am h\u00e4ufigsten verwendeten Webbrowser.<\/p>\n<p><!-- \/wp:paragraph --><\/p>\n<p><!-- wp:list --><\/p>\n<ul>\n<li>&nbsp;&nbsp;&nbsp;&nbsp;&nbsp;&nbsp;<a href=\"https:\/\/support.microsoft.com\/kb\/196955\" target=\"_blank\" rel=\"noreferrer noopener\">Microsoft Internet Explorer<\/a><\/li>\n<li>&nbsp;&nbsp;&nbsp;&nbsp;&nbsp;&nbsp;<a href=\"https:\/\/support.mozilla.org\/en-US\/kb\/cookies-information-websites-store-on-your-computer?redirectlocale=en-US&amp;redirectslug=Cookies\" target=\"_blank\" rel=\"noreferrer noopener\">Mozilla Firefox<\/a><\/li>\n<li>&nbsp;&nbsp;&nbsp;&nbsp;&nbsp;&nbsp;<a href=\"https:\/\/support.google.com\/chrome\/bin\/answer.py?hl=en&amp;answer=95647\" target=\"_blank\" rel=\"noreferrer noopener\">Google Chrome<\/a><\/li>\n<li>&nbsp;&nbsp;&nbsp;&nbsp;&nbsp;&nbsp;<a href=\"https:\/\/www.apple.com\/support\/safari\/\" target=\"_blank\" rel=\"noreferrer noopener\">Apple Safari<\/a><\/li>\n<li>&nbsp;&nbsp;&nbsp;&nbsp;&nbsp;&nbsp;<a href=\"https:\/\/www.opera.com\/browser\/tutorials\/security\/privacy\/\" target=\"_blank\" rel=\"noreferrer noopener\">Opera<\/a><\/li>\n<li>&nbsp;&nbsp;&nbsp;&nbsp;&nbsp;&nbsp;<a href=\"https:\/\/support.google.com\/android\/?hl=en\" target=\"_blank\" rel=\"noreferrer noopener\">Google Android<\/a><\/li>\n<li>&nbsp;&nbsp;&nbsp;&nbsp;&nbsp;&nbsp;<a href=\"https:\/\/www.microsoft.com\/windowsphone\/en-us\/howto\/wp7\/web\/changing-privacy-and-other-browser-settings.aspx\" target=\"_blank\" rel=\"noreferrer noopener\">Windows Phone<\/a><\/li>\n<li>&nbsp;&nbsp;&nbsp;&nbsp;&nbsp;&nbsp;<a href=\"https:\/\/docs.blackberry.com\/en\/smartphone_users\/deliverables\/32004\/Browser_settings_32784_11.jsp\" target=\"_blank\" rel=\"noreferrer noopener\">Blackberry<\/a><\/li>\n<\/ul>\n<p><!-- \/wp:list --><\/p>\n<p><!-- wp:heading --><\/p>\n<h2>COOKIES VERWALTEN UND L\u00d6SCHEN<\/h2>\n<p><!-- \/wp:heading --><\/p>\n<p><!-- wp:paragraph --><\/p>\n<p>Sie k\u00f6nnen die auf unserer Website verwendeten Cookies auch deaktivieren, indem Sie den Anweisungen folgen und ein spezielles Opt-out-Browser-Add-on installieren. Installationsanweisungen finden Sie unter dem folgenden Link:<\/p>\n<p><!-- \/wp:paragraph --><\/p>\n<p><!-- wp:list --><\/p>\n<ul>\n<li>&nbsp;&nbsp;&nbsp;&nbsp;&nbsp;&nbsp;<a href=\"https:\/\/tools.google.com\/dlpage\/gaoptout\" target=\"_blank\" rel=\"noreferrer noopener\">Google Analytics<\/a><\/li>\n<\/ul>\n<p><!-- \/wp:list --><\/p>\n<p><!-- wp:paragraph --><\/p>\n<p>Wenn Sie die Cookie-Datei Ihres Browsers \u00e4ndern oder l\u00f6schen, Ihren Browser oder Ihr Ger\u00e4t \u00e4ndern oder updaten, m\u00fcssen Sie Cookies m\u00f6glicherweise wieder deaktivieren.<\/p>\n<p><!-- \/wp:paragraph --><\/p>\n<p><!-- wp:heading {\"level\":3} --><\/p>\n<h3>COOKIE-VERWALTUNG<\/h3>\n<p><!-- \/wp:heading --><\/p>\n<p><!-- wp:paragraph --><\/p>\n<p><strong>Die Gesellschaft LAZEBNIK d.o.o.<\/strong><\/p>\n<p><!-- \/wp:paragraph --><\/p>\n<p><!-- wp:paragraph --><\/p>\n<p>Zdravili\u0161ka cesta 22<br>3270 La\u0161ko<br>Phone: +386 31 750 009<br>e-mail: info@penzionpark.si<\/p>\n<p><!-- \/wp:paragraph --><\/p>\t\t\t\t\t\t<\/div>\n\t\t\t\t<\/div>\n\t\t\t\t\t<\/div>\n\t\t<\/div>\n\t\t\t\t\t<\/div>\n\t\t<\/section>\n\t\t\t\t<\/div>","protected":false},"excerpt":{"rendered":"<p>PRIVACY POLICY LAZEBNIK d.o.o.&nbsp;respects your privacy and commits to duly protect the personal data obtained through the online information system and will not supply your personal data to any third party or use it for other purposes without your permission. Because online information system contains links to other, external websites, which are not related to [&hellip;]<\/p>","protected":false},"author":1,"featured_media":0,"parent":0,"menu_order":0,"comment_status":"closed","ping_status":"closed","template":"","meta":{"footnotes":""},"class_list":["post-370","page","type-page","status-publish","hentry"],"yoast_head":"<!-- This site is optimized with the Yoast SEO plugin v25.7 - https:\/\/yoast.com\/wordpress\/plugins\/seo\/ -->\n<title>Cookies | Penzion Park - Lowest price guaranteed<\/title>\n<meta name=\"robots\" content=\"index, follow, max-snippet:-1, max-image-preview:large, max-video-preview:-1\" \/>\n<link rel=\"canonical\" href=\"https:\/\/penzionpark.si\/de\/cookies\/\" \/>\n<meta property=\"og:locale\" content=\"de_DE\" \/>\n<meta property=\"og:type\" content=\"article\" \/>\n<meta property=\"og:title\" content=\"Cookies | Penzion Park - Lowest price guaranteed\" \/>\n<meta property=\"og:description\" content=\"PRIVACY POLICY LAZEBNIK d.o.o.&nbsp;respects your privacy and commits to duly protect the personal data obtained through the online information system and will not supply your personal data to any third party or use it for other purposes without your permission. Because online information system contains links to other, external websites, which are not related to [&hellip;]\" \/>\n<meta property=\"og:url\" content=\"https:\/\/penzionpark.si\/de\/cookies\/\" \/>\n<meta property=\"og:site_name\" content=\"Penzion Park - Lowest price guaranteed\" \/>\n<meta property=\"article:publisher\" content=\"https:\/\/www.facebook.com\/PenzionParkLasko\/\" \/>\n<meta property=\"article:modified_time\" content=\"2021-01-02T12:01:06+00:00\" \/>\n<meta name=\"twitter:card\" content=\"summary_large_image\" \/>\n<meta name=\"twitter:label1\" content=\"Gesch\u00e4tzte Lesezeit\" \/>\n\t<meta name=\"twitter:data1\" content=\"4\u00a0Minuten\" \/>\n<script type=\"application\/ld+json\" class=\"yoast-schema-graph\">{\"@context\":\"https:\/\/schema.org\",\"@graph\":[{\"@type\":\"WebPage\",\"@id\":\"https:\/\/penzionpark.si\/ru\/cookies\/\",\"url\":\"https:\/\/penzionpark.si\/ru\/cookies\/\",\"name\":\"Cookies | Penzion Park - Lowest price guaranteed\",\"isPartOf\":{\"@id\":\"https:\/\/penzionpark.si\/#website\"},\"datePublished\":\"2020-06-02T06:20:21+00:00\",\"dateModified\":\"2021-01-02T12:01:06+00:00\",\"breadcrumb\":{\"@id\":\"https:\/\/penzionpark.si\/ru\/cookies\/#breadcrumb\"},\"inLanguage\":\"de\",\"potentialAction\":[{\"@type\":\"ReadAction\",\"target\":[\"https:\/\/penzionpark.si\/ru\/cookies\/\"]}]},{\"@type\":\"BreadcrumbList\",\"@id\":\"https:\/\/penzionpark.si\/ru\/cookies\/#breadcrumb\",\"itemListElement\":[{\"@type\":\"ListItem\",\"position\":1,\"name\":\"Home\",\"item\":\"https:\/\/penzionpark.si\/\"},{\"@type\":\"ListItem\",\"position\":2,\"name\":\"Cookies\"}]},{\"@type\":\"WebSite\",\"@id\":\"https:\/\/penzionpark.si\/#website\",\"url\":\"https:\/\/penzionpark.si\/\",\"name\":\"Penzion Park - Lowest price guaranteed\",\"description\":\"Family hotel in La&scaron;ko\",\"publisher\":{\"@id\":\"https:\/\/penzionpark.si\/#organization\"},\"potentialAction\":[{\"@type\":\"SearchAction\",\"target\":{\"@type\":\"EntryPoint\",\"urlTemplate\":\"https:\/\/penzionpark.si\/?s={search_term_string}\"},\"query-input\":{\"@type\":\"PropertyValueSpecification\",\"valueRequired\":true,\"valueName\":\"search_term_string\"}}],\"inLanguage\":\"de\"},{\"@type\":\"Organization\",\"@id\":\"https:\/\/penzionpark.si\/#organization\",\"name\":\"Penzion Park\",\"url\":\"https:\/\/penzionpark.si\/\",\"logo\":{\"@type\":\"ImageObject\",\"inLanguage\":\"de\",\"@id\":\"https:\/\/penzionpark.si\/#\/schema\/logo\/image\/\",\"url\":\"https:\/\/penzionpark.si\/wp-content\/uploads\/2020\/12\/Penzion-Park-favicon.png\",\"contentUrl\":\"https:\/\/penzionpark.si\/wp-content\/uploads\/2020\/12\/Penzion-Park-favicon.png\",\"width\":354,\"height\":354,\"caption\":\"Penzion Park\"},\"image\":{\"@id\":\"https:\/\/penzionpark.si\/#\/schema\/logo\/image\/\"},\"sameAs\":[\"https:\/\/www.facebook.com\/PenzionParkLasko\/\",\"https:\/\/www.instagram.com\/penzionparklasko\/\"]}]}<\/script>\n<!-- \/ Yoast SEO plugin. -->","yoast_head_json":{"title":"Cookies | Penzion Park - Lowest price guaranteed","robots":{"index":"index","follow":"follow","max-snippet":"max-snippet:-1","max-image-preview":"max-image-preview:large","max-video-preview":"max-video-preview:-1"},"canonical":"https:\/\/penzionpark.si\/de\/cookies\/","og_locale":"de_DE","og_type":"article","og_title":"Cookies | Penzion Park - Lowest price guaranteed","og_description":"PRIVACY POLICY LAZEBNIK d.o.o.&nbsp;respects your privacy and commits to duly protect the personal data obtained through the online information system and will not supply your personal data to any third party or use it for other purposes without your permission. Because online information system contains links to other, external websites, which are not related to [&hellip;]","og_url":"https:\/\/penzionpark.si\/de\/cookies\/","og_site_name":"Penzion Park - Lowest price guaranteed","article_publisher":"https:\/\/www.facebook.com\/PenzionParkLasko\/","article_modified_time":"2021-01-02T12:01:06+00:00","twitter_card":"summary_large_image","twitter_misc":{"Gesch\u00e4tzte Lesezeit":"4\u00a0Minuten"},"schema":{"@context":"https:\/\/schema.org","@graph":[{"@type":"WebPage","@id":"https:\/\/penzionpark.si\/ru\/cookies\/","url":"https:\/\/penzionpark.si\/ru\/cookies\/","name":"Cookies | Penzion Park - Lowest price guaranteed","isPartOf":{"@id":"https:\/\/penzionpark.si\/#website"},"datePublished":"2020-06-02T06:20:21+00:00","dateModified":"2021-01-02T12:01:06+00:00","breadcrumb":{"@id":"https:\/\/penzionpark.si\/ru\/cookies\/#breadcrumb"},"inLanguage":"de","potentialAction":[{"@type":"ReadAction","target":["https:\/\/penzionpark.si\/ru\/cookies\/"]}]},{"@type":"BreadcrumbList","@id":"https:\/\/penzionpark.si\/ru\/cookies\/#breadcrumb","itemListElement":[{"@type":"ListItem","position":1,"name":"Home","item":"https:\/\/penzionpark.si\/"},{"@type":"ListItem","position":2,"name":"Cookies"}]},{"@type":"WebSite","@id":"https:\/\/penzionpark.si\/#website","url":"https:\/\/penzionpark.si\/","name":"Penzion Park - Lowest price guaranteed","description":"Family hotel in La&scaron;ko","publisher":{"@id":"https:\/\/penzionpark.si\/#organization"},"potentialAction":[{"@type":"SearchAction","target":{"@type":"EntryPoint","urlTemplate":"https:\/\/penzionpark.si\/?s={search_term_string}"},"query-input":{"@type":"PropertyValueSpecification","valueRequired":true,"valueName":"search_term_string"}}],"inLanguage":"de"},{"@type":"Organization","@id":"https:\/\/penzionpark.si\/#organization","name":"Penzion Park","url":"https:\/\/penzionpark.si\/","logo":{"@type":"ImageObject","inLanguage":"de","@id":"https:\/\/penzionpark.si\/#\/schema\/logo\/image\/","url":"https:\/\/penzionpark.si\/wp-content\/uploads\/2020\/12\/Penzion-Park-favicon.png","contentUrl":"https:\/\/penzionpark.si\/wp-content\/uploads\/2020\/12\/Penzion-Park-favicon.png","width":354,"height":354,"caption":"Penzion Park"},"image":{"@id":"https:\/\/penzionpark.si\/#\/schema\/logo\/image\/"},"sameAs":["https:\/\/www.facebook.com\/PenzionParkLasko\/","https:\/\/www.instagram.com\/penzionparklasko\/"]}]}},"_links":{"self":[{"href":"https:\/\/penzionpark.si\/de\/wp-json\/wp\/v2\/pages\/370","targetHints":{"allow":["GET"]}}],"collection":[{"href":"https:\/\/penzionpark.si\/de\/wp-json\/wp\/v2\/pages"}],"about":[{"href":"https:\/\/penzionpark.si\/de\/wp-json\/wp\/v2\/types\/page"}],"author":[{"embeddable":true,"href":"https:\/\/penzionpark.si\/de\/wp-json\/wp\/v2\/users\/1"}],"replies":[{"embeddable":true,"href":"https:\/\/penzionpark.si\/de\/wp-json\/wp\/v2\/comments?post=370"}],"version-history":[{"count":0,"href":"https:\/\/penzionpark.si\/de\/wp-json\/wp\/v2\/pages\/370\/revisions"}],"wp:attachment":[{"href":"https:\/\/penzionpark.si\/de\/wp-json\/wp\/v2\/media?parent=370"}],"curies":[{"name":"wp","href":"https:\/\/api.w.org\/{rel}","templated":true}]}}