{"id":377,"date":"2020-06-02T06:32:53","date_gmt":"2020-06-02T06:32:53","guid":{"rendered":"https:\/\/penzionpark.si\/?page_id=377"},"modified":"2020-12-27T23:03:53","modified_gmt":"2020-12-27T23:03:53","slug":"terms-of-use","status":"publish","type":"page","link":"https:\/\/penzionpark.si\/de\/terms-of-use\/","title":{"rendered":"Terms of use"},"content":{"rendered":"<div data-elementor-type=\"wp-page\" data-elementor-id=\"377\" class=\"elementor elementor-377\" data-elementor-post-type=\"page\">\n\t\t\t\t\t\t<section class=\"elementor-section elementor-top-section elementor-element elementor-element-2f4e52c elementor-section-boxed elementor-section-height-default elementor-section-height-default\" data-id=\"2f4e52c\" data-element_type=\"section\">\n\t\t\t\t\t\t<div class=\"elementor-container elementor-column-gap-default\">\n\t\t\t\t\t<div class=\"elementor-column elementor-col-100 elementor-top-column elementor-element elementor-element-5be0b95e\" data-id=\"5be0b95e\" data-element_type=\"column\">\n\t\t\t<div class=\"elementor-widget-wrap elementor-element-populated\">\n\t\t\t\t\t\t<div class=\"elementor-element elementor-element-1fef2afe elementor-widget elementor-widget-text-editor\" data-id=\"1fef2afe\" data-element_type=\"widget\" data-widget_type=\"text-editor.default\">\n\t\t\t\t<div class=\"elementor-widget-container\">\n\t\t\t\t\t\t\t<p><!-- wp:heading {\"level\":1} --><\/p>\n<h1>NUTZUNGSBEDINGUNGEN<\/h1>\n<p><!-- \/wp:heading --><\/p>\n<p><!-- wp:heading --><\/p>\n<h2>RECHTLICHE BESTIMMUNGEN<\/h2>\n<p><!-- \/wp:heading --><\/p>\n<p><!-- wp:paragraph --><\/p>\n<p>Die Gesellschaft LAZEBNIK, d.o.o. wird mit der notwendigen Sorgfalt bei der Gestaltung der Webseiten versuchen, die Genauigkeit und Aktualit\u00e4t der Angaben auf den Webseiten zu gew\u00e4hrleisten, sie \u00fcbernimmt aber keine Verantwortung f\u00fcr die Genauigkeit und Ganzheitlichkeit der Daten. Alle Benutzer benutzen den ver\u00f6ffentlichten Inhalt auf eigene Verantwortung. Weder Die Gesellschaft LAZEBNIK, d.o.o. noch irgendeine andere juristische oder nat\u00fcrliche Person, die bei der Entstehung und Herstellung dieser Webseite mitgearbeitet hat, tr\u00e4gt Verantwortung f\u00fcr einen eventuellen Schaden, der aus dem Zugriff, Gebrauch oder der Unf\u00e4higkeit des Informationsgebrauchs auf diesen Webseiten stammen w\u00fcrde oder f\u00fcr Fehler oder M\u00e4ngel bei dem Inhalt.<\/p>\n<p><!-- \/wp:paragraph --><\/p>\n<p><!-- wp:paragraph --><\/p>\n<p>Alle auf der Webseite des Penzion Park ver\u00f6ffentlichten Informationen, Texte und Bilder sind im gesetzlich erlaubten Rahmen ein Gegenstand des Urheberschutzes oder einer anderen Schutzform des geistigen Eigentums. Dokumente, die auf diesen Webseiten ver\u00f6ffentlicht werden, d\u00fcrfen nur zu nichtgewerblichen Zwecken vervielf\u00e4ltigt werden, wobei alle oben genannten Warnungen \u00fcber Urheberrechte oder sonstige Rechte beibehalten werden m\u00fcssen und welche nicht zu kommerziellen Zwecken kopiert, vervielf\u00e4ltigt oder auf andere Weise verbreitet werden d\u00fcrfen. <strong>Penzion Park<\/strong> website are subject to copyright or other form of intellectual property protection. The documents published on these websites may be reproduced only for non-commercial purposes, but they are required to keep all stated warnings and copyrights or other rights, and shall not be copied, reproduced or disseminated in any other way for commercial purposes.<\/p>\n<p><!-- \/wp:paragraph --><\/p>\n<p><!-- wp:paragraph --><\/p>\n<p>Die Gesellschaft LAZEBNIK, d.o.o. beh\u00e4lt sich das Recht vor, den Inhalt von diesen Webseiten jederzeit, in jeder Weise und ungeachtet des Grundes ohne vorherige Warnung zu ver\u00e4ndern. Dabei tr\u00e4gt es keine Verantwortung f\u00fcr irgendwelche Folgen dieser Ver\u00e4nderungen.<\/p>\n<p><!-- \/wp:paragraph --><\/p>\n<p><!-- wp:heading --><\/p>\n<h2>DATENSCHUTZ UND VERWENDUNG PERS\u00d6NLICHER DATEN<\/h2>\n<p><!-- \/wp:heading --><\/p>\n<p><!-- wp:paragraph --><\/p>\n<p>Die Gesellschaft LAZEBNIK, d.o.o. wird alle erworbenen Daten \u00fcber Besucher der Webseiten gem\u00e4\u00df dem Gesetz zum Schutz personenbezogener Daten und der anderen slowenischen und europ\u00e4ischen Gesetzgebung sch\u00fctzen.&nbsp;<\/p>\n<p><!-- \/wp:paragraph --><\/p>\n<p><!-- wp:paragraph --><\/p>\n<p>Alle Details zur Verarbeitung personenbezogener Daten durch die Gesellschaft LAZEBNIK, d.o.o., Zdravili\u0161ka cesta 22, 3270 La\u0161ko, finden Sie unter&nbsp;<a href=\"https:\/\/penzionpark.si\/de\/personal-data-protection\/\">Schutz personenbezogener Daten<\/a>.<\/p>\n<p><!-- \/wp:paragraph --><\/p>\n<p><!-- wp:heading --><\/p>\n<h2>BUCHUNG DER KAPAZIT\u00c4TEN<\/h2>\n<p><!-- \/wp:heading --><\/p>\n<p><!-- wp:paragraph --><\/p>\n<p>Auf unsere Webseite bieten wir zwei Buchungsm\u00f6glichkeiten unserer Kapazit\u00e4ten an. Die erste ist das Nachfrageformular, womit uns der Benutzer die Nachfrage sendet, und wir senden ihm das Angebot. Die Nachfrage selbst bzw. unser Angebot z\u00e4hlen nicht als eine best\u00e4tigte Buchung, die Hauptbedingung f\u00fcr die G\u00fcltigkeit der Anmeldung ist n\u00e4mlich die Best\u00e4tigung der Buchung bzw. unseres Angebots vonseiten  des Benutzers bzw. K\u00e4ufers. Im Fall, dass wir die Best\u00e4tigung nicht erhalten, gilt die Buchung als nicht bestellt. Neben der erw\u00e4hnten M\u00f6glichkeit bieten wir in unserem eigenen Online-Buchungssystem auch die M\u00f6glichkeit der direkten Buchung an (nur eine Buchung, wobei der K\u00e4ufer als Absicherung seine Angaben \u00fcber die Kreditkarte eintr\u00e4gt) und Buchung und Online-Zahlung mit der Kreditkarte (im Fall der sog. Non-Refundable-Buchung \u2013 der nicht r\u00fcckzahlbaren Vorauszahlung, wo der K\u00e4ufer sofort mit der Zahlung belastet ist). In diesem Fall wird die Buchung nach der endg\u00fcltigen Zahlungsbest\u00e4tigung sofort best\u00e4tigt und bezahlt. Im Fall der Buchung und\/oder Zahlung per Internet gilt, dass der Benutzer bzw. K\u00e4ufer die Allgemeinen Bedingungen gelesen hat und damit einverstanden ist.<\/p>\n<p><!-- \/wp:paragraph --><\/p>\n<p><!-- wp:heading --><\/p>\n<h2>EINKAUFSPROZESS BZW. BUCHUNG PER INTERNET<\/h2>\n<p><!-- \/wp:heading --><\/p>\n<p><!-- wp:paragraph --><\/p>\n<p>Beim Einkaufsprozess stehen dem Benutzer (K\u00e4ufer) die folgenden technischen Schritte zur Verf\u00fcgung:<\/p>\n<p><!-- \/wp:paragraph --><\/p>\n<p><!-- wp:list --><\/p>\n<ul>\n<li>Der K\u00e4ufer w\u00e4hlt das Ankunfts \u2013 und Abreisedatum aus<\/li>\n<li>Der K\u00e4ufer die Anzahl der Personen und Kinder aus<\/li>\n<\/ul>\n<p><!-- \/wp:list --><\/p>\n<p><!-- wp:paragraph --><\/p>\n<p>Nach der gemachten Buchung bzw. Kauf bekommt der K\u00e4ufer auf seine E-Mail-Adresse eine Mitteilung \u00fcber die erfolgte Buchung und die Best\u00e4tigung der Kreditkartenbelastung (im Fall der Vorauszahlung). Die Rechnung erh\u00e4lt der K\u00e4ufer nach der erledigten Enddienstleistung, an der Rezeption des Aufenthaltsorts.<\/p>\n<p><!-- \/wp:paragraph --><\/p>\n<p><!-- wp:paragraph --><\/p>\n<p>Abh\u00e4ngig von der Zugangsweise zum Buchungssystem kann der Benutzer hierin in verschiedenen Schritten eintreten, wobei die bestimmten Buchungskriterien schon vorgew\u00e4hlt sind.<\/p>\n<p><!-- \/wp:paragraph --><\/p>\n<p><!-- wp:heading --><\/p>\n<h2>PREISE, BESCHREIBUNGEN DER PAKETE UND DIENSTLEISTUNGEN<\/h2>\n<p><!-- \/wp:heading --><\/p>\n<p><!-- wp:paragraph --><\/p>\n<p>Zur Grunddienstleistung geh\u00f6rt eine \u00dcbernachtung mit Fr\u00fchst\u00fcck. Alle Preise sind in EUR inkl. MwSt. und sind im Zeitpunkt der Auftragsbest\u00e4tigung g\u00fcltig. Wir behalten uns ohne vorherige Mitteilung das Recht auf Ver\u00e4nderungen und Fehler in den Preisen, im geschriebenen Text und Inhaltsbeschreibungen vor. Die Bilder sind symbolisch und geben nicht immer den ganzen tats\u00e4chlichen Zustand wieder.<\/p>\n<p><!-- \/wp:paragraph --><\/p>\n<p><!-- wp:heading --><\/p>\n<h2>K\u00dcNDIGUNG<\/h2>\n<p><!-- \/wp:heading --><\/p>\n<p><!-- wp:paragraph --><\/p>\n<p>Der Gast hat das Recht, eine Reservierung abzusagen. Wenn der Gast das Arrangement k\u00fcndigt, hat die Gesellschaft LAZEBNIK, d.o.o. das Recht auf Erstattung der aufgrund der K\u00fcndigung entstandenen Kosten, die im Fall der Zahlung mit der Kreditkarte per Internet, wo der K\u00e4ufer sofort mit der Zahlung belastet wird, die gesamte Zahlung betr\u00e4gt. Die H\u00f6he der Kostenr\u00fcckerstattung der Arrangement-K\u00fcndigung ist von dem Zeitpunkt abh\u00e4ngig, in dem der Gast die K\u00fcndigung vorgenommen hat und von dem ausgew\u00e4hlten Buchungstyp und der Unterbringung. Im Fall der Ver\u00e4nderung des Arrangements auf eigenen Wunsch oder wegen h\u00f6herer Gewalt, ohne dass daf\u00fcr Gr\u00fcnde aufseiten der Gesellschaft LAZEBNIK, d.o.o. wegen einer fehlerhaften Dienstleistung bestehen, hat der Gast kein Recht auf Entsch\u00e4digung oder Preiserm\u00e4\u00dfigung. Die K\u00fcndigung muss der Gast per Telefon, in schriftlicher Form oder per E-Mail an die Hoteladresse \u00fcbermitteln.<\/p>\n<p><!-- \/wp:paragraph --><\/p>\n<p><!-- wp:paragraph --><\/p>\n<p>Eine bereits best\u00e4tigte Buchung kann vom Gast ohne Entsch\u00e4digung in folgenden F\u00e4llen storniert werden:<\/p>\n<p><!-- \/wp:paragraph --><\/p>\n<p><!-- wp:list --><\/p>\n<ul>\n<li>1 Tag vor Anreise f\u00fcr bis zu zwei N\u00e4chte,<\/li>\n<li>2 Tage vor Anreise f\u00fcr bis zu 7 N\u00e4chte,<\/li>\n<li>7 Tage vor Anreise f\u00fcr Aufenthalte l\u00e4nger als 7 N\u00e4chte.<\/li>\n<\/ul>\n<p><!-- \/wp:list --><\/p>\n<p><!-- wp:paragraph --><\/p>\n<p>Bei versp\u00e4teter Stornierung oder Nichtankunft des Gastes beh\u00e4lt sich das Hotel das Recht auf eine Entsch\u00e4digung f\u00fcr das unbelegte Hotelzimmer vor, und zwar in H\u00f6he von:<\/p>\n<p><!-- \/wp:paragraph --><\/p>\n<p><!-- wp:list --><\/p>\n<ul>\n<li>1 \u00dcbernachtung f\u00fcr Buchungen bis zu 3 N\u00e4chte,<\/li>\n<li>2 \u00dcbernachtung, f\u00fcr Buchungen mehr als 3 N\u00e4chte,<\/li>\n<\/ul>\n<p><!-- \/wp:list --><\/p>\n<p><!-- wp:paragraph --><\/p>\n<p>gem\u00e4\u00df den vom Hotel f\u00fcr eine Einzelbuchung best\u00e4tigten Preisen. Bei vorzeitiger Abreise beh\u00e4lt sich das Hotel das Recht vor, Kosten in H\u00f6he von 100% des verbleibenden Aufenthalts ohne Touristengeb\u00fchr zu berechnen. Ausnahmen sind vorzeitige Abg\u00e4nge aufgrund h\u00f6herer Gewalt (Naturkatastrophen, Tod, gesundheitliche Gr\u00fcnde) gem\u00e4\u00df Vereinbarung mit der Unternehmensleitung.<\/p>\n<p><!-- \/wp:paragraph --><\/p>\n<p><!-- wp:heading --><\/p>\n<h2>ANDERE BESTIMMUNGEN<\/h2>\n<p><!-- \/wp:heading --><\/p>\n<p><!-- wp:paragraph --><\/p>\n<p>Die Gesellschaft LAZEBNIK, d.o.o. kann die Erf\u00fcllung der sich aus der Buchung ergebenden Pflichten ablehnen, wenn sie feststellt, dass die gegebene Kreditkarte nicht g\u00fcltig ist bzw. dass es um einen Missbrauch der Kreditkarte bzw. des Buchungssystems geht.<\/p>\n<p><!-- \/wp:paragraph --><\/p>\n<p><!-- wp:paragraph --><\/p>\n<p>Eventuelle Streitigkeiten zwischen den Parteien, die sich aus der Buchung oder im Zusammenhang mit der Buchung ergeben, werden im gegenseitigen Einvernehmen gel\u00f6st. Falls dies nicht m\u00f6glich ist f\u00fcr die Beilegung der Streitigkeit das Gericht in Celje zust\u00e4ndig.<strong>.<\/strong><\/p>\n<p><!-- \/wp:paragraph --><\/p>\n<p><!-- wp:heading --><\/p>\n<h2>SICHERHEIT<\/h2>\n<p><!-- \/wp:heading --><\/p>\n<p><!-- wp:paragraph --><\/p>\n<p>Der Anbieter benutzt die entsprechenden technologischen und organisatorischen Mittel um die \u00dcbermittlung und Speicherung von personenbezogenen Daten und Zahlungen zu sch\u00fctzen.  Der Anbieter verwendet zu diesem Zweck das 256-Bit-SSL-Zertifikat, das von einer autorisierten Organisation ausgestellt wurde.<\/p>\n<p><!-- \/wp:paragraph --><\/p>\n<p><!-- wp:heading --><\/p>\n<h2>SCHLUSSBESTIMMUNGEN<\/h2>\n<p><!-- \/wp:heading --><\/p>\n<p><!-- wp:paragraph --><\/p>\n<p>Die allgemeinen Bestimmungen des Kaufs bzw. der Buchung per Internet haben den Charakter eines Vertrages. Mit dem Kauf bzw. der Buchung best\u00e4tigt der Benutzer, dass er \u00fcber diese allgemeinen Bestimmungen informiert ist und dass er mit ihnen einverstanden ist. Die bezahlten Mittel k\u00f6nnen nicht in bar zur\u00fcckbezahlt werden. Eventuelle Streitigkeiten aus diesen allgemeinen Bestimmungen werden vom zust\u00e4ndigen Gericht in Celje beigelegt.<strong>.<\/strong><\/p>\n<p><!-- \/wp:paragraph --><\/p>\n<p><!-- wp:paragraph --><\/p>\n<p>Alle Preise aus dem Angebot LAZEBNIK, d.o.o. enthalten schon die Mehrwertsteuer. Im Fall von Streitigkeiten zwischen den Parteien ist das Gericht in Celje zust\u00e4ndig.<\/p>\n<p><!-- \/wp:paragraph --><\/p>\n<p><!-- wp:heading --><\/p>\n<h2>COOKIES<\/h2>\n<p><!-- \/wp:heading --><\/p>\n<p><!-- wp:paragraph --><\/p>\n<p>Wenn Sie Dienstleistungen gem\u00e4\u00df Ihren Berechtigungen buchen oder kaufen, sammeln wir auch Daten \u00fcber die Nutzung unserer Website durch Cookies und \u00e4hnliche Technologien. Weitere Informationen dar\u00fcber, wie wir diese Technologien einsetzen, finden Sie unter&nbsp;<a href=\"https:\/\/penzionpark.si\/de\/cookies\/\">Cookie-Richtlinie<\/a>.<\/p>\n<p><!-- \/wp:paragraph --><\/p>\n<p><!-- wp:heading --><\/p>\n<h2>KONTAKT<\/h2>\n<p><!-- \/wp:heading --><\/p>\n<p><!-- wp:paragraph --><\/p>\n<p><strong>Die Gesellschaft LAZEBNIK d.o.o.<\/strong>, <br>Zdravili\u0161ka cesta 22, 3270 La\u0161ko.<br><strong>Phone<\/strong>: +386 3 573 16 10<\/p>\n<p><!-- \/wp:paragraph --><\/p>\t\t\t\t\t\t<\/div>\n\t\t\t\t<\/div>\n\t\t\t\t\t<\/div>\n\t\t<\/div>\n\t\t\t\t\t<\/div>\n\t\t<\/section>\n\t\t\t\t<\/div>","protected":false},"excerpt":{"rendered":"<p>TERMS OF USE LEGAL PROVISIONS LAZEBNIK, d.o.o. shall attempt, with all due diligence, to provide accurate and up-to-date information on their website, but they do not take any responsibility for their accuracy and integrity. All users use the published content at their own responsibility. Neither LAZEBNIK, d.o.o. nor any other natural or physical entity, which [&hellip;]<\/p>","protected":false},"author":1,"featured_media":0,"parent":0,"menu_order":0,"comment_status":"closed","ping_status":"closed","template":"","meta":{"footnotes":""},"class_list":["post-377","page","type-page","status-publish","hentry"],"yoast_head":"<!-- This site is optimized with the Yoast SEO plugin v25.7 - https:\/\/yoast.com\/wordpress\/plugins\/seo\/ -->\n<title>Terms of use | Penzion Park - Lowest price guaranteed<\/title>\n<meta name=\"robots\" content=\"index, follow, max-snippet:-1, max-image-preview:large, max-video-preview:-1\" \/>\n<link rel=\"canonical\" href=\"https:\/\/penzionpark.si\/de\/terms-of-use\/\" \/>\n<meta property=\"og:locale\" content=\"de_DE\" \/>\n<meta property=\"og:type\" content=\"article\" \/>\n<meta property=\"og:title\" content=\"Terms of use | Penzion Park - Lowest price guaranteed\" \/>\n<meta property=\"og:description\" content=\"TERMS OF USE LEGAL PROVISIONS LAZEBNIK, d.o.o. shall attempt, with all due diligence, to provide accurate and up-to-date information on their website, but they do not take any responsibility for their accuracy and integrity. All users use the published content at their own responsibility. Neither LAZEBNIK, d.o.o. nor any other natural or physical entity, which [&hellip;]\" \/>\n<meta property=\"og:url\" content=\"https:\/\/penzionpark.si\/de\/terms-of-use\/\" \/>\n<meta property=\"og:site_name\" content=\"Penzion Park - Lowest price guaranteed\" \/>\n<meta property=\"article:publisher\" content=\"https:\/\/www.facebook.com\/PenzionParkLasko\/\" \/>\n<meta property=\"article:modified_time\" content=\"2020-12-27T23:03:53+00:00\" \/>\n<meta name=\"twitter:card\" content=\"summary_large_image\" \/>\n<meta name=\"twitter:label1\" content=\"Gesch\u00e4tzte Lesezeit\" \/>\n\t<meta name=\"twitter:data1\" content=\"6\u00a0Minuten\" \/>\n<script type=\"application\/ld+json\" class=\"yoast-schema-graph\">{\"@context\":\"https:\/\/schema.org\",\"@graph\":[{\"@type\":\"WebPage\",\"@id\":\"https:\/\/penzionpark.si\/sl\/terms-of-use\/\",\"url\":\"https:\/\/penzionpark.si\/sl\/terms-of-use\/\",\"name\":\"Terms of use | Penzion Park - Lowest price guaranteed\",\"isPartOf\":{\"@id\":\"https:\/\/penzionpark.si\/#website\"},\"datePublished\":\"2020-06-02T06:32:53+00:00\",\"dateModified\":\"2020-12-27T23:03:53+00:00\",\"breadcrumb\":{\"@id\":\"https:\/\/penzionpark.si\/sl\/terms-of-use\/#breadcrumb\"},\"inLanguage\":\"de\",\"potentialAction\":[{\"@type\":\"ReadAction\",\"target\":[\"https:\/\/penzionpark.si\/sl\/terms-of-use\/\"]}]},{\"@type\":\"BreadcrumbList\",\"@id\":\"https:\/\/penzionpark.si\/sl\/terms-of-use\/#breadcrumb\",\"itemListElement\":[{\"@type\":\"ListItem\",\"position\":1,\"name\":\"Home\",\"item\":\"https:\/\/penzionpark.si\/\"},{\"@type\":\"ListItem\",\"position\":2,\"name\":\"Terms of use\"}]},{\"@type\":\"WebSite\",\"@id\":\"https:\/\/penzionpark.si\/#website\",\"url\":\"https:\/\/penzionpark.si\/\",\"name\":\"Penzion Park - Lowest price guaranteed\",\"description\":\"Family hotel in La&scaron;ko\",\"publisher\":{\"@id\":\"https:\/\/penzionpark.si\/#organization\"},\"potentialAction\":[{\"@type\":\"SearchAction\",\"target\":{\"@type\":\"EntryPoint\",\"urlTemplate\":\"https:\/\/penzionpark.si\/?s={search_term_string}\"},\"query-input\":{\"@type\":\"PropertyValueSpecification\",\"valueRequired\":true,\"valueName\":\"search_term_string\"}}],\"inLanguage\":\"de\"},{\"@type\":\"Organization\",\"@id\":\"https:\/\/penzionpark.si\/#organization\",\"name\":\"Penzion Park\",\"url\":\"https:\/\/penzionpark.si\/\",\"logo\":{\"@type\":\"ImageObject\",\"inLanguage\":\"de\",\"@id\":\"https:\/\/penzionpark.si\/#\/schema\/logo\/image\/\",\"url\":\"https:\/\/penzionpark.si\/wp-content\/uploads\/2020\/12\/Penzion-Park-favicon.png\",\"contentUrl\":\"https:\/\/penzionpark.si\/wp-content\/uploads\/2020\/12\/Penzion-Park-favicon.png\",\"width\":354,\"height\":354,\"caption\":\"Penzion Park\"},\"image\":{\"@id\":\"https:\/\/penzionpark.si\/#\/schema\/logo\/image\/\"},\"sameAs\":[\"https:\/\/www.facebook.com\/PenzionParkLasko\/\",\"https:\/\/www.instagram.com\/penzionparklasko\/\"]}]}<\/script>\n<!-- \/ Yoast SEO plugin. -->","yoast_head_json":{"title":"Terms of use | Penzion Park - Lowest price guaranteed","robots":{"index":"index","follow":"follow","max-snippet":"max-snippet:-1","max-image-preview":"max-image-preview:large","max-video-preview":"max-video-preview:-1"},"canonical":"https:\/\/penzionpark.si\/de\/terms-of-use\/","og_locale":"de_DE","og_type":"article","og_title":"Terms of use | Penzion Park - Lowest price guaranteed","og_description":"TERMS OF USE LEGAL PROVISIONS LAZEBNIK, d.o.o. shall attempt, with all due diligence, to provide accurate and up-to-date information on their website, but they do not take any responsibility for their accuracy and integrity. All users use the published content at their own responsibility. Neither LAZEBNIK, d.o.o. nor any other natural or physical entity, which [&hellip;]","og_url":"https:\/\/penzionpark.si\/de\/terms-of-use\/","og_site_name":"Penzion Park - Lowest price guaranteed","article_publisher":"https:\/\/www.facebook.com\/PenzionParkLasko\/","article_modified_time":"2020-12-27T23:03:53+00:00","twitter_card":"summary_large_image","twitter_misc":{"Gesch\u00e4tzte Lesezeit":"6\u00a0Minuten"},"schema":{"@context":"https:\/\/schema.org","@graph":[{"@type":"WebPage","@id":"https:\/\/penzionpark.si\/sl\/terms-of-use\/","url":"https:\/\/penzionpark.si\/sl\/terms-of-use\/","name":"Terms of use | Penzion Park - Lowest price guaranteed","isPartOf":{"@id":"https:\/\/penzionpark.si\/#website"},"datePublished":"2020-06-02T06:32:53+00:00","dateModified":"2020-12-27T23:03:53+00:00","breadcrumb":{"@id":"https:\/\/penzionpark.si\/sl\/terms-of-use\/#breadcrumb"},"inLanguage":"de","potentialAction":[{"@type":"ReadAction","target":["https:\/\/penzionpark.si\/sl\/terms-of-use\/"]}]},{"@type":"BreadcrumbList","@id":"https:\/\/penzionpark.si\/sl\/terms-of-use\/#breadcrumb","itemListElement":[{"@type":"ListItem","position":1,"name":"Home","item":"https:\/\/penzionpark.si\/"},{"@type":"ListItem","position":2,"name":"Terms of use"}]},{"@type":"WebSite","@id":"https:\/\/penzionpark.si\/#website","url":"https:\/\/penzionpark.si\/","name":"Penzion Park - Lowest price guaranteed","description":"Family hotel in La&scaron;ko","publisher":{"@id":"https:\/\/penzionpark.si\/#organization"},"potentialAction":[{"@type":"SearchAction","target":{"@type":"EntryPoint","urlTemplate":"https:\/\/penzionpark.si\/?s={search_term_string}"},"query-input":{"@type":"PropertyValueSpecification","valueRequired":true,"valueName":"search_term_string"}}],"inLanguage":"de"},{"@type":"Organization","@id":"https:\/\/penzionpark.si\/#organization","name":"Penzion Park","url":"https:\/\/penzionpark.si\/","logo":{"@type":"ImageObject","inLanguage":"de","@id":"https:\/\/penzionpark.si\/#\/schema\/logo\/image\/","url":"https:\/\/penzionpark.si\/wp-content\/uploads\/2020\/12\/Penzion-Park-favicon.png","contentUrl":"https:\/\/penzionpark.si\/wp-content\/uploads\/2020\/12\/Penzion-Park-favicon.png","width":354,"height":354,"caption":"Penzion Park"},"image":{"@id":"https:\/\/penzionpark.si\/#\/schema\/logo\/image\/"},"sameAs":["https:\/\/www.facebook.com\/PenzionParkLasko\/","https:\/\/www.instagram.com\/penzionparklasko\/"]}]}},"_links":{"self":[{"href":"https:\/\/penzionpark.si\/de\/wp-json\/wp\/v2\/pages\/377","targetHints":{"allow":["GET"]}}],"collection":[{"href":"https:\/\/penzionpark.si\/de\/wp-json\/wp\/v2\/pages"}],"about":[{"href":"https:\/\/penzionpark.si\/de\/wp-json\/wp\/v2\/types\/page"}],"author":[{"embeddable":true,"href":"https:\/\/penzionpark.si\/de\/wp-json\/wp\/v2\/users\/1"}],"replies":[{"embeddable":true,"href":"https:\/\/penzionpark.si\/de\/wp-json\/wp\/v2\/comments?post=377"}],"version-history":[{"count":0,"href":"https:\/\/penzionpark.si\/de\/wp-json\/wp\/v2\/pages\/377\/revisions"}],"wp:attachment":[{"href":"https:\/\/penzionpark.si\/de\/wp-json\/wp\/v2\/media?parent=377"}],"curies":[{"name":"wp","href":"https:\/\/api.w.org\/{rel}","templated":true}]}}