{"id":891,"date":"2021-05-06T08:49:41","date_gmt":"2021-05-06T08:49:41","guid":{"rendered":"https:\/\/penzionpark.si\/?page_id=891"},"modified":"2021-05-07T06:34:07","modified_gmt":"2021-05-07T06:34:07","slug":"splosni-pogoji-o-najemu-teniskih-igrisc","status":"publish","type":"page","link":"https:\/\/penzionpark.si\/de\/splosni-pogoji-o-najemu-teniskih-igrisc\/","title":{"rendered":"Splo\u0161ni pogoji o najemu teni\u0161kih igri\u0161\u010d"},"content":{"rendered":"<h2 class=\"has-text-align-center wp-block-heading\">Splo\u0161ni pogoji o najemu teni\u0161kih igri\u0161\u010d<\/h2>\n\n\n\n<h4 class=\"has-text-align-center wp-block-heading\">1. \u010dlen<\/h4>\n\n\n\n<p>S teni\u0161kimi igri\u0161\u010di upravlja Lazebnik d.o.o. (v nadaljevanju: upravljavec). Splo\u0161ni pogoji so sestavni in nelo\u010dljivi del pogodbe o vsakokratnem najemu teni\u0161kih igri\u0161\u010d s strani uporabnikov v izbranem terminu, preko rezervacijskega sistema.<\/p>\n\n\n\n<h4 class=\"has-text-align-center wp-block-heading\">2. \u010dlen<\/h4>\n\n\n\n<p>Uporabnik se zavezuje pla\u010dati najemnino za najem teni\u0161kega igri\u0161\u010da v skladu z veljavnim cenikom. <\/p>\n\n\n\n<h4 class=\"has-text-align-center wp-block-heading\">3. \u010dlen<\/h4>\n\n\n\n<p>Rezervacija igri\u0161\u010da je mo\u017ena izklju\u010dno preko spletnega rezervacijskega sistema. V primeru zlorabe rezervacijskega sistema si upravljavec zadr\u017euje pravico, da uporabnika, ki bi po oceni upravljavca zlorabil rezervacijski sistem sankcionira z blokado dostopa do rezervacijskega sistema. O blokadi mora upravljavec uporabnika nemudoma obvestiti.<\/p>\n\n\n\n<h4 class=\"has-text-align-center wp-block-heading\">4. \u010dlen<\/h4>\n\n\n\n<p>Rezervacija terminov je mo\u017ena za najve\u010d 90 dni v naprej. Odpoved termina je mo\u017ena preko sporo\u010dila na email <strong>info@penzionpark.si<\/strong> ali preko SMS sporo\u010dila na telefonsko \u0161tevilko <strong>031 750 009 <\/strong>, najkasneje 4 ure pred pri\u010detkom kori\u0161\u010denja rezerviranega termina.<br>V primeru odpovedi bo uporabnik prejel potrdilo oodpovedi rezervacije, v elektronski obliki (elektronska po\u0161ta) ali v obliki SMS sporo\u010dila. <br>V primeru nepravo\u010dasne odpovedi rezervacije je uporabnik dol\u017ean poravnati stro\u0161ke rezerviranega termina, ne glede na to, da igri\u0161\u010de v izbranem terminu ni bilo kori\u0161\u010deno.<br>V primeru nenadnih slabih vremenskih pogojev, ki se pojavijo manj kot 4 ure pred pri\u010detkom igranja (de\u017e, nevihta, mo\u010dan veter), je uporabnik dol\u017ean na telefonsko \u0161tevilko 031 750 009 vobliki SMS sporo\u010dila obvestiti upravljavca o preklicu rezerviranega termina zaradi vremenskih razmer. V primeru, da uporabnik o tem ne obvesti upravljavca, je dol\u017ean poravnati stro\u0161ke najema, ne glede na to, ali je bilo igri\u0161\u010de zaradi vremenskih razmer kori\u0161\u010deno ali ne.<\/p>\n\n\n\n<h4 class=\"has-text-align-center wp-block-heading\">5. \u010dlen<\/h4>\n\n\n\n<p class=\"has-text-align-left\">Uporabniki uporabljajo teni\u0161ka igri\u0161\u010da na lastno odgovornost. V \u010dasu uporabe so vsakokratni<br>uporabniki odgovorni tudi za varnost vseh, ki se nahajajo znotraj ograjenih igri\u0161\u010d.<br><\/p>","protected":false},"excerpt":{"rendered":"<p>Splo\u0161ni pogoji o najemu teni\u0161kih igri\u0161\u010d 1. \u010dlen S teni\u0161kimi igri\u0161\u010di upravlja Lazebnik d.o.o. (v nadaljevanju: upravljavec). Splo\u0161ni pogoji so sestavni in nelo\u010dljivi del pogodbe o vsakokratnem najemu teni\u0161kih igri\u0161\u010d s strani uporabnikov v izbranem terminu, preko rezervacijskega sistema. 2. \u010dlen Uporabnik se zavezuje pla\u010dati najemnino za najem teni\u0161kega igri\u0161\u010da v skladu z veljavnim cenikom. [&hellip;]<\/p>","protected":false},"author":1,"featured_media":0,"parent":0,"menu_order":0,"comment_status":"closed","ping_status":"closed","template":"","meta":{"footnotes":""},"class_list":["post-891","page","type-page","status-publish","hentry"],"yoast_head":"<!-- This site is optimized with the Yoast SEO plugin v25.7 - https:\/\/yoast.com\/wordpress\/plugins\/seo\/ -->\n<title>Splo\u0161ni pogoji o najemu teni\u0161kih igri\u0161\u010d | Penzion Park - Lowest price guaranteed<\/title>\n<meta name=\"robots\" content=\"index, follow, max-snippet:-1, max-image-preview:large, max-video-preview:-1\" \/>\n<link rel=\"canonical\" href=\"https:\/\/penzionpark.si\/de\/splosni-pogoji-o-najemu-teniskih-igrisc\/\" \/>\n<meta property=\"og:locale\" content=\"de_DE\" \/>\n<meta property=\"og:type\" content=\"article\" \/>\n<meta property=\"og:title\" content=\"Splo\u0161ni pogoji o najemu teni\u0161kih igri\u0161\u010d | Penzion Park - Lowest price guaranteed\" \/>\n<meta property=\"og:description\" content=\"Splo\u0161ni pogoji o najemu teni\u0161kih igri\u0161\u010d 1. \u010dlen S teni\u0161kimi igri\u0161\u010di upravlja Lazebnik d.o.o. (v nadaljevanju: upravljavec). Splo\u0161ni pogoji so sestavni in nelo\u010dljivi del pogodbe o vsakokratnem najemu teni\u0161kih igri\u0161\u010d s strani uporabnikov v izbranem terminu, preko rezervacijskega sistema. 2. \u010dlen Uporabnik se zavezuje pla\u010dati najemnino za najem teni\u0161kega igri\u0161\u010da v skladu z veljavnim cenikom. [&hellip;]\" \/>\n<meta property=\"og:url\" content=\"https:\/\/penzionpark.si\/de\/splosni-pogoji-o-najemu-teniskih-igrisc\/\" \/>\n<meta property=\"og:site_name\" content=\"Penzion Park - Lowest price guaranteed\" \/>\n<meta property=\"article:publisher\" content=\"https:\/\/www.facebook.com\/PenzionParkLasko\/\" \/>\n<meta property=\"article:modified_time\" content=\"2021-05-07T06:34:07+00:00\" \/>\n<meta name=\"twitter:card\" content=\"summary_large_image\" \/>\n<meta name=\"twitter:label1\" content=\"Gesch\u00e4tzte Lesezeit\" \/>\n\t<meta name=\"twitter:data1\" content=\"2\u00a0Minuten\" \/>\n<script type=\"application\/ld+json\" class=\"yoast-schema-graph\">{\"@context\":\"https:\/\/schema.org\",\"@graph\":[{\"@type\":\"WebPage\",\"@id\":\"https:\/\/penzionpark.si\/it\/splosni-pogoji-o-najemu-teniskih-igrisc\/\",\"url\":\"https:\/\/penzionpark.si\/it\/splosni-pogoji-o-najemu-teniskih-igrisc\/\",\"name\":\"Splo\u0161ni pogoji o najemu teni\u0161kih igri\u0161\u010d | Penzion Park - Lowest price guaranteed\",\"isPartOf\":{\"@id\":\"https:\/\/penzionpark.si\/#website\"},\"datePublished\":\"2021-05-06T08:49:41+00:00\",\"dateModified\":\"2021-05-07T06:34:07+00:00\",\"breadcrumb\":{\"@id\":\"https:\/\/penzionpark.si\/it\/splosni-pogoji-o-najemu-teniskih-igrisc\/#breadcrumb\"},\"inLanguage\":\"de\",\"potentialAction\":[{\"@type\":\"ReadAction\",\"target\":[\"https:\/\/penzionpark.si\/it\/splosni-pogoji-o-najemu-teniskih-igrisc\/\"]}]},{\"@type\":\"BreadcrumbList\",\"@id\":\"https:\/\/penzionpark.si\/it\/splosni-pogoji-o-najemu-teniskih-igrisc\/#breadcrumb\",\"itemListElement\":[{\"@type\":\"ListItem\",\"position\":1,\"name\":\"Home\",\"item\":\"https:\/\/penzionpark.si\/\"},{\"@type\":\"ListItem\",\"position\":2,\"name\":\"Splo\u0161ni pogoji o najemu teni\u0161kih igri\u0161\u010d\"}]},{\"@type\":\"WebSite\",\"@id\":\"https:\/\/penzionpark.si\/#website\",\"url\":\"https:\/\/penzionpark.si\/\",\"name\":\"Penzion Park - Lowest price guaranteed\",\"description\":\"Family hotel in La&scaron;ko\",\"publisher\":{\"@id\":\"https:\/\/penzionpark.si\/#organization\"},\"potentialAction\":[{\"@type\":\"SearchAction\",\"target\":{\"@type\":\"EntryPoint\",\"urlTemplate\":\"https:\/\/penzionpark.si\/?s={search_term_string}\"},\"query-input\":{\"@type\":\"PropertyValueSpecification\",\"valueRequired\":true,\"valueName\":\"search_term_string\"}}],\"inLanguage\":\"de\"},{\"@type\":\"Organization\",\"@id\":\"https:\/\/penzionpark.si\/#organization\",\"name\":\"Penzion Park\",\"url\":\"https:\/\/penzionpark.si\/\",\"logo\":{\"@type\":\"ImageObject\",\"inLanguage\":\"de\",\"@id\":\"https:\/\/penzionpark.si\/#\/schema\/logo\/image\/\",\"url\":\"https:\/\/penzionpark.si\/wp-content\/uploads\/2020\/12\/Penzion-Park-favicon.png\",\"contentUrl\":\"https:\/\/penzionpark.si\/wp-content\/uploads\/2020\/12\/Penzion-Park-favicon.png\",\"width\":354,\"height\":354,\"caption\":\"Penzion Park\"},\"image\":{\"@id\":\"https:\/\/penzionpark.si\/#\/schema\/logo\/image\/\"},\"sameAs\":[\"https:\/\/www.facebook.com\/PenzionParkLasko\/\",\"https:\/\/www.instagram.com\/penzionparklasko\/\"]}]}<\/script>\n<!-- \/ Yoast SEO plugin. -->","yoast_head_json":{"title":"Splo\u0161ni pogoji o najemu teni\u0161kih igri\u0161\u010d | Penzion Park - Lowest price guaranteed","robots":{"index":"index","follow":"follow","max-snippet":"max-snippet:-1","max-image-preview":"max-image-preview:large","max-video-preview":"max-video-preview:-1"},"canonical":"https:\/\/penzionpark.si\/de\/splosni-pogoji-o-najemu-teniskih-igrisc\/","og_locale":"de_DE","og_type":"article","og_title":"Splo\u0161ni pogoji o najemu teni\u0161kih igri\u0161\u010d | Penzion Park - Lowest price guaranteed","og_description":"Splo\u0161ni pogoji o najemu teni\u0161kih igri\u0161\u010d 1. \u010dlen S teni\u0161kimi igri\u0161\u010di upravlja Lazebnik d.o.o. (v nadaljevanju: upravljavec). Splo\u0161ni pogoji so sestavni in nelo\u010dljivi del pogodbe o vsakokratnem najemu teni\u0161kih igri\u0161\u010d s strani uporabnikov v izbranem terminu, preko rezervacijskega sistema. 2. \u010dlen Uporabnik se zavezuje pla\u010dati najemnino za najem teni\u0161kega igri\u0161\u010da v skladu z veljavnim cenikom. [&hellip;]","og_url":"https:\/\/penzionpark.si\/de\/splosni-pogoji-o-najemu-teniskih-igrisc\/","og_site_name":"Penzion Park - Lowest price guaranteed","article_publisher":"https:\/\/www.facebook.com\/PenzionParkLasko\/","article_modified_time":"2021-05-07T06:34:07+00:00","twitter_card":"summary_large_image","twitter_misc":{"Gesch\u00e4tzte Lesezeit":"2\u00a0Minuten"},"schema":{"@context":"https:\/\/schema.org","@graph":[{"@type":"WebPage","@id":"https:\/\/penzionpark.si\/it\/splosni-pogoji-o-najemu-teniskih-igrisc\/","url":"https:\/\/penzionpark.si\/it\/splosni-pogoji-o-najemu-teniskih-igrisc\/","name":"Splo\u0161ni pogoji o najemu teni\u0161kih igri\u0161\u010d | Penzion Park - Lowest price guaranteed","isPartOf":{"@id":"https:\/\/penzionpark.si\/#website"},"datePublished":"2021-05-06T08:49:41+00:00","dateModified":"2021-05-07T06:34:07+00:00","breadcrumb":{"@id":"https:\/\/penzionpark.si\/it\/splosni-pogoji-o-najemu-teniskih-igrisc\/#breadcrumb"},"inLanguage":"de","potentialAction":[{"@type":"ReadAction","target":["https:\/\/penzionpark.si\/it\/splosni-pogoji-o-najemu-teniskih-igrisc\/"]}]},{"@type":"BreadcrumbList","@id":"https:\/\/penzionpark.si\/it\/splosni-pogoji-o-najemu-teniskih-igrisc\/#breadcrumb","itemListElement":[{"@type":"ListItem","position":1,"name":"Home","item":"https:\/\/penzionpark.si\/"},{"@type":"ListItem","position":2,"name":"Splo\u0161ni pogoji o najemu teni\u0161kih igri\u0161\u010d"}]},{"@type":"WebSite","@id":"https:\/\/penzionpark.si\/#website","url":"https:\/\/penzionpark.si\/","name":"Penzion Park - Lowest price guaranteed","description":"Family hotel in La&scaron;ko","publisher":{"@id":"https:\/\/penzionpark.si\/#organization"},"potentialAction":[{"@type":"SearchAction","target":{"@type":"EntryPoint","urlTemplate":"https:\/\/penzionpark.si\/?s={search_term_string}"},"query-input":{"@type":"PropertyValueSpecification","valueRequired":true,"valueName":"search_term_string"}}],"inLanguage":"de"},{"@type":"Organization","@id":"https:\/\/penzionpark.si\/#organization","name":"Penzion Park","url":"https:\/\/penzionpark.si\/","logo":{"@type":"ImageObject","inLanguage":"de","@id":"https:\/\/penzionpark.si\/#\/schema\/logo\/image\/","url":"https:\/\/penzionpark.si\/wp-content\/uploads\/2020\/12\/Penzion-Park-favicon.png","contentUrl":"https:\/\/penzionpark.si\/wp-content\/uploads\/2020\/12\/Penzion-Park-favicon.png","width":354,"height":354,"caption":"Penzion Park"},"image":{"@id":"https:\/\/penzionpark.si\/#\/schema\/logo\/image\/"},"sameAs":["https:\/\/www.facebook.com\/PenzionParkLasko\/","https:\/\/www.instagram.com\/penzionparklasko\/"]}]}},"_links":{"self":[{"href":"https:\/\/penzionpark.si\/de\/wp-json\/wp\/v2\/pages\/891","targetHints":{"allow":["GET"]}}],"collection":[{"href":"https:\/\/penzionpark.si\/de\/wp-json\/wp\/v2\/pages"}],"about":[{"href":"https:\/\/penzionpark.si\/de\/wp-json\/wp\/v2\/types\/page"}],"author":[{"embeddable":true,"href":"https:\/\/penzionpark.si\/de\/wp-json\/wp\/v2\/users\/1"}],"replies":[{"embeddable":true,"href":"https:\/\/penzionpark.si\/de\/wp-json\/wp\/v2\/comments?post=891"}],"version-history":[{"count":0,"href":"https:\/\/penzionpark.si\/de\/wp-json\/wp\/v2\/pages\/891\/revisions"}],"wp:attachment":[{"href":"https:\/\/penzionpark.si\/de\/wp-json\/wp\/v2\/media?parent=891"}],"curies":[{"name":"wp","href":"https:\/\/api.w.org\/{rel}","templated":true}]}}