{"id":206,"date":"2020-05-13T09:49:01","date_gmt":"2020-05-13T09:49:01","guid":{"rendered":"http:\/\/wp\/?page_id=206"},"modified":"2020-06-17T15:53:02","modified_gmt":"2020-06-17T15:53:02","slug":"history","status":"publish","type":"page","link":"https:\/\/penzionpark.si\/it\/history\/","title":{"rendered":"La nostra storia"},"content":{"rendered":"<div data-elementor-type=\"wp-page\" data-elementor-id=\"206\" class=\"elementor elementor-206\" data-elementor-post-type=\"page\">\n\t\t\t\t\t\t<section class=\"elementor-section elementor-top-section elementor-element elementor-element-fa112cb elementor-section-boxed elementor-section-height-default elementor-section-height-default\" data-id=\"fa112cb\" data-element_type=\"section\">\n\t\t\t\t\t\t<div class=\"elementor-container elementor-column-gap-default\">\n\t\t\t\t\t<div class=\"elementor-column elementor-col-50 elementor-top-column elementor-element elementor-element-26db9af\" data-id=\"26db9af\" data-element_type=\"column\">\n\t\t\t<div class=\"elementor-widget-wrap elementor-element-populated\">\n\t\t\t\t\t\t<div class=\"elementor-element elementor-element-094bbbc elementor-widget elementor-widget-text-editor\" data-id=\"094bbbc\" data-element_type=\"widget\" data-widget_type=\"text-editor.default\">\n\t\t\t\t<div class=\"elementor-widget-container\">\n\t\t\t\t\t\t\t<h1>LA NOSTRA STORIA<\/h1>\n<p>Nell\u2019area dove ora \u00e8 situato il Penzion, Park un tempo si ergeva il mulino di Zobin (conosciuto anche come il mulino di Gunzel ali Slani\u010d), che venne demolito per costruirci il Palazzo del mulino (detto anche M\u00fchlhof), e fece parte delle precedenti terme di La\u0161ko.<\/p>\n<p>Nel 1770, durante l\u2019inizio degli scavi sulla sponda destra del ruscello Re\u010dica per costruire i fondamenti del mulino di Zobin, i lavoratori scoprirono le sorgenti calde, che vennero per\u00f2 immediatamente riempite. Tuttavia, sulla riva sinistra del ruscello costruirono un\u2019edicola religiosa alla Vergine Maria in memoria alle sorgenti trovate. Purtroppo venne rimossa dopo la seconda guerra mondiale.<\/p>\n<p>Nel 1846, la famiglia Uhlich, i ricchi e importanti proprietari del complesso termale del paese Rimske Toplice, inizi\u00f2 a mostrare il proprio interesse verso le sorgenti.<\/p>\t\t\t\t\t\t<\/div>\n\t\t\t\t<\/div>\n\t\t\t\t\t<\/div>\n\t\t<\/div>\n\t\t\t\t<div class=\"elementor-column elementor-col-50 elementor-top-column elementor-element elementor-element-7ef02c9\" data-id=\"7ef02c9\" data-element_type=\"column\">\n\t\t\t<div class=\"elementor-widget-wrap elementor-element-populated\">\n\t\t\t\t\t\t<div class=\"elementor-element elementor-element-6f3df25 elementor-widget elementor-widget-image\" data-id=\"6f3df25\" data-element_type=\"widget\" data-widget_type=\"image.default\">\n\t\t\t\t<div class=\"elementor-widget-container\">\n\t\t\t\t\t\t\t\t\t\t\t\t\t<img fetchpriority=\"high\" decoding=\"async\" width=\"781\" height=\"560\" src=\"https:\/\/penzionpark.si\/wp-content\/uploads\/2020\/06\/history-2.png\" class=\"attachment-large size-large wp-image-412\" alt=\"\" srcset=\"https:\/\/penzionpark.si\/wp-content\/uploads\/2020\/06\/history-2.png 781w, https:\/\/penzionpark.si\/wp-content\/uploads\/2020\/06\/history-2-300x215.png 300w, https:\/\/penzionpark.si\/wp-content\/uploads\/2020\/06\/history-2-768x551.png 768w\" sizes=\"(max-width: 781px) 100vw, 781px\" \/>\t\t\t\t\t\t\t\t\t\t\t\t\t<\/div>\n\t\t\t\t<\/div>\n\t\t\t\t\t<\/div>\n\t\t<\/div>\n\t\t\t\t\t<\/div>\n\t\t<\/section>\n\t\t\t\t<section class=\"elementor-section elementor-top-section elementor-element elementor-element-fa08f6a elementor-section-boxed elementor-section-height-default elementor-section-height-default\" data-id=\"fa08f6a\" data-element_type=\"section\" data-settings=\"{&quot;background_background&quot;:&quot;classic&quot;}\">\n\t\t\t\t\t\t<div class=\"elementor-container elementor-column-gap-default\">\n\t\t\t\t\t<div class=\"elementor-column elementor-col-100 elementor-top-column elementor-element elementor-element-e25772a\" data-id=\"e25772a\" data-element_type=\"column\" data-settings=\"{&quot;background_background&quot;:&quot;classic&quot;}\">\n\t\t\t<div class=\"elementor-widget-wrap elementor-element-populated\">\n\t\t\t\t\t\t<div class=\"elementor-element elementor-element-bc16f70 elementor-widget elementor-widget-text-editor\" data-id=\"bc16f70\" data-element_type=\"widget\" data-widget_type=\"text-editor.default\">\n\t\t\t\t<div class=\"elementor-widget-container\">\n\t\t\t\t\t\t\t<p>\u00c8 interessante scoprire quale fu il progetto originale che l\u2019ingegnere R\u00f6del pens\u00f2 per l\u2019impianto di fonti che andava dall\u2019area del Palazzo del mulino verso le piscine: grazie a tre solide condutture in legno massiccio verticali, posizionate nelle fessure isolate montane, fece salire l\u2019acqua calda in alto, in modo da farla defluire autonomamente nelle piscine. Ma l\u2019acqua sal\u00ec solo fino a un determinato livello d\u2019altezza (a quel tempo 120 cm) rispetto al fiume Savinja. Alla fine scopr\u00ec che sarebbe stato necessario preparare uno speciale canale ermetico che avrebbe portato l\u2019acqua dalle sorgenti fino alle pompe per gli spazi superiori. Dal ruscello Re\u010dica, bisognava installare un particolare acquedotto fino alla parete settentrionale del nuovo complesso di piscine, dove venne costruita una grande ruota ad acqua in legno, grazie alla quale le pompe spingevano l\u2019acqua verso le piscine. Ecco perch\u00e9 fu costretto ad acquistare e poi a demolire il mulino di Zobin sul ruscello Re\u010dica. Nel 1853 venne inclusa anche una piscina di 18 x 5 x 1,5 metri con una capienza massima di 900 ettolitri d\u2019acqua, riempibile in quattro ore \u2013 era la pi\u00f9 grande piscina coperta della regione della Stiria di quel periodo. Invece, dall\u2019altra parte del ruscello decise di costruire la sua villa (R\u00f6delhof), dove abitava con la propria famiglia. Dietro la villa fece costruire un corridoio coperto lungo e basso con delle statue e una fontana per abbellirlo. La parte settentrionale dell\u2019edificio, con un grande giardino, fu dedicata alle attivit\u00e0 agricole. Oltre alle pareti rocciose sulla sponda destra del ruscello Re\u010dica, l\u2019ingegnere R\u00f6del costru\u00ec un edificio al piano terra chiamato Palazzo del mulino (M\u00fchlhof), che ricorda il vecchio mulino di Zobin. Il Palazzo del mulino aveva 24 camere a disposizione .<\/p>\n<p>Install\u00f2 inoltre un impianto di acquedotti privato che conduceva l\u2019acqua dal ruscello sul pendio coperto di boschi sopra la villa M\u00fchlhof, e che venne utilizzato per tutto il centro termale. Queste condutture con acqua di alta qualit\u00e0 sono tutt\u2019ora usate dal Penzion Park, dopo oltre 160 anni.<\/p>\n<p>La grotta nella roccia, dietro al Palazzo del mulino, serviva a mantenere fresche le provviste di bevande e verdura grazie alla presenza del ghiaccio, che d\u2019inverno veniva sciolto nella vicina localit\u00e0 di Lava.<\/p>\n<p>Nel cuore del Palazzo del mulino, fu costruita una torre con pianerottolo e terrazzo aperto per posizionare le bandiere. In questo edificio vivevano i membri delle diverse bande e dell\u2019orchestra di fiati con le relative famiglie, vi era anche un barbiere e un parrucchiere. Inoltre, davanti alla struttura c\u2019era un laghetto con cigni bianchi, papere e anatroccoli per dilettare gli ospiti.<\/p>\t\t\t\t\t\t<\/div>\n\t\t\t\t<\/div>\n\t\t\t\t\t<\/div>\n\t\t<\/div>\n\t\t\t\t\t<\/div>\n\t\t<\/section>\n\t\t\t\t<section class=\"elementor-section elementor-top-section elementor-element elementor-element-35af90e elementor-section-boxed elementor-section-height-default elementor-section-height-default\" data-id=\"35af90e\" data-element_type=\"section\">\n\t\t\t\t\t\t<div class=\"elementor-container elementor-column-gap-default\">\n\t\t\t\t\t<div class=\"elementor-column elementor-col-50 elementor-top-column elementor-element elementor-element-d03da3c\" data-id=\"d03da3c\" data-element_type=\"column\">\n\t\t\t<div class=\"elementor-widget-wrap elementor-element-populated\">\n\t\t\t\t\t\t<div class=\"elementor-element elementor-element-a461a6e elementor-widget elementor-widget-image\" data-id=\"a461a6e\" data-element_type=\"widget\" data-widget_type=\"image.default\">\n\t\t\t\t<div class=\"elementor-widget-container\">\n\t\t\t\t\t\t\t\t\t\t\t\t\t<img decoding=\"async\" width=\"776\" height=\"535\" src=\"https:\/\/penzionpark.si\/wp-content\/uploads\/2020\/06\/history-5.png\" class=\"attachment-large size-large wp-image-415\" alt=\"\" srcset=\"https:\/\/penzionpark.si\/wp-content\/uploads\/2020\/06\/history-5.png 776w, https:\/\/penzionpark.si\/wp-content\/uploads\/2020\/06\/history-5-300x207.png 300w, https:\/\/penzionpark.si\/wp-content\/uploads\/2020\/06\/history-5-768x529.png 768w\" sizes=\"(max-width: 776px) 100vw, 776px\" \/>\t\t\t\t\t\t\t\t\t\t\t\t\t<\/div>\n\t\t\t\t<\/div>\n\t\t\t\t\t<\/div>\n\t\t<\/div>\n\t\t\t\t<div class=\"elementor-column elementor-col-50 elementor-top-column elementor-element elementor-element-0600e01\" data-id=\"0600e01\" data-element_type=\"column\">\n\t\t\t<div class=\"elementor-widget-wrap elementor-element-populated\">\n\t\t\t\t\t\t<div class=\"elementor-element elementor-element-0f0524e elementor-widget elementor-widget-text-editor\" data-id=\"0f0524e\" data-element_type=\"widget\" data-widget_type=\"text-editor.default\">\n\t\t\t\t<div class=\"elementor-widget-container\">\n\t\t\t\t\t\t\t<p>Nel 1920 misero nuovamente in funzione lo stabilimento carbonifero di Huda jama, furono inoltre costruiti la linea ferroviaria della miniera e il tunnel attraverso le rocce del Palazzo del mulino. Per livellare la linea della miniera si riemp\u00ec l\u2019intera superficie nell\u2019area con le rocce ricavate dall\u2019estrazione.\nCos\u00ec giunge a conclusione la storia di Re\u010dica. A seguito della prima guerra mondiale, il Palazzo del mulino apr\u00ec le sue porte agli inquilini pi\u00f9 poveri, l\u2019edificio purtroppo mostrava i segni del tempo, dato che nessuno se ne prendeva pi\u00f9 cura. Nel 1927 venne demolito completamente e usando i resti del palazzo, l\u2019ingegnere Srebot costru\u00ec la propria casa a La\u0161ko.<\/p>\n<p>Fu nel 1989 che nacque l\u2019idea di rivitalizzare l\u2019area. Con l\u2019appoggio delle allora terme di Zdravili\u0161\u010da La\u0161ko fu costruito il Penzion Park, il complesso sportivo e turistico che opera dal 1994.<\/p>\n<p>Durante la fase di costruzione dell\u2019odierno Penzion Park abbiamo scoperto una galleria abbandonata della quale conserviamo ancora un pezzo di struttura di sostegno di legno.<\/p>\t\t\t\t\t\t<\/div>\n\t\t\t\t<\/div>\n\t\t\t\t\t<\/div>\n\t\t<\/div>\n\t\t\t\t\t<\/div>\n\t\t<\/section>\n\t\t\t\t<section class=\"elementor-section elementor-top-section elementor-element elementor-element-2f5aa92 elementor-section-boxed elementor-section-height-default elementor-section-height-default\" data-id=\"2f5aa92\" data-element_type=\"section\">\n\t\t\t\t\t\t<div class=\"elementor-container elementor-column-gap-default\">\n\t\t\t\t\t<div class=\"elementor-column elementor-col-100 elementor-top-column elementor-element elementor-element-61a93c9\" data-id=\"61a93c9\" data-element_type=\"column\">\n\t\t\t<div class=\"elementor-widget-wrap elementor-element-populated\">\n\t\t\t\t\t\t<div class=\"elementor-element elementor-element-a791dd3 bdt-navigation-type-arrows bdt-ep-custom-carousel-style-carousel elementor-widget elementor-widget-bdt-custom-carousel\" data-id=\"a791dd3\" data-element_type=\"widget\" data-widget_type=\"bdt-custom-carousel.default\">\n\t\t\t\t<div class=\"elementor-widget-container\">\n\t\t\t\t\t<div id=\"bdt-ep-custom-carousel-a791dd3\" class=\"bdt-ep-custom-carousel elementor-swiper bdt-skin-default bdt-arrows-align-center\" data-bdt-lightbox=\"toggle: .bdt-ep-custom-carousel-lightbox-item; animation: slide;\" data-settings=\"{&quot;autoplay&quot;:{&quot;delay&quot;:5000},&quot;loop&quot;:true,&quot;speed&quot;:500,&quot;slidesPerView&quot;:1,&quot;spaceBetween&quot;:10,&quot;effect&quot;:&quot;carousel&quot;,&quot;slidesPerGroup&quot;:1,&quot;breakpoints&quot;:{&quot;767&quot;:{&quot;slidesPerView&quot;:2,&quot;spaceBetween&quot;:10,&quot;slidesPerGroup&quot;:1},&quot;1023&quot;:{&quot;slidesPerView&quot;:3,&quot;spaceBetween&quot;:10,&quot;slidesPerGroup&quot;:1}},&quot;navigation&quot;:{&quot;nextEl&quot;:&quot;#bdt-ep-custom-carousel-a791dd3 .bdt-navigation-next&quot;,&quot;prevEl&quot;:&quot;#bdt-ep-custom-carousel-a791dd3 .bdt-navigation-prev&quot;},&quot;pagination&quot;:{&quot;el&quot;:&quot;#bdt-ep-custom-carousel-a791dd3 .swiper-pagination&quot;,&quot;type&quot;:&quot;&quot;,&quot;clickable&quot;:&quot;true&quot;,&quot;dynamicBullets&quot;:false},&quot;scrollbar&quot;:{&quot;el&quot;:&quot;#bdt-ep-custom-carousel-a791dd3 .swiper-scrollbar&quot;,&quot;hide&quot;:&quot;true&quot;},&quot;coverflowEffect&quot;:{&quot;rotate&quot;:50,&quot;stretch&quot;:0,&quot;depth&quot;:100,&quot;modifier&quot;:1,&quot;slideShadows&quot;:true}}\">\n\t\t\t<div class=\"swiper-carousel swiper\">\n\t\t\t\t<div class=\"swiper-wrapper\">\n\t\t\t\t\t\t\t\t<div class=\"swiper-slide bdt-ep-custom-carousel-item bdt-transition-toggle\">\n\t\t\t\t<a href=\"https:\/\/penzionpark.si\/wp-content\/uploads\/2020\/06\/history-6.png\" class=\"bdt-ep-custom-carousel-lightbox-item\" data-elementor-open-lightbox=\"no\" data-caption=\"\">\t\t<div class=\"bdt-ep-custom-carousel-thumbnail\" style=\"background-image: url(https:\/\/penzionpark.si\/wp-content\/uploads\/2020\/06\/history-6.png)\"><\/div>\n\n\t\t\n\t\t<\/a>\t\t\t<\/div>\n\t\t\t\t\t\t<div class=\"swiper-slide bdt-ep-custom-carousel-item bdt-transition-toggle\">\n\t\t\t\t<a href=\"https:\/\/penzionpark.si\/wp-content\/uploads\/2020\/06\/history-5.png\" class=\"bdt-ep-custom-carousel-lightbox-item\" data-elementor-open-lightbox=\"no\" data-caption=\"\">\t\t<div class=\"bdt-ep-custom-carousel-thumbnail\" style=\"background-image: url(https:\/\/penzionpark.si\/wp-content\/uploads\/2020\/06\/history-5.png)\"><\/div>\n\n\t\t\n\t\t<\/a>\t\t\t<\/div>\n\t\t\t\t\t\t<div class=\"swiper-slide bdt-ep-custom-carousel-item bdt-transition-toggle\">\n\t\t\t\t<a href=\"https:\/\/penzionpark.si\/wp-content\/uploads\/2020\/06\/history-4.png\" class=\"bdt-ep-custom-carousel-lightbox-item\" data-elementor-open-lightbox=\"no\" data-caption=\"\">\t\t<div class=\"bdt-ep-custom-carousel-thumbnail\" style=\"background-image: url(https:\/\/penzionpark.si\/wp-content\/uploads\/2020\/06\/history-4.png)\"><\/div>\n\n\t\t\n\t\t<\/a>\t\t\t<\/div>\n\t\t\t\t\t\t<div class=\"swiper-slide bdt-ep-custom-carousel-item bdt-transition-toggle\">\n\t\t\t\t<a href=\"https:\/\/penzionpark.si\/wp-content\/uploads\/2020\/06\/history-3.png\" class=\"bdt-ep-custom-carousel-lightbox-item\" data-elementor-open-lightbox=\"no\" data-caption=\"\">\t\t<div class=\"bdt-ep-custom-carousel-thumbnail\" style=\"background-image: url(https:\/\/penzionpark.si\/wp-content\/uploads\/2020\/06\/history-3.png)\"><\/div>\n\n\t\t\n\t\t<\/a>\t\t\t<\/div>\n\t\t\t\t\t\t<div class=\"swiper-slide bdt-ep-custom-carousel-item bdt-transition-toggle\">\n\t\t\t\t<a href=\"https:\/\/penzionpark.si\/wp-content\/uploads\/2020\/06\/history-2.png\" class=\"bdt-ep-custom-carousel-lightbox-item\" data-elementor-open-lightbox=\"no\" data-caption=\"\">\t\t<div class=\"bdt-ep-custom-carousel-thumbnail\" style=\"background-image: url(https:\/\/penzionpark.si\/wp-content\/uploads\/2020\/06\/history-2.png)\"><\/div>\n\n\t\t\n\t\t<\/a>\t\t\t<\/div>\n\t\t\t\t\t\t<div class=\"swiper-slide bdt-ep-custom-carousel-item bdt-transition-toggle\">\n\t\t\t\t<a href=\"https:\/\/penzionpark.si\/wp-content\/uploads\/2020\/06\/history-1.png\" class=\"bdt-ep-custom-carousel-lightbox-item\" data-elementor-open-lightbox=\"no\" data-caption=\"\">\t\t<div class=\"bdt-ep-custom-carousel-thumbnail\" style=\"background-image: url(https:\/\/penzionpark.si\/wp-content\/uploads\/2020\/06\/history-1.png)\"><\/div>\n\n\t\t\n\t\t<\/a>\t\t\t<\/div>\n\t\t\t\t\t\t\t<\/div>\n\n\t\t\t\t\n\t\t\t<\/div>\n\n\t\t\t\n\t\t\t\t\t\t\t\t\t\t\t\t\t\t\t\t\t<div class=\"bdt-position-z-index bdt-position-center bdt-visible@m\">\n\t\t\t\t<div class=\"bdt-arrows-container bdt-slidenav-container\">\n\t\t\t\t\t<div class=\"bdt-navigation-prev bdt-slidenav-previous bdt-icon bdt-slidenav\">\n\t\t\t\t\t\t<i class=\"ep-icon-arrow-left-0\" aria-hidden=\"true\"><\/i>\n\t\t\t\t\t<\/div>\n\t\t\t\t\t<div class=\"bdt-navigation-next bdt-slidenav-next bdt-icon bdt-slidenav\">\n\t\t\t\t\t\t<i class=\"ep-icon-arrow-right-0\" aria-hidden=\"true\"><\/i>\n\t\t\t\t\t<\/div>\n\t\t\t\t<\/div>\n\t\t\t<\/div>\n\t\t\t\t\t\t\n\t\t\t\n\t\t<\/div>\n\t\t\t\t<\/div>\n\t\t\t\t<\/div>\n\t\t\t\t\t<\/div>\n\t\t<\/div>\n\t\t\t\t\t<\/div>\n\t\t<\/section>\n\t\t\t\t<\/div>","protected":false},"excerpt":{"rendered":"<p>HISTORY \u2003\u2003Penzion Park\u2019s environs once hosted Zobin\u2019s Mill, also known as Gunzel\u2019s and Slani\u010d\u2019s Mill. Later, Mill Castle (M\u00fchlhof) was built as an addition to La\u0161ko Spa. \u2003\u2003When the foundations for Zobin\u2019s Mill were dug in 1770 on the right bank of Re\u010dica Brook, hot spring traces were discovered, but immediately covered with soil. In [&hellip;]<\/p>","protected":false},"author":1,"featured_media":0,"parent":0,"menu_order":0,"comment_status":"closed","ping_status":"closed","template":"","meta":{"footnotes":""},"class_list":["post-206","page","type-page","status-publish","hentry"],"yoast_head":"<!-- This site is optimized with the Yoast SEO plugin v25.7 - https:\/\/yoast.com\/wordpress\/plugins\/seo\/ -->\n<title>History | Penzion Park - Lowest price guaranteed<\/title>\n<meta name=\"robots\" content=\"index, follow, max-snippet:-1, max-image-preview:large, max-video-preview:-1\" \/>\n<link rel=\"canonical\" href=\"https:\/\/penzionpark.si\/it\/history\/\" \/>\n<meta property=\"og:locale\" content=\"it_IT\" \/>\n<meta property=\"og:type\" content=\"article\" \/>\n<meta property=\"og:title\" content=\"History | Penzion Park - Lowest price guaranteed\" \/>\n<meta property=\"og:description\" content=\"HISTORY \u2003\u2003Penzion Park\u2019s environs once hosted Zobin\u2019s Mill, also known as Gunzel\u2019s and Slani\u010d\u2019s Mill. Later, Mill Castle (M\u00fchlhof) was built as an addition to La\u0161ko Spa. \u2003\u2003When the foundations for Zobin\u2019s Mill were dug in 1770 on the right bank of Re\u010dica Brook, hot spring traces were discovered, but immediately covered with soil. In [&hellip;]\" \/>\n<meta property=\"og:url\" content=\"https:\/\/penzionpark.si\/it\/history\/\" \/>\n<meta property=\"og:site_name\" content=\"Penzion Park - Lowest price guaranteed\" \/>\n<meta property=\"article:publisher\" content=\"https:\/\/www.facebook.com\/PenzionParkLasko\/\" \/>\n<meta property=\"article:modified_time\" content=\"2020-06-17T15:53:02+00:00\" \/>\n<meta property=\"og:image\" content=\"https:\/\/penzionpark.si\/wp-content\/uploads\/2020\/06\/history-2.png\" \/>\n<meta name=\"twitter:card\" content=\"summary_large_image\" \/>\n<meta name=\"twitter:label1\" content=\"Tempo di lettura stimato\" \/>\n\t<meta name=\"twitter:data1\" content=\"3 minuti\" \/>\n<script type=\"application\/ld+json\" class=\"yoast-schema-graph\">{\"@context\":\"https:\/\/schema.org\",\"@graph\":[{\"@type\":\"WebPage\",\"@id\":\"https:\/\/penzionpark.si\/ru\/history\/\",\"url\":\"https:\/\/penzionpark.si\/ru\/history\/\",\"name\":\"History | Penzion Park - Lowest price guaranteed\",\"isPartOf\":{\"@id\":\"https:\/\/penzionpark.si\/#website\"},\"primaryImageOfPage\":{\"@id\":\"https:\/\/penzionpark.si\/ru\/history\/#primaryimage\"},\"image\":{\"@id\":\"https:\/\/penzionpark.si\/ru\/history\/#primaryimage\"},\"thumbnailUrl\":\"https:\/\/penzionpark.si\/wp-content\/uploads\/2020\/06\/history-2.png\",\"datePublished\":\"2020-05-13T09:49:01+00:00\",\"dateModified\":\"2020-06-17T15:53:02+00:00\",\"breadcrumb\":{\"@id\":\"https:\/\/penzionpark.si\/ru\/history\/#breadcrumb\"},\"inLanguage\":\"it-IT\",\"potentialAction\":[{\"@type\":\"ReadAction\",\"target\":[\"https:\/\/penzionpark.si\/ru\/history\/\"]}]},{\"@type\":\"ImageObject\",\"inLanguage\":\"it-IT\",\"@id\":\"https:\/\/penzionpark.si\/ru\/history\/#primaryimage\",\"url\":\"https:\/\/penzionpark.si\/wp-content\/uploads\/2020\/06\/history-2.png\",\"contentUrl\":\"https:\/\/penzionpark.si\/wp-content\/uploads\/2020\/06\/history-2.png\"},{\"@type\":\"BreadcrumbList\",\"@id\":\"https:\/\/penzionpark.si\/ru\/history\/#breadcrumb\",\"itemListElement\":[{\"@type\":\"ListItem\",\"position\":1,\"name\":\"Home\",\"item\":\"https:\/\/penzionpark.si\/\"},{\"@type\":\"ListItem\",\"position\":2,\"name\":\"History\"}]},{\"@type\":\"WebSite\",\"@id\":\"https:\/\/penzionpark.si\/#website\",\"url\":\"https:\/\/penzionpark.si\/\",\"name\":\"Penzion Park - Lowest price guaranteed\",\"description\":\"Family hotel in La&scaron;ko\",\"publisher\":{\"@id\":\"https:\/\/penzionpark.si\/#organization\"},\"potentialAction\":[{\"@type\":\"SearchAction\",\"target\":{\"@type\":\"EntryPoint\",\"urlTemplate\":\"https:\/\/penzionpark.si\/?s={search_term_string}\"},\"query-input\":{\"@type\":\"PropertyValueSpecification\",\"valueRequired\":true,\"valueName\":\"search_term_string\"}}],\"inLanguage\":\"it-IT\"},{\"@type\":\"Organization\",\"@id\":\"https:\/\/penzionpark.si\/#organization\",\"name\":\"Penzion Park\",\"url\":\"https:\/\/penzionpark.si\/\",\"logo\":{\"@type\":\"ImageObject\",\"inLanguage\":\"it-IT\",\"@id\":\"https:\/\/penzionpark.si\/#\/schema\/logo\/image\/\",\"url\":\"https:\/\/penzionpark.si\/wp-content\/uploads\/2020\/12\/Penzion-Park-favicon.png\",\"contentUrl\":\"https:\/\/penzionpark.si\/wp-content\/uploads\/2020\/12\/Penzion-Park-favicon.png\",\"width\":354,\"height\":354,\"caption\":\"Penzion Park\"},\"image\":{\"@id\":\"https:\/\/penzionpark.si\/#\/schema\/logo\/image\/\"},\"sameAs\":[\"https:\/\/www.facebook.com\/PenzionParkLasko\/\",\"https:\/\/www.instagram.com\/penzionparklasko\/\"]}]}<\/script>\n<!-- \/ Yoast SEO plugin. -->","yoast_head_json":{"title":"History | Penzion Park - Lowest price guaranteed","robots":{"index":"index","follow":"follow","max-snippet":"max-snippet:-1","max-image-preview":"max-image-preview:large","max-video-preview":"max-video-preview:-1"},"canonical":"https:\/\/penzionpark.si\/it\/history\/","og_locale":"it_IT","og_type":"article","og_title":"History | Penzion Park - Lowest price guaranteed","og_description":"HISTORY \u2003\u2003Penzion Park\u2019s environs once hosted Zobin\u2019s Mill, also known as Gunzel\u2019s and Slani\u010d\u2019s Mill. Later, Mill Castle (M\u00fchlhof) was built as an addition to La\u0161ko Spa. \u2003\u2003When the foundations for Zobin\u2019s Mill were dug in 1770 on the right bank of Re\u010dica Brook, hot spring traces were discovered, but immediately covered with soil. In [&hellip;]","og_url":"https:\/\/penzionpark.si\/it\/history\/","og_site_name":"Penzion Park - Lowest price guaranteed","article_publisher":"https:\/\/www.facebook.com\/PenzionParkLasko\/","article_modified_time":"2020-06-17T15:53:02+00:00","og_image":[{"url":"https:\/\/penzionpark.si\/wp-content\/uploads\/2020\/06\/history-2.png","type":"","width":"","height":""}],"twitter_card":"summary_large_image","twitter_misc":{"Tempo di lettura stimato":"3 minuti"},"schema":{"@context":"https:\/\/schema.org","@graph":[{"@type":"WebPage","@id":"https:\/\/penzionpark.si\/ru\/history\/","url":"https:\/\/penzionpark.si\/ru\/history\/","name":"History | Penzion Park - Lowest price guaranteed","isPartOf":{"@id":"https:\/\/penzionpark.si\/#website"},"primaryImageOfPage":{"@id":"https:\/\/penzionpark.si\/ru\/history\/#primaryimage"},"image":{"@id":"https:\/\/penzionpark.si\/ru\/history\/#primaryimage"},"thumbnailUrl":"https:\/\/penzionpark.si\/wp-content\/uploads\/2020\/06\/history-2.png","datePublished":"2020-05-13T09:49:01+00:00","dateModified":"2020-06-17T15:53:02+00:00","breadcrumb":{"@id":"https:\/\/penzionpark.si\/ru\/history\/#breadcrumb"},"inLanguage":"it-IT","potentialAction":[{"@type":"ReadAction","target":["https:\/\/penzionpark.si\/ru\/history\/"]}]},{"@type":"ImageObject","inLanguage":"it-IT","@id":"https:\/\/penzionpark.si\/ru\/history\/#primaryimage","url":"https:\/\/penzionpark.si\/wp-content\/uploads\/2020\/06\/history-2.png","contentUrl":"https:\/\/penzionpark.si\/wp-content\/uploads\/2020\/06\/history-2.png"},{"@type":"BreadcrumbList","@id":"https:\/\/penzionpark.si\/ru\/history\/#breadcrumb","itemListElement":[{"@type":"ListItem","position":1,"name":"Home","item":"https:\/\/penzionpark.si\/"},{"@type":"ListItem","position":2,"name":"History"}]},{"@type":"WebSite","@id":"https:\/\/penzionpark.si\/#website","url":"https:\/\/penzionpark.si\/","name":"Penzion Park - Lowest price guaranteed","description":"Family hotel in La&scaron;ko","publisher":{"@id":"https:\/\/penzionpark.si\/#organization"},"potentialAction":[{"@type":"SearchAction","target":{"@type":"EntryPoint","urlTemplate":"https:\/\/penzionpark.si\/?s={search_term_string}"},"query-input":{"@type":"PropertyValueSpecification","valueRequired":true,"valueName":"search_term_string"}}],"inLanguage":"it-IT"},{"@type":"Organization","@id":"https:\/\/penzionpark.si\/#organization","name":"Penzion Park","url":"https:\/\/penzionpark.si\/","logo":{"@type":"ImageObject","inLanguage":"it-IT","@id":"https:\/\/penzionpark.si\/#\/schema\/logo\/image\/","url":"https:\/\/penzionpark.si\/wp-content\/uploads\/2020\/12\/Penzion-Park-favicon.png","contentUrl":"https:\/\/penzionpark.si\/wp-content\/uploads\/2020\/12\/Penzion-Park-favicon.png","width":354,"height":354,"caption":"Penzion Park"},"image":{"@id":"https:\/\/penzionpark.si\/#\/schema\/logo\/image\/"},"sameAs":["https:\/\/www.facebook.com\/PenzionParkLasko\/","https:\/\/www.instagram.com\/penzionparklasko\/"]}]}},"_links":{"self":[{"href":"https:\/\/penzionpark.si\/it\/wp-json\/wp\/v2\/pages\/206","targetHints":{"allow":["GET"]}}],"collection":[{"href":"https:\/\/penzionpark.si\/it\/wp-json\/wp\/v2\/pages"}],"about":[{"href":"https:\/\/penzionpark.si\/it\/wp-json\/wp\/v2\/types\/page"}],"author":[{"embeddable":true,"href":"https:\/\/penzionpark.si\/it\/wp-json\/wp\/v2\/users\/1"}],"replies":[{"embeddable":true,"href":"https:\/\/penzionpark.si\/it\/wp-json\/wp\/v2\/comments?post=206"}],"version-history":[{"count":0,"href":"https:\/\/penzionpark.si\/it\/wp-json\/wp\/v2\/pages\/206\/revisions"}],"wp:attachment":[{"href":"https:\/\/penzionpark.si\/it\/wp-json\/wp\/v2\/media?parent=206"}],"curies":[{"name":"wp","href":"https:\/\/api.w.org\/{rel}","templated":true}]}}