{"id":370,"date":"2020-06-02T06:20:21","date_gmt":"2020-06-02T06:20:21","guid":{"rendered":"https:\/\/penzionpark.si\/?page_id=370"},"modified":"2021-01-02T12:01:06","modified_gmt":"2021-01-02T12:01:06","slug":"cookies","status":"publish","type":"page","link":"https:\/\/penzionpark.si\/it\/cookies\/","title":{"rendered":"Cookies"},"content":{"rendered":"<div data-elementor-type=\"wp-page\" data-elementor-id=\"370\" class=\"elementor elementor-370\" data-elementor-post-type=\"page\">\n\t\t\t\t\t\t<section class=\"elementor-section elementor-top-section elementor-element elementor-element-39283346 elementor-section-boxed elementor-section-height-default elementor-section-height-default\" data-id=\"39283346\" data-element_type=\"section\">\n\t\t\t\t\t\t<div class=\"elementor-container elementor-column-gap-default\">\n\t\t\t\t\t<div class=\"elementor-column elementor-col-100 elementor-top-column elementor-element elementor-element-4957148\" data-id=\"4957148\" data-element_type=\"column\">\n\t\t\t<div class=\"elementor-widget-wrap elementor-element-populated\">\n\t\t\t\t\t\t<div class=\"elementor-element elementor-element-767b1bfd elementor-widget elementor-widget-text-editor\" data-id=\"767b1bfd\" data-element_type=\"widget\" data-widget_type=\"text-editor.default\">\n\t\t\t\t<div class=\"elementor-widget-container\">\n\t\t\t\t\t\t\t<p><!-- wp:heading {\"level\":6} --><\/p>\n<p><!-- \/wp:heading --><\/p>\n<p><!-- wp:heading {\"level\":1} --><\/p>\n<h1 id=\"headline-10-142\">POLITICA SULLA PRIVACY<\/h1>\n<p><!-- \/wp:heading --><\/p>\n<p><!-- wp:paragraph --><\/p>\n<p><strong>La LAZEBNIK d.o.o.&nbsp;<\/strong>rispetta la vostra privacy e si impegna di proteggere i dati personali ottenuti attraverso il sistema di informazioni online e di non trasmetterle a terzi n\u00e9 di utilizzarle per altri scopi senza il vostro consenso. Poich\u00e9 esistono determinati collegamenti, nel sistema di informazioni Web, con altri siti esterni che non sono correlati alla nostra azienda, non ci assumiamo alcuna responsabilit\u00e0 per la protezione dei dati su questi siti.<\/p>\n<p><!-- \/wp:paragraph --><\/p>\n<p><!-- wp:paragraph --><\/p>\n<p><strong><strong>La LAZEBNIK<\/strong> d.o.o.<\/strong>&nbsp;si impegna di proteggere i dati e la privacy dei visitatori del sito Web al meglio delle proprie capacit\u00e0.<\/p>\n<p><!-- \/wp:paragraph --><\/p>\n<p><!-- wp:paragraph --><\/p>\n<p>Al fine di prevenire l\u2019accesso o la divulgazione non autorizzati dei dati ottenuti, per mantenere l\u2019accuratezza dei dati personali e per garantirne il corretto utilizzo, utilizziamo procedure tecniche e organizzative adeguate per salvaguardare i dati che raccogliamo.<\/p>\n<p><!-- \/wp:paragraph --><\/p>\n<p><!-- wp:heading --><\/p>\n<h2>COOKIE<\/h2>\n<p><!-- \/wp:heading --><\/p>\n<p><!-- wp:heading {\"level\":3} --><\/p>\n<h3>COSA SONO I COOKIE?<\/h3>\n<p><!-- \/wp:heading --><\/p>\n<p><!-- wp:paragraph --><\/p>\n<p>I cookie sono file che i siti Web creano quando vengono visitati. I siti Web memorizzano i cookie sui dispositivi degli utenti per identificare le impostazioni del sito, le informazioni sul profilo e altre informazioni che l\u2019utente ha utilizzato per accedervi. La loro memorizzazione \u00e8 controllata dalle impostazioni del browser che l\u2019utente pu\u00f2 modificare, quindi abilitare o disabilitare. Il cookie stesso non contiene n\u00e9 raccoglie informazioni. I cookie possono essere memorizzati per periodi diversi: solo per la durata della sessione di navigazione o per molto pi\u00f9 tempo. I cookie che utilizziamo sul nostro sito non raccolgono le vostre informazioni personali tramite cui potreste venir identificati e non possono danneggiare il vostro computer, tablet o telefono cellulare.<\/p>\n<p><!-- \/wp:paragraph --><\/p>\n<p><!-- wp:paragraph --><\/p>\n<p><strong>I cookie di sessione<\/strong>&nbsp;vengono installati quando l\u2019utente apre il browser ed eliminati al termine della sessione e alla chiusura del browser. I siti Web li usano per salvare informazioni temporanee, come gli articoli in un carrello o per una maggiore sicurezza nell\u2019online banking e sim. Poich\u00e9 tali cookie sono conservati per un breve periodo di tempo, la loro invasivit\u00e0 per la privacy degli utenti pu\u00f2 essere inferiore.<\/p>\n<p><!-- \/wp:paragraph --><\/p>\n<p><!-- wp:paragraph --><\/p>\n<p><strong>I cookie persistenti<\/strong>&nbsp;servono alla memorizzazione di informazioni sulla visita del sito, sulle opzioni selezionate, sulla registrazione, sulle impostazioni della lingua, sulla creazione di profili utente, analisi del traffico, ecc. Che verranno riutilizzati alla successiva visita del sito. I cookie persistenti utilizzati rimangono memorizzati anche quando l\u2019utente chiude il browser e termina la sessione. I cookie persistenti possono rimanere nel vostro dispositivo per giorni, mesi o addirittura anni.<\/p>\n<p><!-- \/wp:paragraph --><\/p>\n<p><!-- wp:paragraph --><\/p>\n<p class=\"translation-block\"><strong>I cookie di prima parte<\/strong> sono cookie sul sito Web visualizzato dall\u2019utente e possono essere persistenti o di sessione. I siti Web utilizzano questi cookie per memorizzare informazioni che verranno riutilizzate la volta successiva che un utente visiter\u00e0 questo sito. I cookie di prima parte includono anche i cookie obbligatori indispensabili per fornire i servizi richiesti dall\u2019utente e l\u2019accesso alle aree sicure del sito Web.<\/p>\n<p class=\"translation-block\"><strong>I cookie di terza parte<\/strong> provengono da altri siti Web affiliati (che, ad esempio, espongono annunci sul sito Web originale o misurano il traffico). In questo modo, terze parti possono raccogliere dati sugli utenti da diversi siti Web e utilizzarli per scopi diversi, dalla pubblicit\u00e0 e dall\u2019analisi al miglioramento dei loro prodotti. Questi cookie rappresentano una maggiore intrusione nella privacy dell\u2019utente. I cookie di terza parte vengono generalmente caricati da elementi incorporati, ad esempio annunci, video e plug-in dei social network.<\/p>\n<p><!-- \/wp:paragraph --><\/p>\n<p><!-- wp:heading --><\/p>\n<h2>INFORMATIVA<\/h2>\n<p><!-- \/wp:heading --><\/p>\n<p><!-- wp:paragraph --><\/p>\n<p><strong>Utilizzando questo sito, accetti che questo sito imposti i cookie sul tuo computer o dispositivo mobile.<\/strong><\/p>\n<p><!-- \/wp:paragraph --><\/p>\n<p><!-- wp:paragraph --><\/p>\n<p><!-- \/wp:paragraph --><\/p>\n<p><!-- wp:heading --><\/p>\n<h2>GESTIONE E CANCELLAMENTO DEI COOKIE<\/h2>\n<p><!-- \/wp:heading --><\/p>\n<p><!-- wp:paragraph --><\/p>\n<p class=\"translation-block\">Esistono diversi modi per gestire e controllare le vostre impostazioni dei cookie. <strong>Eliminando o bloccando i cookie, alcuni o tutti i siti Web che visiterete non funzioneranno correttamente o in modo altrettanto efficace.<\/strong> Per gestire i cookie, la maggior parte dei browser consente di accettare o rifiutare tutti i cookie, accettare solo un tipo specifico di cookie o avvisare l\u2019utente che un sito desidera salvare un cookie. Si possono anche escludere singoli cookie pubblicitari di terze parti. <strong>Se modificate le impostazioni dei cookie sul vostro browser web<\/strong> \u2013 a meno che non eliminiate o blocchiate singolarmente ciascun cookie \u2013 <strong>le modifiche verranno applicate a tutti i siti Web visitati, non solo ai nostri siti.<\/strong> Sar\u00e0 inoltre necessario personalizzare i cookie per ciascun browser. Le informazioni sui cookie si trovano di solito nella sezione \u201cGuida\u201d del browser Web. Di seguito sono riportati i collegamenti alla sezione \u201cGuida\u201d di alcuni dei nostri browser Web pi\u00f9 comunemente utilizzati:<\/p>\n<p><!-- \/wp:paragraph --><\/p>\n<p><!-- wp:list --><\/p>\n<ul>\n<li>&nbsp;&nbsp;&nbsp;&nbsp;&nbsp;&nbsp;<a href=\"https:\/\/support.microsoft.com\/kb\/196955\" target=\"_blank\" rel=\"noreferrer noopener\">Microsoft Internet Explorer<\/a><\/li>\n<li>&nbsp;&nbsp;&nbsp;&nbsp;&nbsp;&nbsp;<a href=\"https:\/\/support.mozilla.org\/en-US\/kb\/cookies-information-websites-store-on-your-computer?redirectlocale=en-US&amp;redirectslug=Cookies\" target=\"_blank\" rel=\"noreferrer noopener\">Mozilla Firefox<\/a><\/li>\n<li>&nbsp;&nbsp;&nbsp;&nbsp;&nbsp;&nbsp;<a href=\"https:\/\/support.google.com\/chrome\/bin\/answer.py?hl=en&amp;answer=95647\" target=\"_blank\" rel=\"noreferrer noopener\">Google Chrome<\/a><\/li>\n<li>&nbsp;&nbsp;&nbsp;&nbsp;&nbsp;&nbsp;<a href=\"https:\/\/www.apple.com\/support\/safari\/\" target=\"_blank\" rel=\"noreferrer noopener\">Apple Safari<\/a><\/li>\n<li>&nbsp;&nbsp;&nbsp;&nbsp;&nbsp;&nbsp;<a href=\"https:\/\/www.opera.com\/browser\/tutorials\/security\/privacy\/\" target=\"_blank\" rel=\"noreferrer noopener\">Opera<\/a><\/li>\n<li>&nbsp;&nbsp;&nbsp;&nbsp;&nbsp;&nbsp;<a href=\"https:\/\/support.google.com\/android\/?hl=en\" target=\"_blank\" rel=\"noreferrer noopener\">Google Android<\/a><\/li>\n<li>&nbsp;&nbsp;&nbsp;&nbsp;&nbsp;&nbsp;<a href=\"https:\/\/www.microsoft.com\/windowsphone\/en-us\/howto\/wp7\/web\/changing-privacy-and-other-browser-settings.aspx\" target=\"_blank\" rel=\"noreferrer noopener\">Windows Phone<\/a><\/li>\n<li>&nbsp;&nbsp;&nbsp;&nbsp;&nbsp;&nbsp;<a href=\"https:\/\/docs.blackberry.com\/en\/smartphone_users\/deliverables\/32004\/Browser_settings_32784_11.jsp\" target=\"_blank\" rel=\"noreferrer noopener\">Blackberry<\/a><\/li>\n<\/ul>\n<p><!-- \/wp:list --><\/p>\n<p><!-- wp:heading --><\/p>\n<h2>COME BLOCCARE I COOKIE DA ALTRE PARTI<\/h2>\n<p><!-- \/wp:heading --><\/p>\n<p><!-- wp:paragraph --><\/p>\n<p>I cookie utilizzati sul nostro sito si possono disabilitare seguendo le istruzioni e installando una speciale aggiunta (Opt-out Browser Add-on). Le istruzioni di installazione si trovano al seguente link:<\/p>\n<p><!-- \/wp:paragraph --><\/p>\n<p><!-- wp:list --><\/p>\n<ul>\n<li>&nbsp;&nbsp;&nbsp;&nbsp;&nbsp;&nbsp;<a href=\"https:\/\/tools.google.com\/dlpage\/gaoptout\" target=\"_blank\" rel=\"noreferrer noopener\">Google Analytics<\/a><\/li>\n<\/ul>\n<p><!-- \/wp:list --><\/p>\n<p><!-- wp:paragraph --><\/p>\n<p>La successiva modifica o l\u2019eliminazione del file dei cookie del browser, oppure la modifica o il aggiornamento del browser o del dispositivo, potrebbero nuovamente richiedere la disattivazione dei cookie.<\/p>\n<p><!-- \/wp:paragraph --><\/p>\n<p><!-- wp:heading {\"level\":3} --><\/p>\n<h3>GESTORE DEI COOKIE<\/h3>\n<p><!-- \/wp:heading --><\/p>\n<p><!-- wp:paragraph --><\/p>\n<p><strong>La LAZEBNIK d.o.o.<\/strong><\/p>\n<p><!-- \/wp:paragraph --><\/p>\n<p><!-- wp:paragraph --><\/p>\n<p>Zdravili\u0161ka cesta 22<br>3270 La\u0161ko<br>Phone: +386 31 750 009<br>e-mail: info@penzionpark.si<\/p>\n<p><!-- \/wp:paragraph --><\/p>\t\t\t\t\t\t<\/div>\n\t\t\t\t<\/div>\n\t\t\t\t\t<\/div>\n\t\t<\/div>\n\t\t\t\t\t<\/div>\n\t\t<\/section>\n\t\t\t\t<\/div>","protected":false},"excerpt":{"rendered":"<p>PRIVACY POLICY LAZEBNIK d.o.o.&nbsp;respects your privacy and commits to duly protect the personal data obtained through the online information system and will not supply your personal data to any third party or use it for other purposes without your permission. Because online information system contains links to other, external websites, which are not related to [&hellip;]<\/p>","protected":false},"author":1,"featured_media":0,"parent":0,"menu_order":0,"comment_status":"closed","ping_status":"closed","template":"","meta":{"footnotes":""},"class_list":["post-370","page","type-page","status-publish","hentry"],"yoast_head":"<!-- This site is optimized with the Yoast SEO plugin v25.7 - https:\/\/yoast.com\/wordpress\/plugins\/seo\/ -->\n<title>Cookies | Penzion Park - Lowest price guaranteed<\/title>\n<meta name=\"robots\" content=\"index, follow, max-snippet:-1, max-image-preview:large, max-video-preview:-1\" \/>\n<link rel=\"canonical\" href=\"https:\/\/penzionpark.si\/it\/cookies\/\" \/>\n<meta property=\"og:locale\" content=\"it_IT\" \/>\n<meta property=\"og:type\" content=\"article\" \/>\n<meta property=\"og:title\" content=\"Cookies | Penzion Park - Lowest price guaranteed\" \/>\n<meta property=\"og:description\" content=\"PRIVACY POLICY LAZEBNIK d.o.o.&nbsp;respects your privacy and commits to duly protect the personal data obtained through the online information system and will not supply your personal data to any third party or use it for other purposes without your permission. Because online information system contains links to other, external websites, which are not related to [&hellip;]\" \/>\n<meta property=\"og:url\" content=\"https:\/\/penzionpark.si\/it\/cookies\/\" \/>\n<meta property=\"og:site_name\" content=\"Penzion Park - Lowest price guaranteed\" \/>\n<meta property=\"article:publisher\" content=\"https:\/\/www.facebook.com\/PenzionParkLasko\/\" \/>\n<meta property=\"article:modified_time\" content=\"2021-01-02T12:01:06+00:00\" \/>\n<meta name=\"twitter:card\" content=\"summary_large_image\" \/>\n<meta name=\"twitter:label1\" content=\"Tempo di lettura stimato\" \/>\n\t<meta name=\"twitter:data1\" content=\"4 minuti\" \/>\n<script type=\"application\/ld+json\" class=\"yoast-schema-graph\">{\"@context\":\"https:\/\/schema.org\",\"@graph\":[{\"@type\":\"WebPage\",\"@id\":\"https:\/\/penzionpark.si\/ru\/cookies\/\",\"url\":\"https:\/\/penzionpark.si\/ru\/cookies\/\",\"name\":\"Cookies | Penzion Park - Lowest price guaranteed\",\"isPartOf\":{\"@id\":\"https:\/\/penzionpark.si\/#website\"},\"datePublished\":\"2020-06-02T06:20:21+00:00\",\"dateModified\":\"2021-01-02T12:01:06+00:00\",\"breadcrumb\":{\"@id\":\"https:\/\/penzionpark.si\/ru\/cookies\/#breadcrumb\"},\"inLanguage\":\"it-IT\",\"potentialAction\":[{\"@type\":\"ReadAction\",\"target\":[\"https:\/\/penzionpark.si\/ru\/cookies\/\"]}]},{\"@type\":\"BreadcrumbList\",\"@id\":\"https:\/\/penzionpark.si\/ru\/cookies\/#breadcrumb\",\"itemListElement\":[{\"@type\":\"ListItem\",\"position\":1,\"name\":\"Home\",\"item\":\"https:\/\/penzionpark.si\/\"},{\"@type\":\"ListItem\",\"position\":2,\"name\":\"Cookies\"}]},{\"@type\":\"WebSite\",\"@id\":\"https:\/\/penzionpark.si\/#website\",\"url\":\"https:\/\/penzionpark.si\/\",\"name\":\"Penzion Park - Lowest price guaranteed\",\"description\":\"Family hotel in La&scaron;ko\",\"publisher\":{\"@id\":\"https:\/\/penzionpark.si\/#organization\"},\"potentialAction\":[{\"@type\":\"SearchAction\",\"target\":{\"@type\":\"EntryPoint\",\"urlTemplate\":\"https:\/\/penzionpark.si\/?s={search_term_string}\"},\"query-input\":{\"@type\":\"PropertyValueSpecification\",\"valueRequired\":true,\"valueName\":\"search_term_string\"}}],\"inLanguage\":\"it-IT\"},{\"@type\":\"Organization\",\"@id\":\"https:\/\/penzionpark.si\/#organization\",\"name\":\"Penzion Park\",\"url\":\"https:\/\/penzionpark.si\/\",\"logo\":{\"@type\":\"ImageObject\",\"inLanguage\":\"it-IT\",\"@id\":\"https:\/\/penzionpark.si\/#\/schema\/logo\/image\/\",\"url\":\"https:\/\/penzionpark.si\/wp-content\/uploads\/2020\/12\/Penzion-Park-favicon.png\",\"contentUrl\":\"https:\/\/penzionpark.si\/wp-content\/uploads\/2020\/12\/Penzion-Park-favicon.png\",\"width\":354,\"height\":354,\"caption\":\"Penzion Park\"},\"image\":{\"@id\":\"https:\/\/penzionpark.si\/#\/schema\/logo\/image\/\"},\"sameAs\":[\"https:\/\/www.facebook.com\/PenzionParkLasko\/\",\"https:\/\/www.instagram.com\/penzionparklasko\/\"]}]}<\/script>\n<!-- \/ Yoast SEO plugin. -->","yoast_head_json":{"title":"Cookies | Penzion Park - Lowest price guaranteed","robots":{"index":"index","follow":"follow","max-snippet":"max-snippet:-1","max-image-preview":"max-image-preview:large","max-video-preview":"max-video-preview:-1"},"canonical":"https:\/\/penzionpark.si\/it\/cookies\/","og_locale":"it_IT","og_type":"article","og_title":"Cookies | Penzion Park - Lowest price guaranteed","og_description":"PRIVACY POLICY LAZEBNIK d.o.o.&nbsp;respects your privacy and commits to duly protect the personal data obtained through the online information system and will not supply your personal data to any third party or use it for other purposes without your permission. Because online information system contains links to other, external websites, which are not related to [&hellip;]","og_url":"https:\/\/penzionpark.si\/it\/cookies\/","og_site_name":"Penzion Park - Lowest price guaranteed","article_publisher":"https:\/\/www.facebook.com\/PenzionParkLasko\/","article_modified_time":"2021-01-02T12:01:06+00:00","twitter_card":"summary_large_image","twitter_misc":{"Tempo di lettura stimato":"4 minuti"},"schema":{"@context":"https:\/\/schema.org","@graph":[{"@type":"WebPage","@id":"https:\/\/penzionpark.si\/ru\/cookies\/","url":"https:\/\/penzionpark.si\/ru\/cookies\/","name":"Cookies | Penzion Park - Lowest price guaranteed","isPartOf":{"@id":"https:\/\/penzionpark.si\/#website"},"datePublished":"2020-06-02T06:20:21+00:00","dateModified":"2021-01-02T12:01:06+00:00","breadcrumb":{"@id":"https:\/\/penzionpark.si\/ru\/cookies\/#breadcrumb"},"inLanguage":"it-IT","potentialAction":[{"@type":"ReadAction","target":["https:\/\/penzionpark.si\/ru\/cookies\/"]}]},{"@type":"BreadcrumbList","@id":"https:\/\/penzionpark.si\/ru\/cookies\/#breadcrumb","itemListElement":[{"@type":"ListItem","position":1,"name":"Home","item":"https:\/\/penzionpark.si\/"},{"@type":"ListItem","position":2,"name":"Cookies"}]},{"@type":"WebSite","@id":"https:\/\/penzionpark.si\/#website","url":"https:\/\/penzionpark.si\/","name":"Penzion Park - Lowest price guaranteed","description":"Family hotel in La&scaron;ko","publisher":{"@id":"https:\/\/penzionpark.si\/#organization"},"potentialAction":[{"@type":"SearchAction","target":{"@type":"EntryPoint","urlTemplate":"https:\/\/penzionpark.si\/?s={search_term_string}"},"query-input":{"@type":"PropertyValueSpecification","valueRequired":true,"valueName":"search_term_string"}}],"inLanguage":"it-IT"},{"@type":"Organization","@id":"https:\/\/penzionpark.si\/#organization","name":"Penzion Park","url":"https:\/\/penzionpark.si\/","logo":{"@type":"ImageObject","inLanguage":"it-IT","@id":"https:\/\/penzionpark.si\/#\/schema\/logo\/image\/","url":"https:\/\/penzionpark.si\/wp-content\/uploads\/2020\/12\/Penzion-Park-favicon.png","contentUrl":"https:\/\/penzionpark.si\/wp-content\/uploads\/2020\/12\/Penzion-Park-favicon.png","width":354,"height":354,"caption":"Penzion Park"},"image":{"@id":"https:\/\/penzionpark.si\/#\/schema\/logo\/image\/"},"sameAs":["https:\/\/www.facebook.com\/PenzionParkLasko\/","https:\/\/www.instagram.com\/penzionparklasko\/"]}]}},"_links":{"self":[{"href":"https:\/\/penzionpark.si\/it\/wp-json\/wp\/v2\/pages\/370","targetHints":{"allow":["GET"]}}],"collection":[{"href":"https:\/\/penzionpark.si\/it\/wp-json\/wp\/v2\/pages"}],"about":[{"href":"https:\/\/penzionpark.si\/it\/wp-json\/wp\/v2\/types\/page"}],"author":[{"embeddable":true,"href":"https:\/\/penzionpark.si\/it\/wp-json\/wp\/v2\/users\/1"}],"replies":[{"embeddable":true,"href":"https:\/\/penzionpark.si\/it\/wp-json\/wp\/v2\/comments?post=370"}],"version-history":[{"count":0,"href":"https:\/\/penzionpark.si\/it\/wp-json\/wp\/v2\/pages\/370\/revisions"}],"wp:attachment":[{"href":"https:\/\/penzionpark.si\/it\/wp-json\/wp\/v2\/media?parent=370"}],"curies":[{"name":"wp","href":"https:\/\/api.w.org\/{rel}","templated":true}]}}