{"id":377,"date":"2020-06-02T06:32:53","date_gmt":"2020-06-02T06:32:53","guid":{"rendered":"https:\/\/penzionpark.si\/?page_id=377"},"modified":"2020-12-27T23:03:53","modified_gmt":"2020-12-27T23:03:53","slug":"terms-of-use","status":"publish","type":"page","link":"https:\/\/penzionpark.si\/it\/terms-of-use\/","title":{"rendered":"Terms of use"},"content":{"rendered":"<div data-elementor-type=\"wp-page\" data-elementor-id=\"377\" class=\"elementor elementor-377\" data-elementor-post-type=\"page\">\n\t\t\t\t\t\t<section class=\"elementor-section elementor-top-section elementor-element elementor-element-2f4e52c elementor-section-boxed elementor-section-height-default elementor-section-height-default\" data-id=\"2f4e52c\" data-element_type=\"section\">\n\t\t\t\t\t\t<div class=\"elementor-container elementor-column-gap-default\">\n\t\t\t\t\t<div class=\"elementor-column elementor-col-100 elementor-top-column elementor-element elementor-element-5be0b95e\" data-id=\"5be0b95e\" data-element_type=\"column\">\n\t\t\t<div class=\"elementor-widget-wrap elementor-element-populated\">\n\t\t\t\t\t\t<div class=\"elementor-element elementor-element-1fef2afe elementor-widget elementor-widget-text-editor\" data-id=\"1fef2afe\" data-element_type=\"widget\" data-widget_type=\"text-editor.default\">\n\t\t\t\t<div class=\"elementor-widget-container\">\n\t\t\t\t\t\t\t<p><!-- wp:heading {\"level\":1} --><\/p>\n<h1>TERMINI D\u2019USO<\/h1>\n<p><!-- \/wp:heading --><\/p>\n<p><!-- wp:heading --><\/p>\n<h2>DISPOSIZIONI LEGALI<\/h2>\n<p><!-- \/wp:heading --><\/p>\n<p><!-- wp:paragraph --><\/p>\n<p>La LAZEBNIK, d.o.o. si impegner\u00e0 con la dovuta cura nella progettazione del sito Web di garantire l\u2019accuratezza e l\u2019aggiornamento dei dati sul proprio sito Web, ma non si assume alcuna responsabilit\u00e0 sulla sua accuratezza e completezza. Tutti gli utenti utilizzano i contenuti pubblicati su propria responsabilit\u00e0. N\u00e9 la LAZEBNIK, d.o.o.  n\u00e9 qualsiasi altra persona fisica o giuridica che ha collaborato alla creazione e produzione di questo sito, non \u00e8 responsabile per eventuali danni derivanti dall\u2019accesso, dall\u2019uso o dall\u2019incapacit\u00e0 di utilizzare le informazioni su questo sito, o per eventuali errori o difetti del loro contenuto.<\/p>\n<p><!-- \/wp:paragraph --><\/p>\n<p><!-- wp:paragraph --><\/p>\n<p>Tutte le informazioni e le immagini contenute nel sito web dell\u2019 Penzion Park sono soggette al diritto d\u2019autore o ad altra protezione della propriet\u00e0 intellettuale nell\u2019ambito del quadro giuridico. I documenti pubblicati su questo sito possono essere riprodotti solo per scopi non commerciali e devono contenere tutte le informazioni sul copyright o di altro tipo menzionate e non possono essere copiate, riprodotte o altrimenti divulgate a fini commerciali. <strong>Penzion Park<\/strong> website are subject to copyright or other form of intellectual property protection. The documents published on these websites may be reproduced only for non-commercial purposes, but they are required to keep all stated warnings and copyrights or other rights, and shall not be copied, reproduced or disseminated in any other way for commercial purposes.<\/p>\n<p><!-- \/wp:paragraph --><\/p>\n<p><!-- wp:paragraph --><\/p>\n<p>La LAZEBNIK, d.o.o. si riserva il diritto di modificare il contenuto di questo sito in qualsiasi momento, con qualsiasi mezzo, a prescindere dal motivo e senza preavviso. Nel fare ci\u00f2, non si assume alcuna responsabilit\u00e0 per eventuali conseguenze di tali cambiamenti.<\/p>\n<p><!-- \/wp:paragraph --><\/p>\n<p><!-- wp:heading --><\/p>\n<h2>TUTELA DELLA PRIVACY E UTILIZZO DEI DATI PERSONALI<\/h2>\n<p><!-- \/wp:heading --><\/p>\n<p><!-- wp:paragraph --><\/p>\n<p>La LAZEBNIK, d.o.o. protegger\u00e0 tutti i dati ottenuti sui visitatori del sito Web in conformit\u00e0 con la legislazione applicabile slovena ed europea.&nbsp;<\/p>\n<p><!-- \/wp:paragraph --><\/p>\n<p><!-- wp:paragraph --><\/p>\n<p>Per i dettagli completi sul trattamento dei dati personali da parte della LAZEBNIK, d.o.o., Zdravili\u0161ka cesta 22, 3270 La\u0161ko, consultare la&nbsp;<a href=\"https:\/\/penzionpark.si\/it\/personal-data-protection\/\">Protezione dei dati personali<\/a>.<\/p>\n<p><!-- \/wp:paragraph --><\/p>\n<p><!-- wp:heading --><\/p>\n<h2>PRENOTAZIONE DELLE CAPACIT\u00c0<\/h2>\n<p><!-- \/wp:heading --><\/p>\n<p><!-- wp:paragraph --><\/p>\n<p>Potete usare due modi per prenotare le nostre capacit\u00e0 sul nostro sito. Il primo \u00e8 attraverso il modulo di richiesta con il quale l\u2019utente ci invia una richiesta e in base a questa noi prepariamo e inviamo un preventivo. La richiesta, e di seguito la nostra offerta, non viene considerata una prenotazione confermata, poich\u00e9 la condizione essenziale per la validit\u00e0 della richiesta \u00e8 la conferma specifica della prenotazione ossia della nostra offerta da parte dell\u2019utente ovvero dell\u2019acquirente. Se non riceviamo alcuna conferma, si considera che la prenotazione non \u00e8 mai stata ordinata. Oltre al metodo sopra descritto, offriamo anche la possibilit\u00e0 di prenotazione diretta (solo la prenotazione in cui il cliente immette i dati della carta di credito come garanzia), nonch\u00e9 di prenotazione e pagamento online con la carta di credito (nel caso della cosiddetta prenotazione non rimborsabile: pagamento anticipato non rimborsabile in cui all\u2019acquirente viene addebitato il saldo immediatamente). In questo caso, la prenotazione sar\u00e0 confermata e pagata non appena l\u2019acquirente avr\u00e0 definitivamente confermato la procedura di pagamento. Nel caso di prenotazioni e \/ o pagamenti online, si considera che l\u2019utente ossia l\u2019acquirente abbia letto e accettato le presenti Condizioni generali e sia d\u2019accordo con queste. Per la prenotazione occorre una carta di pagamento valida.<\/p>\n<p><!-- \/wp:paragraph --><\/p>\n<p><!-- wp:heading --><\/p>\n<h2>PROCEDURA DI ACQUISTO OSSIA DI PRENOTAZIONE ONLINE<\/h2>\n<p><!-- \/wp:heading --><\/p>\n<p><!-- wp:paragraph --><\/p>\n<p>Sono disponibili per l\u2019utente (acquirente) i seguenti passaggi tecnici durante la procedura di acquisto:<\/p>\n<p><!-- \/wp:paragraph --><\/p>\n<p><!-- wp:list --><\/p>\n<ul>\n<li>l\u2019acquirente sceglie la data di arrivo e di partenza<\/li>\n<li>selects number of adults and children<\/li>\n<\/ul>\n<p><!-- \/wp:list --><\/p>\n<p><!-- wp:paragraph --><\/p>\n<p>Dopo la prenotazione ossia dopo l\u2019acquisto, il cliente riceve un messaggio di conferma della prenotazione e una conferma di addebito sulla carta di credito (in caso di pagamento anticipato) al proprio indirizzo e-mail. Il cliente riceve la fattura a seguito del servizio finale, alla reception del luogo di soggiorno.<\/p>\n<p><!-- \/wp:paragraph --><\/p>\n<p><!-- wp:paragraph --><\/p>\n<p>A seconda della modalit\u00e0 di accesso al sistema di prenotazione, l\u2019utente pu\u00f2 accedervi in vari passaggi dove, a seconda delle autorizzazioni per l\u2019uso dei cookie, alcuni criteri di prenotazione sono gi\u00e0 preselezionati.<\/p>\n<p><!-- \/wp:paragraph --><\/p>\n<p><!-- wp:heading --><\/p>\n<h2>PREZZI, DESCRIZIONI DEI PACCHETTI E DEI SERVIZI<\/h2>\n<p><!-- \/wp:heading --><\/p>\n<p><!-- wp:paragraph --><\/p>\n<p>Il servizio di base \u00e8 il pernottamento con colazione. Tutti i prezzi sono in euro, sono comprensivi di IVA e sono validi al momento della conferma dell\u2019ordine. Ci riserviamo il diritto di apportare modifiche e di errori nei prezzi, testi scritti e descrizioni dei contenuti senza preavviso. Le immagini sono di natura simbolica e non riflettono sempre pienamente la situazione effettiva.<\/p>\n<p><!-- \/wp:paragraph --><\/p>\n<p><!-- wp:heading --><\/p>\n<h2>CANCELLAZIONE<\/h2>\n<p><!-- \/wp:heading --><\/p>\n<p><!-- wp:paragraph --><\/p>\n<p>L\u2019ospite ha il diritto di cancellare la prenotazione. Nel caso in cui l\u2019ospite cancelli la sistemazione, la LAZEBNIK, d.o.o. ha il diritto al rimborso delle spese accorse in seguito alla cancellazione e, nel caso di pagamenti con carta di credito online in cui all\u2019acquirente viene addebitato immediato l\u2019importo, tali spese ammontano per l\u2019intero importo del pagamento effettuato. L\u2019importo del rimborso a seguito della cancellazione della sistemazione dipende dal momento in cui l\u2019ospite ha presentato la cancellazione, dal tipo di prenotazione e di sistemazione scelti. In caso di modifica della sistemazione su richiesta da parte dell\u2019utente o per causa di forza maggiore, e non per qualche motivo da parte della Jotas gostinstvo d.o.o. che renderebbe un servizio improprio, l\u2019ospite non ha diritto a richiedere alcun risarcimento o riduzione del prezzo. Le cancellazioni devono essere effettuate per telefono, in forma scritta o per e-mail all\u2019indirizzo dell\u2019albergo.<\/p>\n<p><!-- \/wp:paragraph --><\/p>\n<p><!-- wp:paragraph --><\/p>\n<p>Una prenotazione gi\u00e0 confermata pu\u00f2 essere cancellata dall\u2019ospite senza spese di penalit\u00e0:<\/p>\n<p><!-- \/wp:paragraph --><\/p>\n<p><!-- wp:list --><\/p>\n<ul>\n<li>1 giorno prima dell\u2019arrivo con pernottamento fino a 2 notti,<\/li>\n<li>2 giorni prima dell\u2019arrivo con pernottamento fino a 7 notti,<\/li>\n<li>7 giorni prima dell\u2019arrivo con pernottamento superiore a 7 notti.<\/li>\n<\/ul>\n<p><!-- \/wp:list --><\/p>\n<p><!-- wp:paragraph --><\/p>\n<p>In caso di cancellazione tardiva o mancato arrivo dell\u2019ospite, l\u2019albergo vi addebiter\u00e0 l\u2019importo di prenotazione della camera per il valore di:<\/p>\n<p><!-- \/wp:paragraph --><\/p>\n<p><!-- wp:list --><\/p>\n<ul>\n<li>1 pernottamento per la prenotazione fino a 3 notti,<\/li>\n<li>2 pernottamenti per la prenotazione di pi\u00f9 di 3 notti,<\/li>\n<\/ul>\n<p><!-- \/wp:list --><\/p>\n<p><!-- wp:paragraph --><\/p>\n<p>secondo i prezzi confermati da parte dell\u2019albergo per ogni singola prenotazione.\nIn caso di partenza anticipata, l\u2019albergo si riserva il diritto di addebitare il 100% del resto del soggiorno senza la tassa di soggiorno. Le eccezioni sono partenze anticipate a causa di forza maggiore (calamit\u00e0 naturali, morte, motivi di salute), in conformit\u00e0 con l\u2019accordo della gestione aziendale.<\/p>\n<p><!-- \/wp:paragraph --><\/p>\n<p><!-- wp:heading --><\/p>\n<h2>ALTRE DISPOSIZIONI<\/h2>\n<p><!-- \/wp:heading --><\/p>\n<p><!-- wp:paragraph --><\/p>\n<p>La LAZEBNIK, d.o.o. pu\u00f2 rifiutare di adempiere all\u2019obbligo di prenotazione se constata che la carta di credito emessa non \u00e8 valida o che si tratta di un uso improprio della carta di credito o del sistema di prenotazione.<\/p>\n<p><!-- \/wp:paragraph --><\/p>\n<p><!-- wp:paragraph --><\/p>\n<p>Eventuali controversie tra le parti derivanti o in relazione con la prenotazione vengono risolte di comune accordo. In caso contrario, risolver\u00e0 la controversia il tribunale competente di Celje.<strong>.<\/strong><\/p>\n<p><!-- \/wp:paragraph --><\/p>\n<p><!-- wp:heading --><\/p>\n<h2>SICUREZZA<\/h2>\n<p><!-- \/wp:heading --><\/p>\n<p><!-- wp:paragraph --><\/p>\n<p>L\u2019offerente utilizza adeguati mezzi tecnologici e organizzativi per proteggere il trasferimento e l\u2019archiviazione dei dati personali e dei pagamenti. L\u2019offerente utilizza a tal scopo il certificato di sicurezza SSL a 256 bit rilasciato da un\u2019organizzazione a ci\u00f2 autorizzata.<\/p>\n<p><!-- \/wp:paragraph --><\/p>\n<p><!-- wp:heading --><\/p>\n<h2>DISPOSIZIONI FINALI<\/h2>\n<p><!-- \/wp:heading --><\/p>\n<p><!-- wp:paragraph --><\/p>\n<p>Le condizioni generali di acquisto o le prenotazioni online hanno la valenza di un contratto. Con l\u2019acquisto ossia con la prenotazione, il titolare conferma di essere a conoscenza di queste disposizioni e che le accetta. I saldi pagati non possono essere rimborsati in contanti. Eventuali controversie derivanti da queste disposizioni generali saranno risolte dal tribunale competente di Celje.<strong>.<\/strong><\/p>\n<p><!-- \/wp:paragraph --><\/p>\n<p><!-- wp:paragraph --><\/p>\n<p>Tutti i prezzi dell\u2019offerta della LAZEBNIK, d.o.o. sono comprensivi di I.V.A.In caso di controversia tra le parti, tutte le controversie saranno risolte dal tribunale competente di Celje.<\/p>\n<p><!-- \/wp:paragraph --><\/p>\n<p><!-- wp:heading --><\/p>\n<h2>COOKIE<\/h2>\n<p><!-- \/wp:heading --><\/p>\n<p><!-- wp:paragraph --><\/p>\n<p>Al momento della prenotazione o dell\u2019acquisto di servizi, in conformit\u00e0 con le vostre autorizzazioni, raccogliamo anche informazioni sull\u2019utilizzo del nostro sito Web attraverso i cookie e tecnologie simili. Maggiori informazioni su come utilizziamo queste tecnologie sono disponibili qui:&nbsp;<a href=\"https:\/\/penzionpark.si\/it\/cookies\/\">Politica sui cookie<\/a>.<\/p>\n<p><!-- \/wp:paragraph --><\/p>\n<p><!-- wp:heading --><\/p>\n<h2>CONTATTO<\/h2>\n<p><!-- \/wp:heading --><\/p>\n<p><!-- wp:paragraph --><\/p>\n<p><strong>La LAZEBNIK d.o.o.<\/strong>, <br>Zdravili\u0161ka cesta 22, 3270 La\u0161ko.<br><strong>Phone<\/strong>: +386 3 573 16 10<\/p>\n<p><!-- \/wp:paragraph --><\/p>\t\t\t\t\t\t<\/div>\n\t\t\t\t<\/div>\n\t\t\t\t\t<\/div>\n\t\t<\/div>\n\t\t\t\t\t<\/div>\n\t\t<\/section>\n\t\t\t\t<\/div>","protected":false},"excerpt":{"rendered":"<p>TERMS OF USE LEGAL PROVISIONS LAZEBNIK, d.o.o. shall attempt, with all due diligence, to provide accurate and up-to-date information on their website, but they do not take any responsibility for their accuracy and integrity. All users use the published content at their own responsibility. Neither LAZEBNIK, d.o.o. nor any other natural or physical entity, which [&hellip;]<\/p>","protected":false},"author":1,"featured_media":0,"parent":0,"menu_order":0,"comment_status":"closed","ping_status":"closed","template":"","meta":{"footnotes":""},"class_list":["post-377","page","type-page","status-publish","hentry"],"yoast_head":"<!-- This site is optimized with the Yoast SEO plugin v25.7 - https:\/\/yoast.com\/wordpress\/plugins\/seo\/ -->\n<title>Terms of use | Penzion Park - Lowest price guaranteed<\/title>\n<meta name=\"robots\" content=\"index, follow, max-snippet:-1, max-image-preview:large, max-video-preview:-1\" \/>\n<link rel=\"canonical\" href=\"https:\/\/penzionpark.si\/it\/terms-of-use\/\" \/>\n<meta property=\"og:locale\" content=\"it_IT\" \/>\n<meta property=\"og:type\" content=\"article\" \/>\n<meta property=\"og:title\" content=\"Terms of use | Penzion Park - Lowest price guaranteed\" \/>\n<meta property=\"og:description\" content=\"TERMS OF USE LEGAL PROVISIONS LAZEBNIK, d.o.o. shall attempt, with all due diligence, to provide accurate and up-to-date information on their website, but they do not take any responsibility for their accuracy and integrity. All users use the published content at their own responsibility. Neither LAZEBNIK, d.o.o. nor any other natural or physical entity, which [&hellip;]\" \/>\n<meta property=\"og:url\" content=\"https:\/\/penzionpark.si\/it\/terms-of-use\/\" \/>\n<meta property=\"og:site_name\" content=\"Penzion Park - Lowest price guaranteed\" \/>\n<meta property=\"article:publisher\" content=\"https:\/\/www.facebook.com\/PenzionParkLasko\/\" \/>\n<meta property=\"article:modified_time\" content=\"2020-12-27T23:03:53+00:00\" \/>\n<meta name=\"twitter:card\" content=\"summary_large_image\" \/>\n<meta name=\"twitter:label1\" content=\"Tempo di lettura stimato\" \/>\n\t<meta name=\"twitter:data1\" content=\"6 minuti\" \/>\n<script type=\"application\/ld+json\" class=\"yoast-schema-graph\">{\"@context\":\"https:\/\/schema.org\",\"@graph\":[{\"@type\":\"WebPage\",\"@id\":\"https:\/\/penzionpark.si\/sl\/terms-of-use\/\",\"url\":\"https:\/\/penzionpark.si\/sl\/terms-of-use\/\",\"name\":\"Terms of use | Penzion Park - Lowest price guaranteed\",\"isPartOf\":{\"@id\":\"https:\/\/penzionpark.si\/#website\"},\"datePublished\":\"2020-06-02T06:32:53+00:00\",\"dateModified\":\"2020-12-27T23:03:53+00:00\",\"breadcrumb\":{\"@id\":\"https:\/\/penzionpark.si\/sl\/terms-of-use\/#breadcrumb\"},\"inLanguage\":\"it-IT\",\"potentialAction\":[{\"@type\":\"ReadAction\",\"target\":[\"https:\/\/penzionpark.si\/sl\/terms-of-use\/\"]}]},{\"@type\":\"BreadcrumbList\",\"@id\":\"https:\/\/penzionpark.si\/sl\/terms-of-use\/#breadcrumb\",\"itemListElement\":[{\"@type\":\"ListItem\",\"position\":1,\"name\":\"Home\",\"item\":\"https:\/\/penzionpark.si\/\"},{\"@type\":\"ListItem\",\"position\":2,\"name\":\"Terms of use\"}]},{\"@type\":\"WebSite\",\"@id\":\"https:\/\/penzionpark.si\/#website\",\"url\":\"https:\/\/penzionpark.si\/\",\"name\":\"Penzion Park - Lowest price guaranteed\",\"description\":\"Family hotel in La&scaron;ko\",\"publisher\":{\"@id\":\"https:\/\/penzionpark.si\/#organization\"},\"potentialAction\":[{\"@type\":\"SearchAction\",\"target\":{\"@type\":\"EntryPoint\",\"urlTemplate\":\"https:\/\/penzionpark.si\/?s={search_term_string}\"},\"query-input\":{\"@type\":\"PropertyValueSpecification\",\"valueRequired\":true,\"valueName\":\"search_term_string\"}}],\"inLanguage\":\"it-IT\"},{\"@type\":\"Organization\",\"@id\":\"https:\/\/penzionpark.si\/#organization\",\"name\":\"Penzion Park\",\"url\":\"https:\/\/penzionpark.si\/\",\"logo\":{\"@type\":\"ImageObject\",\"inLanguage\":\"it-IT\",\"@id\":\"https:\/\/penzionpark.si\/#\/schema\/logo\/image\/\",\"url\":\"https:\/\/penzionpark.si\/wp-content\/uploads\/2020\/12\/Penzion-Park-favicon.png\",\"contentUrl\":\"https:\/\/penzionpark.si\/wp-content\/uploads\/2020\/12\/Penzion-Park-favicon.png\",\"width\":354,\"height\":354,\"caption\":\"Penzion Park\"},\"image\":{\"@id\":\"https:\/\/penzionpark.si\/#\/schema\/logo\/image\/\"},\"sameAs\":[\"https:\/\/www.facebook.com\/PenzionParkLasko\/\",\"https:\/\/www.instagram.com\/penzionparklasko\/\"]}]}<\/script>\n<!-- \/ Yoast SEO plugin. -->","yoast_head_json":{"title":"Terms of use | Penzion Park - Lowest price guaranteed","robots":{"index":"index","follow":"follow","max-snippet":"max-snippet:-1","max-image-preview":"max-image-preview:large","max-video-preview":"max-video-preview:-1"},"canonical":"https:\/\/penzionpark.si\/it\/terms-of-use\/","og_locale":"it_IT","og_type":"article","og_title":"Terms of use | Penzion Park - Lowest price guaranteed","og_description":"TERMS OF USE LEGAL PROVISIONS LAZEBNIK, d.o.o. shall attempt, with all due diligence, to provide accurate and up-to-date information on their website, but they do not take any responsibility for their accuracy and integrity. All users use the published content at their own responsibility. Neither LAZEBNIK, d.o.o. nor any other natural or physical entity, which [&hellip;]","og_url":"https:\/\/penzionpark.si\/it\/terms-of-use\/","og_site_name":"Penzion Park - Lowest price guaranteed","article_publisher":"https:\/\/www.facebook.com\/PenzionParkLasko\/","article_modified_time":"2020-12-27T23:03:53+00:00","twitter_card":"summary_large_image","twitter_misc":{"Tempo di lettura stimato":"6 minuti"},"schema":{"@context":"https:\/\/schema.org","@graph":[{"@type":"WebPage","@id":"https:\/\/penzionpark.si\/sl\/terms-of-use\/","url":"https:\/\/penzionpark.si\/sl\/terms-of-use\/","name":"Terms of use | Penzion Park - Lowest price guaranteed","isPartOf":{"@id":"https:\/\/penzionpark.si\/#website"},"datePublished":"2020-06-02T06:32:53+00:00","dateModified":"2020-12-27T23:03:53+00:00","breadcrumb":{"@id":"https:\/\/penzionpark.si\/sl\/terms-of-use\/#breadcrumb"},"inLanguage":"it-IT","potentialAction":[{"@type":"ReadAction","target":["https:\/\/penzionpark.si\/sl\/terms-of-use\/"]}]},{"@type":"BreadcrumbList","@id":"https:\/\/penzionpark.si\/sl\/terms-of-use\/#breadcrumb","itemListElement":[{"@type":"ListItem","position":1,"name":"Home","item":"https:\/\/penzionpark.si\/"},{"@type":"ListItem","position":2,"name":"Terms of use"}]},{"@type":"WebSite","@id":"https:\/\/penzionpark.si\/#website","url":"https:\/\/penzionpark.si\/","name":"Penzion Park - Lowest price guaranteed","description":"Family hotel in La&scaron;ko","publisher":{"@id":"https:\/\/penzionpark.si\/#organization"},"potentialAction":[{"@type":"SearchAction","target":{"@type":"EntryPoint","urlTemplate":"https:\/\/penzionpark.si\/?s={search_term_string}"},"query-input":{"@type":"PropertyValueSpecification","valueRequired":true,"valueName":"search_term_string"}}],"inLanguage":"it-IT"},{"@type":"Organization","@id":"https:\/\/penzionpark.si\/#organization","name":"Penzion Park","url":"https:\/\/penzionpark.si\/","logo":{"@type":"ImageObject","inLanguage":"it-IT","@id":"https:\/\/penzionpark.si\/#\/schema\/logo\/image\/","url":"https:\/\/penzionpark.si\/wp-content\/uploads\/2020\/12\/Penzion-Park-favicon.png","contentUrl":"https:\/\/penzionpark.si\/wp-content\/uploads\/2020\/12\/Penzion-Park-favicon.png","width":354,"height":354,"caption":"Penzion Park"},"image":{"@id":"https:\/\/penzionpark.si\/#\/schema\/logo\/image\/"},"sameAs":["https:\/\/www.facebook.com\/PenzionParkLasko\/","https:\/\/www.instagram.com\/penzionparklasko\/"]}]}},"_links":{"self":[{"href":"https:\/\/penzionpark.si\/it\/wp-json\/wp\/v2\/pages\/377","targetHints":{"allow":["GET"]}}],"collection":[{"href":"https:\/\/penzionpark.si\/it\/wp-json\/wp\/v2\/pages"}],"about":[{"href":"https:\/\/penzionpark.si\/it\/wp-json\/wp\/v2\/types\/page"}],"author":[{"embeddable":true,"href":"https:\/\/penzionpark.si\/it\/wp-json\/wp\/v2\/users\/1"}],"replies":[{"embeddable":true,"href":"https:\/\/penzionpark.si\/it\/wp-json\/wp\/v2\/comments?post=377"}],"version-history":[{"count":0,"href":"https:\/\/penzionpark.si\/it\/wp-json\/wp\/v2\/pages\/377\/revisions"}],"wp:attachment":[{"href":"https:\/\/penzionpark.si\/it\/wp-json\/wp\/v2\/media?parent=377"}],"curies":[{"name":"wp","href":"https:\/\/api.w.org\/{rel}","templated":true}]}}