{"id":390,"date":"2020-06-02T16:37:50","date_gmt":"2020-06-02T16:37:50","guid":{"rendered":"https:\/\/penzionpark.si\/?page_id=390"},"modified":"2021-01-02T15:11:23","modified_gmt":"2021-01-02T15:11:23","slug":"personal-data-protection","status":"publish","type":"page","link":"https:\/\/penzionpark.si\/it\/personal-data-protection\/","title":{"rendered":"Protezione dei dati personali"},"content":{"rendered":"<div data-elementor-type=\"wp-page\" data-elementor-id=\"390\" class=\"elementor elementor-390\" data-elementor-post-type=\"page\">\n\t\t\t\t\t\t<section class=\"elementor-section elementor-top-section elementor-element elementor-element-601cf3a4 elementor-section-boxed elementor-section-height-default elementor-section-height-default\" data-id=\"601cf3a4\" data-element_type=\"section\">\n\t\t\t\t\t\t<div class=\"elementor-container elementor-column-gap-default\">\n\t\t\t\t\t<div class=\"elementor-column elementor-col-100 elementor-top-column elementor-element elementor-element-46535ec\" data-id=\"46535ec\" data-element_type=\"column\">\n\t\t\t<div class=\"elementor-widget-wrap elementor-element-populated\">\n\t\t\t\t\t\t<div class=\"elementor-element elementor-element-4020ff6f elementor-widget elementor-widget-text-editor\" data-id=\"4020ff6f\" data-element_type=\"widget\" data-widget_type=\"text-editor.default\">\n\t\t\t\t<div class=\"elementor-widget-container\">\n\t\t\t\t\t\t\t<p><!-- wp:heading {\"level\":1} --><\/p>\n<h1 id=\"headline-10-142\">PROTEZIONE DEI DATI PERSONALI<\/h1>\n<p><!-- \/wp:heading --><\/p>\n<p><!-- wp:heading --><\/p>\n<h2>CHE COSA SONO I DATI PERSONALI?<\/h2>\n<p><!-- \/wp:heading --><\/p>\n<p><!-- wp:paragraph --><\/p>\n<p>I dati personali sono informazioni che si riferiscono a ciascuno di voi come persona. Questi includono il vostro nome, cognome, indirizzo, numero di telefono e indirizzo e-mail.<\/p>\n<p><!-- \/wp:paragraph --><\/p>\n<p><!-- wp:heading --><\/p>\n<h2>COME LA LAZEBNIK D.O.O. PROTEGGE I VOSTRI DATI PERSONALI?<\/h2>\n<p><!-- \/wp:heading --><\/p>\n<p><!-- wp:paragraph --><\/p>\n<p>Il sito web dell\u2019albergo Penzion Park offre tutte le soluzioni tecnologiche e organizzative necessarie per una sicurezza completa. Il trasferimento di dati personali sensibili su un sito Web viene effettuato in modalit\u00e0 protetta utilizzando il protocollo SSL (Secure Sockets Layer). I dati vengono codificati con una chiave fino a 256 bit prima che escano dal browser e vengono trasmessi al nostro server in un formato sicuro. Il sistema impedisce quindi a chiunque di intercettare i dati personali inviati tramite il modulo di contatto. \u00c8 possibile riconoscere una connessione protetta quando l\u2019indirizzo nel browser inizia con https: \/\/ \u2026 anzich\u00e9 http: \/\/ \u2026 , e nel margine superiore a sinistra della finestra viene visualizzato il segno di un lucchetto. Il nostro sito Web e altri sistemi sono protetti da adeguate misure tecniche e organizzative contro la perdita, la distruzione, l\u2019accesso, l\u2019alterazione e la diffusione dei dati da parte di persone non autorizzate.<\/p>\n<p><!-- \/wp:paragraph --><\/p>\n<p><!-- wp:heading --><\/p>\n<h2>QUANDO L\u2019ALBERGO PENZION PARK UTILIZZA ED ELABORA I DATI PERSONALI?<\/h2>\n<p><!-- \/wp:heading --><\/p>\n<p><!-- wp:paragraph --><\/p>\n<p>Sappiamo che il trattamento dei dati personali \u00e8 estremamente importante per voi, quindi prestiamo particolare attenzione alla protezione dei dati sul sito web dell\u2019albergo Penzion Park, rispettando rigorosamente le disposizioni legali in materia di raccolta, elaborazione e utilizzo.<\/p>\n<p><!-- \/wp:paragraph --><\/p>\n<p><!-- wp:paragraph --><\/p>\n<p>L\u2019albergo Penzion Park utilizza i vostri dati personali e le informazioni che ci fornite per rispondere ai vostri messaggi.<\/p>\n<p><!-- \/wp:paragraph --><\/p>\n<p><!-- wp:paragraph --><\/p>\n<p>Possiamo cancellare i vostri dati se ci\u00f2 non \u00e8 contrario all\u2019obbligo legale di archiviazione, se presentate una richiesta di cancellazione, se non abbiamo pi\u00f9 bisogno dei dati per soddisfare il motivo della loro archiviazione o se la loro archiviazione risulta inammissibile per altri motivi legali.<\/p>\n<p><!-- \/wp:paragraph --><\/p>\n<p><!-- wp:heading --><\/p>\n<h2>AVETE DOMANDE SULLA PROTEZIONE DEI DATI?<\/h2>\n<p><!-- \/wp:heading --><\/p>\n<p><!-- wp:paragraph --><\/p>\n<p>In conformit\u00e0 con il Regolamento generale sulla protezione dei dati dell\u2019Unione Europea (GDPR), avete il diritto all\u2019informazione gratuita sui vostri dati memorizzati e, se necessario, il diritto di correggere, bloccare o cancellare questi dati.&nbsp;<\/p>\n<p><!-- \/wp:paragraph --><\/p>\n<p><!-- wp:paragraph --><\/p>\n<p>In caso di domande sulla protezione dei dati o se volete inviarci un messaggio sull\u2019informazione o per cancellare i vostri dati, usate i seguenti contatti di riferimento:<\/p>\n<p><!-- \/wp:paragraph --><\/p>\n<p><!-- wp:paragraph --><\/p>\n<p><strong>Proprietario e gestore del sito web dell\u2019albergo Penzion Park<br><\/strong><\/p>\n<p><!-- \/wp:paragraph --><\/p>\n<p><!-- wp:paragraph --><\/p>\n<p>Denominazione ufficiale dell\u2019azienda: LAZEBNIK d.o.o. <br>Sede: Zdravili\u0161ka 22, 3270 La\u0161ko<\/p>\n<p><!-- \/wp:paragraph --><\/p>\n<p><!-- wp:heading --><\/p>\n<h2>RESPONSABILE DELLA PROTEZIONE DEI DATI<\/h2>\n<p><!-- \/wp:heading --><\/p>\n<p><!-- wp:paragraph --><\/p>\n<p>Qualsiasi individuo pu\u00f2 presentare in qualsiasi momento, nel caso in cui ritenga sia stato violato da parte nostra un qualsiasi suo diritto in materia di protezione dei propri dati personali, un ricorso all\u2019autorit\u00e0 di controllo garante della protezione dei dati personali, il Commissario per l\u2019informazione della Repubblica di Slovenia:<\/p>\n<p><!-- \/wp:paragraph --><\/p>\n<p><!-- wp:paragraph --><\/p>\n<p>Repubblica di Slovenia, Commissario per l\u2019informazione, Zalo\u0161ka 59, 1000 Lubiana, https:\/\/www.ip-rs.si<\/p>\n<p><!-- \/wp:paragraph --><\/p>\n<p><!-- wp:paragraph --><\/p>\n<p>La LAZEBNIK d.o.o. rispetta la vostra privacy in conformit\u00e0 con la Legge (Legge sulla protezione dei dati personali, ZVOP-1, Gazzetta ufficiale della Repubblica di Slovenia n. 86\/04, e il Regolamento generale sulla protezione dei dati dell\u2019Unione Europea, GDPR), pertanto sul sito web dell\u2019albergo \u0160pica La\u0161ko svolgiamo tutte le attivit\u00e0 di protezione e di trattamento etico dei vostri dati personali.<br><\/p>\n<p><!-- \/wp:paragraph --><\/p>\t\t\t\t\t\t<\/div>\n\t\t\t\t<\/div>\n\t\t\t\t\t<\/div>\n\t\t<\/div>\n\t\t\t\t\t<\/div>\n\t\t<\/section>\n\t\t\t\t<\/div>","protected":false},"excerpt":{"rendered":"<p>PERSONAL DATA PROTECTION WHAT IS PERSONAL DATA? Personal data is any information that can be attributed to you as a person. This includes your name, surname, address, phone number and e-mail address HOW DOES LAZEBNIK D.O.O. PROTECT YOUR PERSONAL DATA? The website Penzion Park ensures all required technological and organisational solutions for complete security. Transfer [&hellip;]<\/p>","protected":false},"author":1,"featured_media":0,"parent":0,"menu_order":0,"comment_status":"closed","ping_status":"closed","template":"","meta":{"footnotes":""},"class_list":["post-390","page","type-page","status-publish","hentry"],"yoast_head":"<!-- This site is optimized with the Yoast SEO plugin v25.7 - https:\/\/yoast.com\/wordpress\/plugins\/seo\/ -->\n<title>Personal data protection | Penzion Park - Lowest price guaranteed<\/title>\n<meta name=\"robots\" content=\"index, follow, max-snippet:-1, max-image-preview:large, max-video-preview:-1\" \/>\n<link rel=\"canonical\" href=\"https:\/\/penzionpark.si\/it\/personal-data-protection\/\" \/>\n<meta property=\"og:locale\" content=\"it_IT\" \/>\n<meta property=\"og:type\" content=\"article\" \/>\n<meta property=\"og:title\" content=\"Personal data protection | Penzion Park - Lowest price guaranteed\" \/>\n<meta property=\"og:description\" content=\"PERSONAL DATA PROTECTION WHAT IS PERSONAL DATA? Personal data is any information that can be attributed to you as a person. This includes your name, surname, address, phone number and e-mail address HOW DOES LAZEBNIK D.O.O. PROTECT YOUR PERSONAL DATA? The website Penzion Park ensures all required technological and organisational solutions for complete security. Transfer [&hellip;]\" \/>\n<meta property=\"og:url\" content=\"https:\/\/penzionpark.si\/it\/personal-data-protection\/\" \/>\n<meta property=\"og:site_name\" content=\"Penzion Park - Lowest price guaranteed\" \/>\n<meta property=\"article:publisher\" content=\"https:\/\/www.facebook.com\/PenzionParkLasko\/\" \/>\n<meta property=\"article:modified_time\" content=\"2021-01-02T15:11:23+00:00\" \/>\n<meta name=\"twitter:card\" content=\"summary_large_image\" \/>\n<meta name=\"twitter:label1\" content=\"Tempo di lettura stimato\" \/>\n\t<meta name=\"twitter:data1\" content=\"2 minuti\" \/>\n<script type=\"application\/ld+json\" class=\"yoast-schema-graph\">{\"@context\":\"https:\/\/schema.org\",\"@graph\":[{\"@type\":\"WebPage\",\"@id\":\"https:\/\/penzionpark.si\/de\/personal-data-protection\/\",\"url\":\"https:\/\/penzionpark.si\/de\/personal-data-protection\/\",\"name\":\"Personal data protection | Penzion Park - Lowest price guaranteed\",\"isPartOf\":{\"@id\":\"https:\/\/penzionpark.si\/#website\"},\"datePublished\":\"2020-06-02T16:37:50+00:00\",\"dateModified\":\"2021-01-02T15:11:23+00:00\",\"breadcrumb\":{\"@id\":\"https:\/\/penzionpark.si\/de\/personal-data-protection\/#breadcrumb\"},\"inLanguage\":\"it-IT\",\"potentialAction\":[{\"@type\":\"ReadAction\",\"target\":[\"https:\/\/penzionpark.si\/de\/personal-data-protection\/\"]}]},{\"@type\":\"BreadcrumbList\",\"@id\":\"https:\/\/penzionpark.si\/de\/personal-data-protection\/#breadcrumb\",\"itemListElement\":[{\"@type\":\"ListItem\",\"position\":1,\"name\":\"Home\",\"item\":\"https:\/\/penzionpark.si\/\"},{\"@type\":\"ListItem\",\"position\":2,\"name\":\"Personal data protection\"}]},{\"@type\":\"WebSite\",\"@id\":\"https:\/\/penzionpark.si\/#website\",\"url\":\"https:\/\/penzionpark.si\/\",\"name\":\"Penzion Park - Lowest price guaranteed\",\"description\":\"Family hotel in La&scaron;ko\",\"publisher\":{\"@id\":\"https:\/\/penzionpark.si\/#organization\"},\"potentialAction\":[{\"@type\":\"SearchAction\",\"target\":{\"@type\":\"EntryPoint\",\"urlTemplate\":\"https:\/\/penzionpark.si\/?s={search_term_string}\"},\"query-input\":{\"@type\":\"PropertyValueSpecification\",\"valueRequired\":true,\"valueName\":\"search_term_string\"}}],\"inLanguage\":\"it-IT\"},{\"@type\":\"Organization\",\"@id\":\"https:\/\/penzionpark.si\/#organization\",\"name\":\"Penzion Park\",\"url\":\"https:\/\/penzionpark.si\/\",\"logo\":{\"@type\":\"ImageObject\",\"inLanguage\":\"it-IT\",\"@id\":\"https:\/\/penzionpark.si\/#\/schema\/logo\/image\/\",\"url\":\"https:\/\/penzionpark.si\/wp-content\/uploads\/2020\/12\/Penzion-Park-favicon.png\",\"contentUrl\":\"https:\/\/penzionpark.si\/wp-content\/uploads\/2020\/12\/Penzion-Park-favicon.png\",\"width\":354,\"height\":354,\"caption\":\"Penzion Park\"},\"image\":{\"@id\":\"https:\/\/penzionpark.si\/#\/schema\/logo\/image\/\"},\"sameAs\":[\"https:\/\/www.facebook.com\/PenzionParkLasko\/\",\"https:\/\/www.instagram.com\/penzionparklasko\/\"]}]}<\/script>\n<!-- \/ Yoast SEO plugin. -->","yoast_head_json":{"title":"Personal data protection | Penzion Park - Lowest price guaranteed","robots":{"index":"index","follow":"follow","max-snippet":"max-snippet:-1","max-image-preview":"max-image-preview:large","max-video-preview":"max-video-preview:-1"},"canonical":"https:\/\/penzionpark.si\/it\/personal-data-protection\/","og_locale":"it_IT","og_type":"article","og_title":"Personal data protection | Penzion Park - Lowest price guaranteed","og_description":"PERSONAL DATA PROTECTION WHAT IS PERSONAL DATA? Personal data is any information that can be attributed to you as a person. This includes your name, surname, address, phone number and e-mail address HOW DOES LAZEBNIK D.O.O. PROTECT YOUR PERSONAL DATA? The website Penzion Park ensures all required technological and organisational solutions for complete security. Transfer [&hellip;]","og_url":"https:\/\/penzionpark.si\/it\/personal-data-protection\/","og_site_name":"Penzion Park - Lowest price guaranteed","article_publisher":"https:\/\/www.facebook.com\/PenzionParkLasko\/","article_modified_time":"2021-01-02T15:11:23+00:00","twitter_card":"summary_large_image","twitter_misc":{"Tempo di lettura stimato":"2 minuti"},"schema":{"@context":"https:\/\/schema.org","@graph":[{"@type":"WebPage","@id":"https:\/\/penzionpark.si\/de\/personal-data-protection\/","url":"https:\/\/penzionpark.si\/de\/personal-data-protection\/","name":"Personal data protection | Penzion Park - Lowest price guaranteed","isPartOf":{"@id":"https:\/\/penzionpark.si\/#website"},"datePublished":"2020-06-02T16:37:50+00:00","dateModified":"2021-01-02T15:11:23+00:00","breadcrumb":{"@id":"https:\/\/penzionpark.si\/de\/personal-data-protection\/#breadcrumb"},"inLanguage":"it-IT","potentialAction":[{"@type":"ReadAction","target":["https:\/\/penzionpark.si\/de\/personal-data-protection\/"]}]},{"@type":"BreadcrumbList","@id":"https:\/\/penzionpark.si\/de\/personal-data-protection\/#breadcrumb","itemListElement":[{"@type":"ListItem","position":1,"name":"Home","item":"https:\/\/penzionpark.si\/"},{"@type":"ListItem","position":2,"name":"Personal data protection"}]},{"@type":"WebSite","@id":"https:\/\/penzionpark.si\/#website","url":"https:\/\/penzionpark.si\/","name":"Penzion Park - Lowest price guaranteed","description":"Family hotel in La&scaron;ko","publisher":{"@id":"https:\/\/penzionpark.si\/#organization"},"potentialAction":[{"@type":"SearchAction","target":{"@type":"EntryPoint","urlTemplate":"https:\/\/penzionpark.si\/?s={search_term_string}"},"query-input":{"@type":"PropertyValueSpecification","valueRequired":true,"valueName":"search_term_string"}}],"inLanguage":"it-IT"},{"@type":"Organization","@id":"https:\/\/penzionpark.si\/#organization","name":"Penzion Park","url":"https:\/\/penzionpark.si\/","logo":{"@type":"ImageObject","inLanguage":"it-IT","@id":"https:\/\/penzionpark.si\/#\/schema\/logo\/image\/","url":"https:\/\/penzionpark.si\/wp-content\/uploads\/2020\/12\/Penzion-Park-favicon.png","contentUrl":"https:\/\/penzionpark.si\/wp-content\/uploads\/2020\/12\/Penzion-Park-favicon.png","width":354,"height":354,"caption":"Penzion Park"},"image":{"@id":"https:\/\/penzionpark.si\/#\/schema\/logo\/image\/"},"sameAs":["https:\/\/www.facebook.com\/PenzionParkLasko\/","https:\/\/www.instagram.com\/penzionparklasko\/"]}]}},"_links":{"self":[{"href":"https:\/\/penzionpark.si\/it\/wp-json\/wp\/v2\/pages\/390","targetHints":{"allow":["GET"]}}],"collection":[{"href":"https:\/\/penzionpark.si\/it\/wp-json\/wp\/v2\/pages"}],"about":[{"href":"https:\/\/penzionpark.si\/it\/wp-json\/wp\/v2\/types\/page"}],"author":[{"embeddable":true,"href":"https:\/\/penzionpark.si\/it\/wp-json\/wp\/v2\/users\/1"}],"replies":[{"embeddable":true,"href":"https:\/\/penzionpark.si\/it\/wp-json\/wp\/v2\/comments?post=390"}],"version-history":[{"count":0,"href":"https:\/\/penzionpark.si\/it\/wp-json\/wp\/v2\/pages\/390\/revisions"}],"wp:attachment":[{"href":"https:\/\/penzionpark.si\/it\/wp-json\/wp\/v2\/media?parent=390"}],"curies":[{"name":"wp","href":"https:\/\/api.w.org\/{rel}","templated":true}]}}