{"id":1197,"date":"2025-06-09T15:49:54","date_gmt":"2025-06-09T15:49:54","guid":{"rendered":"https:\/\/penzionpark.si\/?page_id=1197"},"modified":"2025-07-29T14:48:47","modified_gmt":"2025-07-29T14:48:47","slug":"drinking-water","status":"publish","type":"page","link":"https:\/\/penzionpark.si\/sl\/drinking-water\/","title":{"rendered":"Drinking water"},"content":{"rendered":"<div data-elementor-type=\"wp-page\" data-elementor-id=\"1197\" class=\"elementor elementor-1197\" data-elementor-post-type=\"page\">\n\t\t\t\t<div class=\"elementor-element elementor-element-e8adcb2 e-flex e-con-boxed e-con e-parent\" data-id=\"e8adcb2\" data-element_type=\"container\">\n\t\t\t\t\t<div class=\"e-con-inner\">\n\t\t\t\t<div class=\"elementor-element elementor-element-6723d4b6 elementor-widget elementor-widget-text-editor\" data-id=\"6723d4b6\" data-element_type=\"widget\" data-widget_type=\"text-editor.default\">\n\t\t\t\t<div class=\"elementor-widget-container\">\n\t\t\t\t\t\t\t<!-- wp:html -->\n<p><style>\n    body {\n      font-family: Arial, sans-serif;\n      line-height: 1.6;\n      margin: 0;\n      padding: 0;\n      background-color: #f9f9f9;\n    }\n    header {\n      background: #0074D9;\n      color: #fff;\n      padding: 1rem 0;\n      text-align: center;\n    }\n    main {\n      padding: 2rem;\n    }\n    section {\n      margin-bottom: 2rem;\n      background: #fff;\n      padding: 1.5rem;\n      border-radius: 5px;\n      box-shadow: 0px 2px 5px rgba(0, 0, 0, 0.1);\n    }\n    h1, h2 {\n      color: #333;\n    }\n    a {\n      color: #0074D9;\n      text-decoration: none;\n    }\n    a:hover {\n      text-decoration: underline;\n    }\n    footer {\n      text-align: center;\n      padding: 1rem 0;\n      background: #333;\n      color: #fff;\n      margin-top: 2rem;\n    }\n  <\/style><\/p>\n<header>\n<h1>Kakovost Pitne Vode<\/h1>\n<p>Sistem za oskrbo s pitno vodo \u2013 Informacije za javnost<\/p>\n<\/header><main><!-- Informacije o sistemu vodovoda -->\n<section>\n<h2>Informacije o sistemu vodovoda<\/h2>\n<p><strong>Ime sistema:<\/strong> Vodovodni sistem Penzion Park<\/p>\n<p><strong>Vir vode:<\/strong> Lastno zajetje<\/p>\n<p><strong>Na\u010din dezinfekcije:<\/strong> UV-razku\u017eevanje<\/p>\n<p><strong>Rezervni vir:<\/strong> V primeru prekinitve oskrbe se voda zagotavlja preko cistern.<\/p>\n<\/section>\n<!-- Rezultati analiz -->\n<section>\n<h2>Rezultati analiz<\/h2>\n<p>Rezultati analiz pitne vode so na voljo v spodnjih dokumentih:<\/p>\n<ul>\n<li style=\"list-style-type: none;\">\n<ul>\n<li><a href=\"https:\/\/penzionpark.si\/wp-content\/uploads\/2025\/06\/porocilo24102443.pdf\" target=\"_blank\" rel=\"noopener\">Poro\u010dilo o preskusu: 24\/102443, Vodovod Penzion Park La\u0161ko, zajetje (PDF)<\/a><\/li>\n<li><a href=\"https:\/\/penzionpark.si\/wp-content\/uploads\/2025\/06\/porocilo24102442.pdf\" target=\"_blank\" rel=\"noopener\">Poro\u010dilo o preskusu: 24\/102442, Vodovod Penzion Park, pipa v to\u010dilni mizi (PDF)<\/a><\/li>\n<li><a href=\"https:\/\/penzionpark.si\/wp-content\/uploads\/2025\/06\/porocilo_legionela.pdf\" target=\"_blank\" rel=\"noopener\">Poro\u010dilo o preskusu:PENZION PARK LA\u0160KO &#8211; spremljanje prisotnosti legionel v pitni vodi (PDF)<\/a><\/li>\n<li><a href=\"https:\/\/penzionpark.si\/wp-content\/uploads\/2025\/07\/Porocilo-o-izvedeni-nalogi-2300-21-66645-25-78355.pdf\" target=\"_blank\" rel=\"noopener\">Izvid pitne vode 24.07.2025 (PDF)<\/a><\/li>\n<\/ul>\n<\/li>\n<\/ul>\n<\/section>\n<!-- Obvestila za uporabnike -->\n<section>\n<h2>Obvestila za uporabnike<\/h2>\n<p><strong>Obvestilo:<\/strong> Vse meritve in analize ka\u017eejo na skladnost pitne vode z zakonodajnimi zahtevami. V primeru morebitnih te\u017eav z oskrbo vas bomo obvestili tukaj.<\/p>\n<\/section>\n<!-- Preventivni ukrepi -->\n<section>\n<h2>Preventivni ukrepi<\/h2>\n<p>Skrbimo za redno vzdr\u017eevanje sistema za oskrbo s pitno vodo:<\/p>\n<ul>\n<li>Redna menjava UV-\u017earnic in filtrov.<\/li>\n<li>Letne analize mikrobiolo\u0161kih in fizikalno-kemijskih parametrov.<\/li>\n<li>Redno \u010di\u0161\u010denje in dezinfekcija sistema.<\/li>\n<li>Merjenje temperatur vode na to\u010dkah razlitja in v zajetju.<\/li>\n<\/ul>\n<\/section>\n<!-- Pravne informacije -->\n<section>\n<h2>Pravne informacije<\/h2>\n<p>Na\u0161e delovanje je v skladu z zakonodajo Republike Slovenije, vklju\u010dno z:<\/p>\n<ul>\n<li><a href=\"https:\/\/pisrs.si\/pregledPredpisa?id=URED8706\" target=\"_blank\" rel=\"noopener\">Uredbo o pitni vodi (Ur. l. RS, \u0161t. 62\/23)<\/a><\/li>\n<li><a href=\"https:\/\/pisrs.si\/pregledPredpisa?id=ZAKO1381\" target=\"_blank\" rel=\"noopener\">Zakonodajo o zdravstveni skladnosti \u017eivil<\/a><\/li>\n<\/ul>\n<\/section>\n<!-- Kontaktni podatki -->\n<section>\n<h2>Kontaktni podatki<\/h2>\n<p><strong>Odgovorna oseba:<\/strong> Dmytro Lazebnyk<\/p>\n<p><strong>Telefon:<\/strong> +386 31 750 009<\/p>\n<p><strong>E-po\u0161ta:<\/strong> <a href=\"mailto:info@penzion-park.si\">info@penzion-park.si<\/a><\/p>\n<p><strong>Naslov:<\/strong> Zdravili\u0161ka cesta 22, La\u0161ko, Slovenija<\/p>\n<\/section>\n<\/main><!-- \/wp:html -->\t\t\t\t\t\t<\/div>\n\t\t\t\t<\/div>\n\t\t\t\t\t<\/div>\n\t\t\t\t<\/div>\n\t\t\t\t<\/div>","protected":false},"excerpt":{"rendered":"<p>Kakovost Pitne Vode Sistem za oskrbo s pitno vodo \u2013 Informacije za javnost Informacije o sistemu vodovoda Ime sistema: Vodovodni sistem Penzion Park Vir vode: Lastno zajetje Na\u010din dezinfekcije: UV-razku\u017eevanje Rezervni vir: V primeru prekinitve oskrbe se voda zagotavlja preko cistern. Rezultati analiz Rezultati analiz pitne vode so na voljo v spodnjih dokumentih: Poro\u010dilo o [&hellip;]<\/p>","protected":false},"author":1,"featured_media":0,"parent":0,"menu_order":0,"comment_status":"closed","ping_status":"closed","template":"","meta":{"footnotes":""},"class_list":["post-1197","page","type-page","status-publish","hentry"],"yoast_head":"<!-- This site is optimized with the Yoast SEO plugin v25.7 - https:\/\/yoast.com\/wordpress\/plugins\/seo\/ -->\n<title>Drinking water | Penzion Park - Lowest price guaranteed<\/title>\n<meta name=\"robots\" content=\"index, follow, max-snippet:-1, max-image-preview:large, max-video-preview:-1\" \/>\n<link rel=\"canonical\" href=\"https:\/\/penzionpark.si\/sl\/drinking-water\/\" \/>\n<meta property=\"og:locale\" content=\"sl_SI\" \/>\n<meta property=\"og:type\" content=\"article\" \/>\n<meta property=\"og:title\" content=\"Drinking water | Penzion Park - Lowest price guaranteed\" \/>\n<meta property=\"og:description\" content=\"Kakovost Pitne Vode Sistem za oskrbo s pitno vodo \u2013 Informacije za javnost Informacije o sistemu vodovoda Ime sistema: Vodovodni sistem Penzion Park Vir vode: Lastno zajetje Na\u010din dezinfekcije: UV-razku\u017eevanje Rezervni vir: V primeru prekinitve oskrbe se voda zagotavlja preko cistern. Rezultati analiz Rezultati analiz pitne vode so na voljo v spodnjih dokumentih: Poro\u010dilo o [&hellip;]\" \/>\n<meta property=\"og:url\" content=\"https:\/\/penzionpark.si\/sl\/drinking-water\/\" \/>\n<meta property=\"og:site_name\" content=\"Penzion Park - Lowest price guaranteed\" \/>\n<meta property=\"article:publisher\" content=\"https:\/\/www.facebook.com\/PenzionParkLasko\/\" \/>\n<meta property=\"article:modified_time\" content=\"2025-07-29T14:48:47+00:00\" \/>\n<meta name=\"twitter:card\" content=\"summary_large_image\" \/>\n<meta name=\"twitter:label1\" content=\"Est. reading time\" \/>\n\t<meta name=\"twitter:data1\" content=\"1 minuta\" \/>\n<script type=\"application\/ld+json\" class=\"yoast-schema-graph\">{\"@context\":\"https:\/\/schema.org\",\"@graph\":[{\"@type\":\"WebPage\",\"@id\":\"https:\/\/penzionpark.si\/drinking-water\/\",\"url\":\"https:\/\/penzionpark.si\/drinking-water\/\",\"name\":\"Drinking water | Penzion Park - Lowest price guaranteed\",\"isPartOf\":{\"@id\":\"https:\/\/penzionpark.si\/#website\"},\"datePublished\":\"2025-06-09T15:49:54+00:00\",\"dateModified\":\"2025-07-29T14:48:47+00:00\",\"breadcrumb\":{\"@id\":\"https:\/\/penzionpark.si\/drinking-water\/#breadcrumb\"},\"inLanguage\":\"sl-SI\",\"potentialAction\":[{\"@type\":\"ReadAction\",\"target\":[\"https:\/\/penzionpark.si\/drinking-water\/\"]}]},{\"@type\":\"BreadcrumbList\",\"@id\":\"https:\/\/penzionpark.si\/drinking-water\/#breadcrumb\",\"itemListElement\":[{\"@type\":\"ListItem\",\"position\":1,\"name\":\"Home\",\"item\":\"https:\/\/penzionpark.si\/\"},{\"@type\":\"ListItem\",\"position\":2,\"name\":\"Drinking water\"}]},{\"@type\":\"WebSite\",\"@id\":\"https:\/\/penzionpark.si\/#website\",\"url\":\"https:\/\/penzionpark.si\/\",\"name\":\"Penzion Park - Lowest price guaranteed\",\"description\":\"Family hotel in La&scaron;ko\",\"publisher\":{\"@id\":\"https:\/\/penzionpark.si\/#organization\"},\"potentialAction\":[{\"@type\":\"SearchAction\",\"target\":{\"@type\":\"EntryPoint\",\"urlTemplate\":\"https:\/\/penzionpark.si\/?s={search_term_string}\"},\"query-input\":{\"@type\":\"PropertyValueSpecification\",\"valueRequired\":true,\"valueName\":\"search_term_string\"}}],\"inLanguage\":\"sl-SI\"},{\"@type\":\"Organization\",\"@id\":\"https:\/\/penzionpark.si\/#organization\",\"name\":\"Penzion Park\",\"url\":\"https:\/\/penzionpark.si\/\",\"logo\":{\"@type\":\"ImageObject\",\"inLanguage\":\"sl-SI\",\"@id\":\"https:\/\/penzionpark.si\/#\/schema\/logo\/image\/\",\"url\":\"https:\/\/penzionpark.si\/wp-content\/uploads\/2020\/12\/Penzion-Park-favicon.png\",\"contentUrl\":\"https:\/\/penzionpark.si\/wp-content\/uploads\/2020\/12\/Penzion-Park-favicon.png\",\"width\":354,\"height\":354,\"caption\":\"Penzion Park\"},\"image\":{\"@id\":\"https:\/\/penzionpark.si\/#\/schema\/logo\/image\/\"},\"sameAs\":[\"https:\/\/www.facebook.com\/PenzionParkLasko\/\",\"https:\/\/www.instagram.com\/penzionparklasko\/\"]}]}<\/script>\n<!-- \/ Yoast SEO plugin. -->","yoast_head_json":{"title":"Drinking water | Penzion Park - Lowest price guaranteed","robots":{"index":"index","follow":"follow","max-snippet":"max-snippet:-1","max-image-preview":"max-image-preview:large","max-video-preview":"max-video-preview:-1"},"canonical":"https:\/\/penzionpark.si\/sl\/drinking-water\/","og_locale":"sl_SI","og_type":"article","og_title":"Drinking water | Penzion Park - Lowest price guaranteed","og_description":"Kakovost Pitne Vode Sistem za oskrbo s pitno vodo \u2013 Informacije za javnost Informacije o sistemu vodovoda Ime sistema: Vodovodni sistem Penzion Park Vir vode: Lastno zajetje Na\u010din dezinfekcije: UV-razku\u017eevanje Rezervni vir: V primeru prekinitve oskrbe se voda zagotavlja preko cistern. Rezultati analiz Rezultati analiz pitne vode so na voljo v spodnjih dokumentih: Poro\u010dilo o [&hellip;]","og_url":"https:\/\/penzionpark.si\/sl\/drinking-water\/","og_site_name":"Penzion Park - Lowest price guaranteed","article_publisher":"https:\/\/www.facebook.com\/PenzionParkLasko\/","article_modified_time":"2025-07-29T14:48:47+00:00","twitter_card":"summary_large_image","twitter_misc":{"Est. reading time":"1 minuta"},"schema":{"@context":"https:\/\/schema.org","@graph":[{"@type":"WebPage","@id":"https:\/\/penzionpark.si\/drinking-water\/","url":"https:\/\/penzionpark.si\/drinking-water\/","name":"Drinking water | Penzion Park - Lowest price guaranteed","isPartOf":{"@id":"https:\/\/penzionpark.si\/#website"},"datePublished":"2025-06-09T15:49:54+00:00","dateModified":"2025-07-29T14:48:47+00:00","breadcrumb":{"@id":"https:\/\/penzionpark.si\/drinking-water\/#breadcrumb"},"inLanguage":"sl-SI","potentialAction":[{"@type":"ReadAction","target":["https:\/\/penzionpark.si\/drinking-water\/"]}]},{"@type":"BreadcrumbList","@id":"https:\/\/penzionpark.si\/drinking-water\/#breadcrumb","itemListElement":[{"@type":"ListItem","position":1,"name":"Home","item":"https:\/\/penzionpark.si\/"},{"@type":"ListItem","position":2,"name":"Drinking water"}]},{"@type":"WebSite","@id":"https:\/\/penzionpark.si\/#website","url":"https:\/\/penzionpark.si\/","name":"Penzion Park - Zajam\u010deno najni\u017eja cena","description":"Family hotel in La&scaron;ko","publisher":{"@id":"https:\/\/penzionpark.si\/#organization"},"potentialAction":[{"@type":"SearchAction","target":{"@type":"EntryPoint","urlTemplate":"https:\/\/penzionpark.si\/?s={search_term_string}"},"query-input":{"@type":"PropertyValueSpecification","valueRequired":true,"valueName":"search_term_string"}}],"inLanguage":"sl-SI"},{"@type":"Organization","@id":"https:\/\/penzionpark.si\/#organization","name":"Penzion Park","url":"https:\/\/penzionpark.si\/","logo":{"@type":"ImageObject","inLanguage":"sl-SI","@id":"https:\/\/penzionpark.si\/#\/schema\/logo\/image\/","url":"https:\/\/penzionpark.si\/wp-content\/uploads\/2020\/12\/Penzion-Park-favicon.png","contentUrl":"https:\/\/penzionpark.si\/wp-content\/uploads\/2020\/12\/Penzion-Park-favicon.png","width":354,"height":354,"caption":"Penzion Park"},"image":{"@id":"https:\/\/penzionpark.si\/#\/schema\/logo\/image\/"},"sameAs":["https:\/\/www.facebook.com\/PenzionParkLasko\/","https:\/\/www.instagram.com\/penzionparklasko\/"]}]}},"_links":{"self":[{"href":"https:\/\/penzionpark.si\/sl\/wp-json\/wp\/v2\/pages\/1197","targetHints":{"allow":["GET"]}}],"collection":[{"href":"https:\/\/penzionpark.si\/sl\/wp-json\/wp\/v2\/pages"}],"about":[{"href":"https:\/\/penzionpark.si\/sl\/wp-json\/wp\/v2\/types\/page"}],"author":[{"embeddable":true,"href":"https:\/\/penzionpark.si\/sl\/wp-json\/wp\/v2\/users\/1"}],"replies":[{"embeddable":true,"href":"https:\/\/penzionpark.si\/sl\/wp-json\/wp\/v2\/comments?post=1197"}],"version-history":[{"count":0,"href":"https:\/\/penzionpark.si\/sl\/wp-json\/wp\/v2\/pages\/1197\/revisions"}],"wp:attachment":[{"href":"https:\/\/penzionpark.si\/sl\/wp-json\/wp\/v2\/media?parent=1197"}],"curies":[{"name":"wp","href":"https:\/\/api.w.org\/{rel}","templated":true}]}}