{"id":1228,"date":"2025-06-30T14:26:00","date_gmt":"2025-06-30T14:26:00","guid":{"rendered":"https:\/\/penzionpark.si\/?page_id=1228"},"modified":"2025-06-30T14:27:34","modified_gmt":"2025-06-30T14:27:34","slug":"accessibility-statement","status":"publish","type":"page","link":"https:\/\/penzionpark.si\/sl\/accessibility-statement\/","title":{"rendered":"Izjava o dostopnosti"},"content":{"rendered":"<h1>Izjava o dostopnosti<\/h1>\n\n  <p class=\"translation-block\">Lazebnik d.o.o. se zavezuje omogo\u010dati dostopnost svojega spletnega mesta \n    <a href=\"https:\/\/penzionpark.si\/sl\/\">www.penzionpark.si<\/a> v skladu z Zakonom o dostopnosti spleti\u0161\u010d in mobilnih aplikacij \n    (Uradni list RS, \u0161t. 30\/18, ZDSMA) in Zakonom o dostopnosti proizvodov in storitev (Uradni list RS, \u0161t. 99\/23, ZDPSI).<\/p>\n\n  <p class=\"translation-block\">To spletno mesto je <strong>delno skladno<\/strong> s standardom WCAG 2.1 AA zaradi nekaterih izjem in nesorazmernega bremena.<\/p>\n\n  <h3>Stopnja skladnosti<\/h3>\n  <p class=\"translation-block\">Spletna stran je <strong>delno skladna<\/strong> s smernicami WCAG 2.1 na ravni AA.<\/p>\n\n  <h3>Nedostopne vsebine<\/h3>\n  <ul>\n    <li>Nekatere slike nimajo alternativnega besedila (alt-opisov),<\/li>\n    <li>Naslovi niso vedno logi\u010dno strukturirani (H1\u2013H6),<\/li>\n    <li>Mo\u017ena nezadostna kontrastnost med besedilom in ozadjem,<\/li>\n    <li>Mo\u017ene omejitve pri uporabi tipkovnice za navigacijo.<\/li>\n  <\/ul>\n\n  <p>\n    Trudimo se izbolj\u0161ati dostopnost glede na na\u0161e tehni\u010dne in finan\u010dne zmogljivosti kot mikro podjetje.\n  <\/p>\n\n  <h3>Kontakt za povratne informacije<\/h3>\n  <p>\n    \u010ce naletite na te\u017eave ali imate predloge, pi\u0161ite na:<br \/>\n    \ud83d\udce7 <a href=\"mailto:info@penzionpark.si\">info@penzionpark.si<\/a><br \/>\n    \ud83d\udcde +386 (0)3 734 52 10\n  <\/p>\n\n  <p>Odgovor boste prejeli v najkraj\u0161em mo\u017enem \u010dasu, najpozneje v 8 delovnih dneh.<\/p>\n\n  <h3>Izvr\u0161ilni postopek<\/h3>\n  <p class=\"translation-block\">If you are not satisfied with our response, you may contact:<br>\r\n    <strong>Ministry for Digital Transformation<\/strong><br>\r\n    Inspectorate for the Information Society<br>\r\n    Dav\u010dna ulica 1, 1000 Ljubljana<br>\r\n    \ud83d\udce7 <a href=\"mailto:gp.mdp@gov.si\" target=\"_self\">gp.mdp@gov.si<\/a><br>\r\n    \ud83d\udcde +386 1 555 58 48<\/p>","protected":false},"excerpt":{"rendered":"<p>Accessibility Statement Lazebnik d.o.o. is committed to making its website www.penzionpark.si accessible in accordance with the Slovenian Accessibility of Websites and Mobile Applications Act (ZDSMA) and the Accessibility of Products and Services Act (ZDPSI). This website is partially compliant with the WCAG 2.1 level AA guidelines due to certain limitations and the disproportionate burden principle. [&hellip;]<\/p>","protected":false},"author":1,"featured_media":0,"parent":0,"menu_order":0,"comment_status":"closed","ping_status":"closed","template":"","meta":{"footnotes":""},"class_list":["post-1228","page","type-page","status-publish","hentry"],"yoast_head":"<!-- This site is optimized with the Yoast SEO plugin v25.7 - https:\/\/yoast.com\/wordpress\/plugins\/seo\/ -->\n<title>Accessibility Statement | Penzion Park - Lowest price guaranteed<\/title>\n<meta name=\"robots\" content=\"index, follow, max-snippet:-1, max-image-preview:large, max-video-preview:-1\" \/>\n<link rel=\"canonical\" href=\"https:\/\/penzionpark.si\/sl\/accessibility-statement\/\" \/>\n<meta property=\"og:locale\" content=\"sl_SI\" \/>\n<meta property=\"og:type\" content=\"article\" \/>\n<meta property=\"og:title\" content=\"Accessibility Statement | Penzion Park - Lowest price guaranteed\" \/>\n<meta property=\"og:description\" content=\"Accessibility Statement Lazebnik d.o.o. is committed to making its website www.penzionpark.si accessible in accordance with the Slovenian Accessibility of Websites and Mobile Applications Act (ZDSMA) and the Accessibility of Products and Services Act (ZDPSI). This website is partially compliant with the WCAG 2.1 level AA guidelines due to certain limitations and the disproportionate burden principle. [&hellip;]\" \/>\n<meta property=\"og:url\" content=\"https:\/\/penzionpark.si\/sl\/accessibility-statement\/\" \/>\n<meta property=\"og:site_name\" content=\"Penzion Park - Lowest price guaranteed\" \/>\n<meta property=\"article:publisher\" content=\"https:\/\/www.facebook.com\/PenzionParkLasko\/\" \/>\n<meta property=\"article:modified_time\" content=\"2025-06-30T14:27:34+00:00\" \/>\n<meta name=\"twitter:card\" content=\"summary_large_image\" \/>\n<meta name=\"twitter:label1\" content=\"Est. reading time\" \/>\n\t<meta name=\"twitter:data1\" content=\"1 minuta\" \/>\n<script type=\"application\/ld+json\" class=\"yoast-schema-graph\">{\"@context\":\"https:\/\/schema.org\",\"@graph\":[{\"@type\":\"WebPage\",\"@id\":\"https:\/\/penzionpark.si\/accessibility-statement\/\",\"url\":\"https:\/\/penzionpark.si\/accessibility-statement\/\",\"name\":\"Accessibility Statement | Penzion Park - Lowest price guaranteed\",\"isPartOf\":{\"@id\":\"https:\/\/penzionpark.si\/#website\"},\"datePublished\":\"2025-06-30T14:26:00+00:00\",\"dateModified\":\"2025-06-30T14:27:34+00:00\",\"breadcrumb\":{\"@id\":\"https:\/\/penzionpark.si\/accessibility-statement\/#breadcrumb\"},\"inLanguage\":\"sl-SI\",\"potentialAction\":[{\"@type\":\"ReadAction\",\"target\":[\"https:\/\/penzionpark.si\/accessibility-statement\/\"]}]},{\"@type\":\"BreadcrumbList\",\"@id\":\"https:\/\/penzionpark.si\/accessibility-statement\/#breadcrumb\",\"itemListElement\":[{\"@type\":\"ListItem\",\"position\":1,\"name\":\"Home\",\"item\":\"https:\/\/penzionpark.si\/\"},{\"@type\":\"ListItem\",\"position\":2,\"name\":\"Accessibility Statement\"}]},{\"@type\":\"WebSite\",\"@id\":\"https:\/\/penzionpark.si\/#website\",\"url\":\"https:\/\/penzionpark.si\/\",\"name\":\"Penzion Park - Lowest price guaranteed\",\"description\":\"Family hotel in La&scaron;ko\",\"publisher\":{\"@id\":\"https:\/\/penzionpark.si\/#organization\"},\"potentialAction\":[{\"@type\":\"SearchAction\",\"target\":{\"@type\":\"EntryPoint\",\"urlTemplate\":\"https:\/\/penzionpark.si\/?s={search_term_string}\"},\"query-input\":{\"@type\":\"PropertyValueSpecification\",\"valueRequired\":true,\"valueName\":\"search_term_string\"}}],\"inLanguage\":\"sl-SI\"},{\"@type\":\"Organization\",\"@id\":\"https:\/\/penzionpark.si\/#organization\",\"name\":\"Penzion Park\",\"url\":\"https:\/\/penzionpark.si\/\",\"logo\":{\"@type\":\"ImageObject\",\"inLanguage\":\"sl-SI\",\"@id\":\"https:\/\/penzionpark.si\/#\/schema\/logo\/image\/\",\"url\":\"https:\/\/penzionpark.si\/wp-content\/uploads\/2020\/12\/Penzion-Park-favicon.png\",\"contentUrl\":\"https:\/\/penzionpark.si\/wp-content\/uploads\/2020\/12\/Penzion-Park-favicon.png\",\"width\":354,\"height\":354,\"caption\":\"Penzion Park\"},\"image\":{\"@id\":\"https:\/\/penzionpark.si\/#\/schema\/logo\/image\/\"},\"sameAs\":[\"https:\/\/www.facebook.com\/PenzionParkLasko\/\",\"https:\/\/www.instagram.com\/penzionparklasko\/\"]}]}<\/script>\n<!-- \/ Yoast SEO plugin. -->","yoast_head_json":{"title":"Accessibility Statement | Penzion Park - Lowest price guaranteed","robots":{"index":"index","follow":"follow","max-snippet":"max-snippet:-1","max-image-preview":"max-image-preview:large","max-video-preview":"max-video-preview:-1"},"canonical":"https:\/\/penzionpark.si\/sl\/accessibility-statement\/","og_locale":"sl_SI","og_type":"article","og_title":"Accessibility Statement | Penzion Park - Lowest price guaranteed","og_description":"Accessibility Statement Lazebnik d.o.o. is committed to making its website www.penzionpark.si accessible in accordance with the Slovenian Accessibility of Websites and Mobile Applications Act (ZDSMA) and the Accessibility of Products and Services Act (ZDPSI). This website is partially compliant with the WCAG 2.1 level AA guidelines due to certain limitations and the disproportionate burden principle. [&hellip;]","og_url":"https:\/\/penzionpark.si\/sl\/accessibility-statement\/","og_site_name":"Penzion Park - Lowest price guaranteed","article_publisher":"https:\/\/www.facebook.com\/PenzionParkLasko\/","article_modified_time":"2025-06-30T14:27:34+00:00","twitter_card":"summary_large_image","twitter_misc":{"Est. reading time":"1 minuta"},"schema":{"@context":"https:\/\/schema.org","@graph":[{"@type":"WebPage","@id":"https:\/\/penzionpark.si\/accessibility-statement\/","url":"https:\/\/penzionpark.si\/accessibility-statement\/","name":"Accessibility Statement | Penzion Park - Lowest price guaranteed","isPartOf":{"@id":"https:\/\/penzionpark.si\/#website"},"datePublished":"2025-06-30T14:26:00+00:00","dateModified":"2025-06-30T14:27:34+00:00","breadcrumb":{"@id":"https:\/\/penzionpark.si\/accessibility-statement\/#breadcrumb"},"inLanguage":"sl-SI","potentialAction":[{"@type":"ReadAction","target":["https:\/\/penzionpark.si\/accessibility-statement\/"]}]},{"@type":"BreadcrumbList","@id":"https:\/\/penzionpark.si\/accessibility-statement\/#breadcrumb","itemListElement":[{"@type":"ListItem","position":1,"name":"Home","item":"https:\/\/penzionpark.si\/"},{"@type":"ListItem","position":2,"name":"Accessibility Statement"}]},{"@type":"WebSite","@id":"https:\/\/penzionpark.si\/#website","url":"https:\/\/penzionpark.si\/","name":"Penzion Park - Zajam\u010deno najni\u017eja cena","description":"Family hotel in La&scaron;ko","publisher":{"@id":"https:\/\/penzionpark.si\/#organization"},"potentialAction":[{"@type":"SearchAction","target":{"@type":"EntryPoint","urlTemplate":"https:\/\/penzionpark.si\/?s={search_term_string}"},"query-input":{"@type":"PropertyValueSpecification","valueRequired":true,"valueName":"search_term_string"}}],"inLanguage":"sl-SI"},{"@type":"Organization","@id":"https:\/\/penzionpark.si\/#organization","name":"Penzion Park","url":"https:\/\/penzionpark.si\/","logo":{"@type":"ImageObject","inLanguage":"sl-SI","@id":"https:\/\/penzionpark.si\/#\/schema\/logo\/image\/","url":"https:\/\/penzionpark.si\/wp-content\/uploads\/2020\/12\/Penzion-Park-favicon.png","contentUrl":"https:\/\/penzionpark.si\/wp-content\/uploads\/2020\/12\/Penzion-Park-favicon.png","width":354,"height":354,"caption":"Penzion Park"},"image":{"@id":"https:\/\/penzionpark.si\/#\/schema\/logo\/image\/"},"sameAs":["https:\/\/www.facebook.com\/PenzionParkLasko\/","https:\/\/www.instagram.com\/penzionparklasko\/"]}]}},"_links":{"self":[{"href":"https:\/\/penzionpark.si\/sl\/wp-json\/wp\/v2\/pages\/1228","targetHints":{"allow":["GET"]}}],"collection":[{"href":"https:\/\/penzionpark.si\/sl\/wp-json\/wp\/v2\/pages"}],"about":[{"href":"https:\/\/penzionpark.si\/sl\/wp-json\/wp\/v2\/types\/page"}],"author":[{"embeddable":true,"href":"https:\/\/penzionpark.si\/sl\/wp-json\/wp\/v2\/users\/1"}],"replies":[{"embeddable":true,"href":"https:\/\/penzionpark.si\/sl\/wp-json\/wp\/v2\/comments?post=1228"}],"version-history":[{"count":0,"href":"https:\/\/penzionpark.si\/sl\/wp-json\/wp\/v2\/pages\/1228\/revisions"}],"wp:attachment":[{"href":"https:\/\/penzionpark.si\/sl\/wp-json\/wp\/v2\/media?parent=1228"}],"curies":[{"name":"wp","href":"https:\/\/api.w.org\/{rel}","templated":true}]}}