{"id":206,"date":"2020-05-13T09:49:01","date_gmt":"2020-05-13T09:49:01","guid":{"rendered":"http:\/\/wp\/?page_id=206"},"modified":"2020-06-17T15:53:02","modified_gmt":"2020-06-17T15:53:02","slug":"history","status":"publish","type":"page","link":"https:\/\/penzionpark.si\/sl\/history\/","title":{"rendered":"Zgodovina"},"content":{"rendered":"<div data-elementor-type=\"wp-page\" data-elementor-id=\"206\" class=\"elementor elementor-206\" data-elementor-post-type=\"page\">\n\t\t\t\t\t\t<section class=\"elementor-section elementor-top-section elementor-element elementor-element-fa112cb elementor-section-boxed elementor-section-height-default elementor-section-height-default\" data-id=\"fa112cb\" data-element_type=\"section\">\n\t\t\t\t\t\t<div class=\"elementor-container elementor-column-gap-default\">\n\t\t\t\t\t<div class=\"elementor-column elementor-col-50 elementor-top-column elementor-element elementor-element-26db9af\" data-id=\"26db9af\" data-element_type=\"column\">\n\t\t\t<div class=\"elementor-widget-wrap elementor-element-populated\">\n\t\t\t\t\t\t<div class=\"elementor-element elementor-element-094bbbc elementor-widget elementor-widget-text-editor\" data-id=\"094bbbc\" data-element_type=\"widget\" data-widget_type=\"text-editor.default\">\n\t\t\t\t<div class=\"elementor-widget-container\">\n\t\t\t\t\t\t\t<h1>ZGODOVINA<\/h1>\n<p>Na obmo\u010dju Penziona Park je neko\u010d stal Zobinov mlin (znan tudi kot Gunzelov ali Slani\u010dev mlin), kasneje pa so na tem mestu postavili Mlinski dvor (M\u00fchlhof), ki je bil del takratnih La\u0161kih term.<\/p>\n<p>Ko so leta 1770 na desnem bregu Re\u010dice kopali temelje za Zobinov mlin, so naleteli na sledove toplih vrelcev, ki pa so jih takoj zasuli. V spomin, da so tu na\u0161li tople vrelce, so na levem bregu Re\u010dice postavili Marijino kapelico, ki so jo po drugi svetovni vojni odstranili.<\/p>\n<p>Leta 1846 so se za\u010deli za la\u0161ke vrelce resno zanimati tudi Uhlichi, gospodarsko mo\u010dni lastniki kopali\u0161\u010da v Rimskih Toplicah<\/p>\t\t\t\t\t\t<\/div>\n\t\t\t\t<\/div>\n\t\t\t\t\t<\/div>\n\t\t<\/div>\n\t\t\t\t<div class=\"elementor-column elementor-col-50 elementor-top-column elementor-element elementor-element-7ef02c9\" data-id=\"7ef02c9\" data-element_type=\"column\">\n\t\t\t<div class=\"elementor-widget-wrap elementor-element-populated\">\n\t\t\t\t\t\t<div class=\"elementor-element elementor-element-6f3df25 elementor-widget elementor-widget-image\" data-id=\"6f3df25\" data-element_type=\"widget\" data-widget_type=\"image.default\">\n\t\t\t\t<div class=\"elementor-widget-container\">\n\t\t\t\t\t\t\t\t\t\t\t\t\t<img fetchpriority=\"high\" decoding=\"async\" width=\"781\" height=\"560\" src=\"https:\/\/penzionpark.si\/wp-content\/uploads\/2020\/06\/history-2.png\" class=\"attachment-large size-large wp-image-412\" alt=\"\" srcset=\"https:\/\/penzionpark.si\/wp-content\/uploads\/2020\/06\/history-2.png 781w, https:\/\/penzionpark.si\/wp-content\/uploads\/2020\/06\/history-2-300x215.png 300w, https:\/\/penzionpark.si\/wp-content\/uploads\/2020\/06\/history-2-768x551.png 768w\" sizes=\"(max-width: 781px) 100vw, 781px\" \/>\t\t\t\t\t\t\t\t\t\t\t\t\t<\/div>\n\t\t\t\t<\/div>\n\t\t\t\t\t<\/div>\n\t\t<\/div>\n\t\t\t\t\t<\/div>\n\t\t<\/section>\n\t\t\t\t<section class=\"elementor-section elementor-top-section elementor-element elementor-element-fa08f6a elementor-section-boxed elementor-section-height-default elementor-section-height-default\" data-id=\"fa08f6a\" data-element_type=\"section\" data-settings=\"{&quot;background_background&quot;:&quot;classic&quot;}\">\n\t\t\t\t\t\t<div class=\"elementor-container elementor-column-gap-default\">\n\t\t\t\t\t<div class=\"elementor-column elementor-col-100 elementor-top-column elementor-element elementor-element-e25772a\" data-id=\"e25772a\" data-element_type=\"column\" data-settings=\"{&quot;background_background&quot;:&quot;classic&quot;}\">\n\t\t\t<div class=\"elementor-widget-wrap elementor-element-populated\">\n\t\t\t\t\t\t<div class=\"elementor-element elementor-element-bc16f70 elementor-widget elementor-widget-text-editor\" data-id=\"bc16f70\" data-element_type=\"widget\" data-widget_type=\"text-editor.default\">\n\t\t\t\t<div class=\"elementor-widget-container\">\n\t\t\t\t\t\t\t<p>Zanimivo je, kako si je in\u017eenir R\u00f6del prvotno zami\u0161ljal napeljavo vrelcev iz podro\u010dja kasnej\u0161ega Mlinskega dvora v kopali\u0161\u010da. S tremi navpi\u010dnimi cevmi iz trdega lesa, ki jih je \u010dvrsto vstavil v izolirane dolomitne razpoke, je hotel dvigniti toplo vodo tako visoko, da bi sama od sebe odtekala v bazen, toda voda se je v ceveh dvignila samo do dolo\u010dene vi\u0161ine (takrat 120 cm) nad gladino Savinje. Kon\u010dno je spoznal, da bo moral od izvirov napraviti poseben neprodu\u0161en kanal do \u010drpalnih naprav, ki so \u0161ele lahko dovajale vodo v vi\u0161je prostore. Iz potoka Re\u010dica je moral napeljati poseben vodni kanal do severne stene novega kopali\u0161\u010da, kjer je namestil veliko leseno kolo na vodni pogon, da so \u010drpalke potiskale vodo v kopali\u0161\u010de. Zaradi tega je moral odkupiti in podreti Zobinov mlin ob Re\u010dici. Leta 1853 je bil dograjen bazen v izmeri 18x 5 x 1,5 m z vsebino vode 900 hI, ki so ga napolnili v \u0161tirih urah. To je bil takrat najve\u010dji izmed vseh \u0161tajerskih zaprtih bazenov. Onstran potoka Re\u010dica na levem bregu je zgradil vilo R\u00f6del (R\u00f6delhof), kjer je stanoval z dru\u017eino. Za vilo je postavil dolg, nizek, pokrit hodnik z okrasnimi kipi in vodometom. Na severni strani je postavil gospodarsko poslopje z velikim vrtom. Poleg skalnih sten na desnem bregu Re\u010dice je zgradil enonadstropno poslopje Mlinski dvor (M\u00fchlhof), ki spominja na nekdanji Zobinov mlin. V Mlinskem dvoru je bilo na razpolago 24 sob.<\/p>\n<p>Iz studenca na gozdnatem pobo\u010dju nad vilo M\u00fchlhof je napeljal lastni vodovod za potrebe celotnega Zdravili\u0161\u010da. Vodovod iz tega studenca, v katerem se nahaja zelo kvalitetna voda, je tako po ve\u010d kot 160 letih \u0161e vedno v uporabi za potrebe Penziona Park.<\/p>\n<p>V skalni votlini za Mlinskim dvorom so imeli hladilnico z ledom, ki so ga pozimi lomili na bli\u017enji Lavi. Tu so imeli skladi\u0161\u010de pija\u010d in zelenjave.<\/p>\n<p>Na sredini vile Mlinski dvor je zgradil stolpno nadstropje z odprto teraso na vrhu, kamor so obe\u0161ali zastave. V tem poslopju so bivali godbeniki raznih pihalnih godb in orkestrov z \u017eenami in otroki. Tu sta bila tudi brivski in lasni\u010darski salon. Spredaj je bilo majhno jezero, kjer so goste zabavali beli labodi, pa tudi gosi in race.<\/p>\t\t\t\t\t\t<\/div>\n\t\t\t\t<\/div>\n\t\t\t\t\t<\/div>\n\t\t<\/div>\n\t\t\t\t\t<\/div>\n\t\t<\/section>\n\t\t\t\t<section class=\"elementor-section elementor-top-section elementor-element elementor-element-35af90e elementor-section-boxed elementor-section-height-default elementor-section-height-default\" data-id=\"35af90e\" data-element_type=\"section\">\n\t\t\t\t\t\t<div class=\"elementor-container elementor-column-gap-default\">\n\t\t\t\t\t<div class=\"elementor-column elementor-col-50 elementor-top-column elementor-element elementor-element-d03da3c\" data-id=\"d03da3c\" data-element_type=\"column\">\n\t\t\t<div class=\"elementor-widget-wrap elementor-element-populated\">\n\t\t\t\t\t\t<div class=\"elementor-element elementor-element-a461a6e elementor-widget elementor-widget-image\" data-id=\"a461a6e\" data-element_type=\"widget\" data-widget_type=\"image.default\">\n\t\t\t\t<div class=\"elementor-widget-container\">\n\t\t\t\t\t\t\t\t\t\t\t\t\t<img decoding=\"async\" width=\"776\" height=\"535\" src=\"https:\/\/penzionpark.si\/wp-content\/uploads\/2020\/06\/history-5.png\" class=\"attachment-large size-large wp-image-415\" alt=\"\" srcset=\"https:\/\/penzionpark.si\/wp-content\/uploads\/2020\/06\/history-5.png 776w, https:\/\/penzionpark.si\/wp-content\/uploads\/2020\/06\/history-5-300x207.png 300w, https:\/\/penzionpark.si\/wp-content\/uploads\/2020\/06\/history-5-768x529.png 768w\" sizes=\"(max-width: 776px) 100vw, 776px\" \/>\t\t\t\t\t\t\t\t\t\t\t\t\t<\/div>\n\t\t\t\t<\/div>\n\t\t\t\t\t<\/div>\n\t\t<\/div>\n\t\t\t\t<div class=\"elementor-column elementor-col-50 elementor-top-column elementor-element elementor-element-0600e01\" data-id=\"0600e01\" data-element_type=\"column\">\n\t\t\t<div class=\"elementor-widget-wrap elementor-element-populated\">\n\t\t\t\t\t\t<div class=\"elementor-element elementor-element-0f0524e elementor-widget elementor-widget-text-editor\" data-id=\"0f0524e\" data-element_type=\"widget\" data-widget_type=\"text-editor.default\">\n\t\t\t\t<div class=\"elementor-widget-container\">\n\t\t\t\t\t\t\t<p>Leta 1920 so zopet vzpostavili v obratovanje premogovnik Huda jama. Zgrajena je bila rudni\u0161ka \u017eeleznica in predor skozi skalovje pri Mlinskem dvoru. Pri tem je rudnik zasul z jamsko jalovino vso tamkaj\u0161njo povr\u0161ino zaradi nivelacije proge. S tem je bilo konec znane letovi\u0161ke sprehajalne poti v Re\u010dico. Zasuta je bila Lava, kjer so lomili led za hladilnico. Po prvi svetovni vojni so se v Mlinskem dvoru naselili revni stanovalci, \u010deprav je bil povsem dotrajan, ker ga nih\u010de ni vzdr\u017eeval. Leta 1927 so to znamenito poslopje podrli. Stavbni mojster Srebot si je v La\u0161kem iz preostalega materiala postavil hi\u0161o.<\/p>\n<p>Leta 1989 se je porodila ideja o revitalizaciji tega obmo\u010dja. Tako je ob podpori takratnega Zdravili\u0161\u010da La\u0161ko nastal \u0161portno turisti\u010dni kompleks Penzion Park, ki je svoja vrata odprl leta 1994.<\/p>\n<p>Kot zanimivost lahko \u0161e povemo, da smo pri gradnji objektov dana\u0161njega Penziona Park naleteli na opu\u0161\u010den rudni\u0161ki rov, iz katerega \u0161e vedno hranimo del lesenega podporja.<\/p>\t\t\t\t\t\t<\/div>\n\t\t\t\t<\/div>\n\t\t\t\t\t<\/div>\n\t\t<\/div>\n\t\t\t\t\t<\/div>\n\t\t<\/section>\n\t\t\t\t<section class=\"elementor-section elementor-top-section elementor-element elementor-element-2f5aa92 elementor-section-boxed elementor-section-height-default elementor-section-height-default\" data-id=\"2f5aa92\" data-element_type=\"section\">\n\t\t\t\t\t\t<div class=\"elementor-container elementor-column-gap-default\">\n\t\t\t\t\t<div class=\"elementor-column elementor-col-100 elementor-top-column elementor-element elementor-element-61a93c9\" data-id=\"61a93c9\" data-element_type=\"column\">\n\t\t\t<div class=\"elementor-widget-wrap elementor-element-populated\">\n\t\t\t\t\t\t<div class=\"elementor-element elementor-element-a791dd3 bdt-navigation-type-arrows bdt-ep-custom-carousel-style-carousel elementor-widget elementor-widget-bdt-custom-carousel\" data-id=\"a791dd3\" data-element_type=\"widget\" data-widget_type=\"bdt-custom-carousel.default\">\n\t\t\t\t<div class=\"elementor-widget-container\">\n\t\t\t\t\t<div id=\"bdt-ep-custom-carousel-a791dd3\" class=\"bdt-ep-custom-carousel elementor-swiper bdt-skin-default bdt-arrows-align-center\" data-bdt-lightbox=\"toggle: .bdt-ep-custom-carousel-lightbox-item; animation: slide;\" data-settings=\"{&quot;autoplay&quot;:{&quot;delay&quot;:5000},&quot;loop&quot;:true,&quot;speed&quot;:500,&quot;slidesPerView&quot;:1,&quot;spaceBetween&quot;:10,&quot;effect&quot;:&quot;carousel&quot;,&quot;slidesPerGroup&quot;:1,&quot;breakpoints&quot;:{&quot;767&quot;:{&quot;slidesPerView&quot;:2,&quot;spaceBetween&quot;:10,&quot;slidesPerGroup&quot;:1},&quot;1023&quot;:{&quot;slidesPerView&quot;:3,&quot;spaceBetween&quot;:10,&quot;slidesPerGroup&quot;:1}},&quot;navigation&quot;:{&quot;nextEl&quot;:&quot;#bdt-ep-custom-carousel-a791dd3 .bdt-navigation-next&quot;,&quot;prevEl&quot;:&quot;#bdt-ep-custom-carousel-a791dd3 .bdt-navigation-prev&quot;},&quot;pagination&quot;:{&quot;el&quot;:&quot;#bdt-ep-custom-carousel-a791dd3 .swiper-pagination&quot;,&quot;type&quot;:&quot;&quot;,&quot;clickable&quot;:&quot;true&quot;,&quot;dynamicBullets&quot;:false},&quot;scrollbar&quot;:{&quot;el&quot;:&quot;#bdt-ep-custom-carousel-a791dd3 .swiper-scrollbar&quot;,&quot;hide&quot;:&quot;true&quot;},&quot;coverflowEffect&quot;:{&quot;rotate&quot;:50,&quot;stretch&quot;:0,&quot;depth&quot;:100,&quot;modifier&quot;:1,&quot;slideShadows&quot;:true}}\">\n\t\t\t<div class=\"swiper-carousel swiper\">\n\t\t\t\t<div class=\"swiper-wrapper\">\n\t\t\t\t\t\t\t\t<div class=\"swiper-slide bdt-ep-custom-carousel-item bdt-transition-toggle\">\n\t\t\t\t<a href=\"https:\/\/penzionpark.si\/wp-content\/uploads\/2020\/06\/history-6.png\" class=\"bdt-ep-custom-carousel-lightbox-item\" data-elementor-open-lightbox=\"no\" data-caption=\"\">\t\t<div class=\"bdt-ep-custom-carousel-thumbnail\" style=\"background-image: url(https:\/\/penzionpark.si\/wp-content\/uploads\/2020\/06\/history-6.png)\"><\/div>\n\n\t\t\n\t\t<\/a>\t\t\t<\/div>\n\t\t\t\t\t\t<div class=\"swiper-slide bdt-ep-custom-carousel-item bdt-transition-toggle\">\n\t\t\t\t<a href=\"https:\/\/penzionpark.si\/wp-content\/uploads\/2020\/06\/history-5.png\" class=\"bdt-ep-custom-carousel-lightbox-item\" data-elementor-open-lightbox=\"no\" data-caption=\"\">\t\t<div class=\"bdt-ep-custom-carousel-thumbnail\" style=\"background-image: url(https:\/\/penzionpark.si\/wp-content\/uploads\/2020\/06\/history-5.png)\"><\/div>\n\n\t\t\n\t\t<\/a>\t\t\t<\/div>\n\t\t\t\t\t\t<div class=\"swiper-slide bdt-ep-custom-carousel-item bdt-transition-toggle\">\n\t\t\t\t<a href=\"https:\/\/penzionpark.si\/wp-content\/uploads\/2020\/06\/history-4.png\" class=\"bdt-ep-custom-carousel-lightbox-item\" data-elementor-open-lightbox=\"no\" data-caption=\"\">\t\t<div class=\"bdt-ep-custom-carousel-thumbnail\" style=\"background-image: url(https:\/\/penzionpark.si\/wp-content\/uploads\/2020\/06\/history-4.png)\"><\/div>\n\n\t\t\n\t\t<\/a>\t\t\t<\/div>\n\t\t\t\t\t\t<div class=\"swiper-slide bdt-ep-custom-carousel-item bdt-transition-toggle\">\n\t\t\t\t<a href=\"https:\/\/penzionpark.si\/wp-content\/uploads\/2020\/06\/history-3.png\" class=\"bdt-ep-custom-carousel-lightbox-item\" data-elementor-open-lightbox=\"no\" data-caption=\"\">\t\t<div class=\"bdt-ep-custom-carousel-thumbnail\" style=\"background-image: url(https:\/\/penzionpark.si\/wp-content\/uploads\/2020\/06\/history-3.png)\"><\/div>\n\n\t\t\n\t\t<\/a>\t\t\t<\/div>\n\t\t\t\t\t\t<div class=\"swiper-slide bdt-ep-custom-carousel-item bdt-transition-toggle\">\n\t\t\t\t<a href=\"https:\/\/penzionpark.si\/wp-content\/uploads\/2020\/06\/history-2.png\" class=\"bdt-ep-custom-carousel-lightbox-item\" data-elementor-open-lightbox=\"no\" data-caption=\"\">\t\t<div class=\"bdt-ep-custom-carousel-thumbnail\" style=\"background-image: url(https:\/\/penzionpark.si\/wp-content\/uploads\/2020\/06\/history-2.png)\"><\/div>\n\n\t\t\n\t\t<\/a>\t\t\t<\/div>\n\t\t\t\t\t\t<div class=\"swiper-slide bdt-ep-custom-carousel-item bdt-transition-toggle\">\n\t\t\t\t<a href=\"https:\/\/penzionpark.si\/wp-content\/uploads\/2020\/06\/history-1.png\" class=\"bdt-ep-custom-carousel-lightbox-item\" data-elementor-open-lightbox=\"no\" data-caption=\"\">\t\t<div class=\"bdt-ep-custom-carousel-thumbnail\" style=\"background-image: url(https:\/\/penzionpark.si\/wp-content\/uploads\/2020\/06\/history-1.png)\"><\/div>\n\n\t\t\n\t\t<\/a>\t\t\t<\/div>\n\t\t\t\t\t\t\t<\/div>\n\n\t\t\t\t\n\t\t\t<\/div>\n\n\t\t\t\n\t\t\t\t\t\t\t\t\t\t\t\t\t\t\t\t\t<div class=\"bdt-position-z-index bdt-position-center bdt-visible@m\">\n\t\t\t\t<div class=\"bdt-arrows-container bdt-slidenav-container\">\n\t\t\t\t\t<div class=\"bdt-navigation-prev bdt-slidenav-previous bdt-icon bdt-slidenav\">\n\t\t\t\t\t\t<i class=\"ep-icon-arrow-left-0\" aria-hidden=\"true\"><\/i>\n\t\t\t\t\t<\/div>\n\t\t\t\t\t<div class=\"bdt-navigation-next bdt-slidenav-next bdt-icon bdt-slidenav\">\n\t\t\t\t\t\t<i class=\"ep-icon-arrow-right-0\" aria-hidden=\"true\"><\/i>\n\t\t\t\t\t<\/div>\n\t\t\t\t<\/div>\n\t\t\t<\/div>\n\t\t\t\t\t\t\n\t\t\t\n\t\t<\/div>\n\t\t\t\t<\/div>\n\t\t\t\t<\/div>\n\t\t\t\t\t<\/div>\n\t\t<\/div>\n\t\t\t\t\t<\/div>\n\t\t<\/section>\n\t\t\t\t<\/div>","protected":false},"excerpt":{"rendered":"<p>HISTORY \u2003\u2003Penzion Park\u2019s environs once hosted Zobin\u2019s Mill, also known as Gunzel\u2019s and Slani\u010d\u2019s Mill. Later, Mill Castle (M\u00fchlhof) was built as an addition to La\u0161ko Spa. \u2003\u2003When the foundations for Zobin\u2019s Mill were dug in 1770 on the right bank of Re\u010dica Brook, hot spring traces were discovered, but immediately covered with soil. In [&hellip;]<\/p>","protected":false},"author":1,"featured_media":0,"parent":0,"menu_order":0,"comment_status":"closed","ping_status":"closed","template":"","meta":{"footnotes":""},"class_list":["post-206","page","type-page","status-publish","hentry"],"yoast_head":"<!-- This site is optimized with the Yoast SEO plugin v25.7 - https:\/\/yoast.com\/wordpress\/plugins\/seo\/ -->\n<title>History | Penzion Park - Lowest price guaranteed<\/title>\n<meta name=\"robots\" content=\"index, follow, max-snippet:-1, max-image-preview:large, max-video-preview:-1\" \/>\n<link rel=\"canonical\" href=\"https:\/\/penzionpark.si\/sl\/history\/\" \/>\n<meta property=\"og:locale\" content=\"sl_SI\" \/>\n<meta property=\"og:type\" content=\"article\" \/>\n<meta property=\"og:title\" content=\"History | Penzion Park - Lowest price guaranteed\" \/>\n<meta property=\"og:description\" content=\"HISTORY \u2003\u2003Penzion Park\u2019s environs once hosted Zobin\u2019s Mill, also known as Gunzel\u2019s and Slani\u010d\u2019s Mill. Later, Mill Castle (M\u00fchlhof) was built as an addition to La\u0161ko Spa. \u2003\u2003When the foundations for Zobin\u2019s Mill were dug in 1770 on the right bank of Re\u010dica Brook, hot spring traces were discovered, but immediately covered with soil. In [&hellip;]\" \/>\n<meta property=\"og:url\" content=\"https:\/\/penzionpark.si\/sl\/history\/\" \/>\n<meta property=\"og:site_name\" content=\"Penzion Park - Lowest price guaranteed\" \/>\n<meta property=\"article:publisher\" content=\"https:\/\/www.facebook.com\/PenzionParkLasko\/\" \/>\n<meta property=\"article:modified_time\" content=\"2020-06-17T15:53:02+00:00\" \/>\n<meta property=\"og:image\" content=\"https:\/\/penzionpark.si\/wp-content\/uploads\/2020\/06\/history-2.png\" \/>\n<meta name=\"twitter:card\" content=\"summary_large_image\" \/>\n<meta name=\"twitter:label1\" content=\"Est. reading time\" \/>\n\t<meta name=\"twitter:data1\" content=\"3 minute\" \/>\n<script type=\"application\/ld+json\" class=\"yoast-schema-graph\">{\"@context\":\"https:\/\/schema.org\",\"@graph\":[{\"@type\":\"WebPage\",\"@id\":\"https:\/\/penzionpark.si\/ru\/history\/\",\"url\":\"https:\/\/penzionpark.si\/ru\/history\/\",\"name\":\"History | Penzion Park - Lowest price guaranteed\",\"isPartOf\":{\"@id\":\"https:\/\/penzionpark.si\/#website\"},\"primaryImageOfPage\":{\"@id\":\"https:\/\/penzionpark.si\/ru\/history\/#primaryimage\"},\"image\":{\"@id\":\"https:\/\/penzionpark.si\/ru\/history\/#primaryimage\"},\"thumbnailUrl\":\"https:\/\/penzionpark.si\/wp-content\/uploads\/2020\/06\/history-2.png\",\"datePublished\":\"2020-05-13T09:49:01+00:00\",\"dateModified\":\"2020-06-17T15:53:02+00:00\",\"breadcrumb\":{\"@id\":\"https:\/\/penzionpark.si\/ru\/history\/#breadcrumb\"},\"inLanguage\":\"sl-SI\",\"potentialAction\":[{\"@type\":\"ReadAction\",\"target\":[\"https:\/\/penzionpark.si\/ru\/history\/\"]}]},{\"@type\":\"ImageObject\",\"inLanguage\":\"sl-SI\",\"@id\":\"https:\/\/penzionpark.si\/ru\/history\/#primaryimage\",\"url\":\"https:\/\/penzionpark.si\/wp-content\/uploads\/2020\/06\/history-2.png\",\"contentUrl\":\"https:\/\/penzionpark.si\/wp-content\/uploads\/2020\/06\/history-2.png\"},{\"@type\":\"BreadcrumbList\",\"@id\":\"https:\/\/penzionpark.si\/ru\/history\/#breadcrumb\",\"itemListElement\":[{\"@type\":\"ListItem\",\"position\":1,\"name\":\"Home\",\"item\":\"https:\/\/penzionpark.si\/\"},{\"@type\":\"ListItem\",\"position\":2,\"name\":\"History\"}]},{\"@type\":\"WebSite\",\"@id\":\"https:\/\/penzionpark.si\/#website\",\"url\":\"https:\/\/penzionpark.si\/\",\"name\":\"Penzion Park - Lowest price guaranteed\",\"description\":\"Family hotel in La&scaron;ko\",\"publisher\":{\"@id\":\"https:\/\/penzionpark.si\/#organization\"},\"potentialAction\":[{\"@type\":\"SearchAction\",\"target\":{\"@type\":\"EntryPoint\",\"urlTemplate\":\"https:\/\/penzionpark.si\/?s={search_term_string}\"},\"query-input\":{\"@type\":\"PropertyValueSpecification\",\"valueRequired\":true,\"valueName\":\"search_term_string\"}}],\"inLanguage\":\"sl-SI\"},{\"@type\":\"Organization\",\"@id\":\"https:\/\/penzionpark.si\/#organization\",\"name\":\"Penzion Park\",\"url\":\"https:\/\/penzionpark.si\/\",\"logo\":{\"@type\":\"ImageObject\",\"inLanguage\":\"sl-SI\",\"@id\":\"https:\/\/penzionpark.si\/#\/schema\/logo\/image\/\",\"url\":\"https:\/\/penzionpark.si\/wp-content\/uploads\/2020\/12\/Penzion-Park-favicon.png\",\"contentUrl\":\"https:\/\/penzionpark.si\/wp-content\/uploads\/2020\/12\/Penzion-Park-favicon.png\",\"width\":354,\"height\":354,\"caption\":\"Penzion Park\"},\"image\":{\"@id\":\"https:\/\/penzionpark.si\/#\/schema\/logo\/image\/\"},\"sameAs\":[\"https:\/\/www.facebook.com\/PenzionParkLasko\/\",\"https:\/\/www.instagram.com\/penzionparklasko\/\"]}]}<\/script>\n<!-- \/ Yoast SEO plugin. -->","yoast_head_json":{"title":"History | Penzion Park - Lowest price guaranteed","robots":{"index":"index","follow":"follow","max-snippet":"max-snippet:-1","max-image-preview":"max-image-preview:large","max-video-preview":"max-video-preview:-1"},"canonical":"https:\/\/penzionpark.si\/sl\/history\/","og_locale":"sl_SI","og_type":"article","og_title":"History | Penzion Park - Lowest price guaranteed","og_description":"HISTORY \u2003\u2003Penzion Park\u2019s environs once hosted Zobin\u2019s Mill, also known as Gunzel\u2019s and Slani\u010d\u2019s Mill. Later, Mill Castle (M\u00fchlhof) was built as an addition to La\u0161ko Spa. \u2003\u2003When the foundations for Zobin\u2019s Mill were dug in 1770 on the right bank of Re\u010dica Brook, hot spring traces were discovered, but immediately covered with soil. In [&hellip;]","og_url":"https:\/\/penzionpark.si\/sl\/history\/","og_site_name":"Penzion Park - Lowest price guaranteed","article_publisher":"https:\/\/www.facebook.com\/PenzionParkLasko\/","article_modified_time":"2020-06-17T15:53:02+00:00","og_image":[{"url":"https:\/\/penzionpark.si\/wp-content\/uploads\/2020\/06\/history-2.png","type":"","width":"","height":""}],"twitter_card":"summary_large_image","twitter_misc":{"Est. reading time":"3 minute"},"schema":{"@context":"https:\/\/schema.org","@graph":[{"@type":"WebPage","@id":"https:\/\/penzionpark.si\/ru\/history\/","url":"https:\/\/penzionpark.si\/ru\/history\/","name":"History | Penzion Park - Lowest price guaranteed","isPartOf":{"@id":"https:\/\/penzionpark.si\/#website"},"primaryImageOfPage":{"@id":"https:\/\/penzionpark.si\/ru\/history\/#primaryimage"},"image":{"@id":"https:\/\/penzionpark.si\/ru\/history\/#primaryimage"},"thumbnailUrl":"https:\/\/penzionpark.si\/wp-content\/uploads\/2020\/06\/history-2.png","datePublished":"2020-05-13T09:49:01+00:00","dateModified":"2020-06-17T15:53:02+00:00","breadcrumb":{"@id":"https:\/\/penzionpark.si\/ru\/history\/#breadcrumb"},"inLanguage":"sl-SI","potentialAction":[{"@type":"ReadAction","target":["https:\/\/penzionpark.si\/ru\/history\/"]}]},{"@type":"ImageObject","inLanguage":"sl-SI","@id":"https:\/\/penzionpark.si\/ru\/history\/#primaryimage","url":"https:\/\/penzionpark.si\/wp-content\/uploads\/2020\/06\/history-2.png","contentUrl":"https:\/\/penzionpark.si\/wp-content\/uploads\/2020\/06\/history-2.png"},{"@type":"BreadcrumbList","@id":"https:\/\/penzionpark.si\/ru\/history\/#breadcrumb","itemListElement":[{"@type":"ListItem","position":1,"name":"Home","item":"https:\/\/penzionpark.si\/"},{"@type":"ListItem","position":2,"name":"History"}]},{"@type":"WebSite","@id":"https:\/\/penzionpark.si\/#website","url":"https:\/\/penzionpark.si\/","name":"Penzion Park - Zajam\u010deno najni\u017eja cena","description":"Family hotel in La&scaron;ko","publisher":{"@id":"https:\/\/penzionpark.si\/#organization"},"potentialAction":[{"@type":"SearchAction","target":{"@type":"EntryPoint","urlTemplate":"https:\/\/penzionpark.si\/?s={search_term_string}"},"query-input":{"@type":"PropertyValueSpecification","valueRequired":true,"valueName":"search_term_string"}}],"inLanguage":"sl-SI"},{"@type":"Organization","@id":"https:\/\/penzionpark.si\/#organization","name":"Penzion Park","url":"https:\/\/penzionpark.si\/","logo":{"@type":"ImageObject","inLanguage":"sl-SI","@id":"https:\/\/penzionpark.si\/#\/schema\/logo\/image\/","url":"https:\/\/penzionpark.si\/wp-content\/uploads\/2020\/12\/Penzion-Park-favicon.png","contentUrl":"https:\/\/penzionpark.si\/wp-content\/uploads\/2020\/12\/Penzion-Park-favicon.png","width":354,"height":354,"caption":"Penzion Park"},"image":{"@id":"https:\/\/penzionpark.si\/#\/schema\/logo\/image\/"},"sameAs":["https:\/\/www.facebook.com\/PenzionParkLasko\/","https:\/\/www.instagram.com\/penzionparklasko\/"]}]}},"_links":{"self":[{"href":"https:\/\/penzionpark.si\/sl\/wp-json\/wp\/v2\/pages\/206","targetHints":{"allow":["GET"]}}],"collection":[{"href":"https:\/\/penzionpark.si\/sl\/wp-json\/wp\/v2\/pages"}],"about":[{"href":"https:\/\/penzionpark.si\/sl\/wp-json\/wp\/v2\/types\/page"}],"author":[{"embeddable":true,"href":"https:\/\/penzionpark.si\/sl\/wp-json\/wp\/v2\/users\/1"}],"replies":[{"embeddable":true,"href":"https:\/\/penzionpark.si\/sl\/wp-json\/wp\/v2\/comments?post=206"}],"version-history":[{"count":0,"href":"https:\/\/penzionpark.si\/sl\/wp-json\/wp\/v2\/pages\/206\/revisions"}],"wp:attachment":[{"href":"https:\/\/penzionpark.si\/sl\/wp-json\/wp\/v2\/media?parent=206"}],"curies":[{"name":"wp","href":"https:\/\/api.w.org\/{rel}","templated":true}]}}