{"id":208,"date":"2020-05-13T09:49:43","date_gmt":"2020-05-13T09:49:43","guid":{"rendered":"http:\/\/wp\/?page_id=208"},"modified":"2024-08-07T10:50:31","modified_gmt":"2024-08-07T10:50:31","slug":"house-rules","status":"publish","type":"page","link":"https:\/\/penzionpark.si\/sl\/house-rules\/","title":{"rendered":"Hi\u0161ni red"},"content":{"rendered":"<figure class=\"wp-block-table\"><table class=\"has-fixed-layout\"><tbody><tr><td>&nbsp; &nbsp;<\/td><td>&nbsp;<\/td><\/tr><tr><td><strong>RECEPCIJA&nbsp;<\/strong><\/td><td>obratuje od 08:00 do 20:00.&nbsp; Izven delovnega \u010dasa pokli\u010dite na +386 31 750 009 &nbsp;<\/td><\/tr><tr><td><strong>PRIJAVA &nbsp;&nbsp;&nbsp;&nbsp;&nbsp;&nbsp;&nbsp;&nbsp;&nbsp;&nbsp; <\/strong>&nbsp; <strong>&nbsp;<\/strong><\/td><td>namestitev v sobe je mo\u017ena po 15. uri<\/td><\/tr><tr><td><strong>ODHOD<\/strong> <strong>&nbsp;<\/strong><\/td><td>Na dan odhoda je potrebno sobo izprazniti najpozneje 11:00 ure., v nasprotnem primeru se zara\u010duna dodaten dan. Pri odhodu iz sobe Vas prosimo, da zaprete vodo, okna, ugasnete lu\u010di in sobo zaklenete.<\/td><\/tr><tr><td><strong>REZERVACIJA<\/strong> &nbsp;<\/td><td>Rezervirana soba vas \u010daka do 22. Ure. \u010ce ni posebnih obvestil, se po tej uri \u0161teje, da sobe ne boste uporabljali in jo lahko oddamo drugemu gostu. V primeru poznej\u0161ega prihoda brez predhodnega obvestila vam nudimo namestitev v mejah razpolo\u017eljivih kapacitet<\/td><\/tr><tr><td><strong>RESTAVRACIJA<\/strong><\/td><td rowspan=\"2\">Iz restavracije je prepovedan iznos hrane in inventarja.&nbsp;<\/td><\/tr><tr><td><\/td><\/tr><tr><td>OBROKA \u00a0<strong>OBROKOV \u00a0\u00a0\u00a0\u00a0\u00a0\u00a0\u00a0 \u00a0<\/strong> <\/td><td>zajtrk&nbsp; &nbsp; 07.30 \u2013 10.00<br>kosilo&nbsp; &nbsp; 12.00 \u2013 14.00<br>ve\u010derja 18.00 \u2013 20.00 <strong>&nbsp;<\/strong><\/td><\/tr><tr><td>NARO\u010cILO\/ ODPOVED\u00a0OBROKA<\/td><td>Odpoved ali naro\u010dilo obroka sporo\u010dite dan prej (do 20. ure) na recepciji<\/td><\/tr><tr><td><strong>ELEKTRIKA<\/strong><br><br><br><br><strong>VODA\/KLIMA<\/strong> \u00a0<\/td><td>V \u010dasu bivanja v hotelu varujte na\u0161e naravno okolje in pazite na racionalno porabo vode in elektri\u010dne energije. Napro\u0161amo vas, da so ob hlajenju ali ogrevanju sobe okna zaprta. Elektri\u010dna napetost je 220 V. Zaradi varnostnih in higienskih razlogov priprava toplih obrokov ali napitkov v sobi ni dovoljena.<\/td><\/tr><tr><td><strong>VZDR\u017dEVANJE<\/strong><\/td><td>Okvare ali po\u0161kodbe inventarja prosimo, da takoj sporo\u010dite na recepcijo. &nbsp;<\/td><\/tr><tr><td><strong>\u010cI\u0160\u010cENJE SOB&nbsp;&nbsp;&nbsp;&nbsp;&nbsp;<\/strong><\/td><td>dnevno \u010di\u0161\u010denje sob se izvaja do 14. ure. Menjava posteljnine vsak tretji dan. Zamenjava brisa\u010d po \u017eelji gosta. V kolikor so sobe prekomerno umazane se zara\u010duna dodatno \u010di\u0161\u010denje v vi\u0161ini 30,00 \u20ac na sobo. &nbsp;<\/td><\/tr><tr><td colspan=\"2\"><strong>NO\u010cNI PO\u010cITEK&nbsp;&nbsp;&nbsp; <\/strong><strong>&nbsp;&nbsp;&nbsp;&nbsp;&nbsp;&nbsp;&nbsp;&nbsp;&nbsp;&nbsp;<\/strong>no\u010dni mir je zahtevan od 22:00 do 06:00 ure. Prosimo, da ste obzirni do drugih, ki se \u017eelijo odpo\u010diti. Prosimo, da ne razgrajate v sobi ali na hodnikih po 23:00 uri.<\/td><\/tr><\/tbody><\/table><\/figure>\n\n\n\n<p><strong>NO\u010cNI VHOD&nbsp;&nbsp;&nbsp;&nbsp;&nbsp;&nbsp;&nbsp;&nbsp;&nbsp;&nbsp;&nbsp; &nbsp;&nbsp;&nbsp;&nbsp;&nbsp; <\/strong>Po 22.uri je vstop je omogo\u010den samo z stranskih vrat.&nbsp;&nbsp;&nbsp;&nbsp;&nbsp;&nbsp;&nbsp;&nbsp;&nbsp;&nbsp;&nbsp;&nbsp;&nbsp;&nbsp;&nbsp;&nbsp;&nbsp;&nbsp;&nbsp;&nbsp;&nbsp;&nbsp;&nbsp;&nbsp;&nbsp;&nbsp;&nbsp;&nbsp;&nbsp;&nbsp;&nbsp;&nbsp;&nbsp;&nbsp;&nbsp;&nbsp;&nbsp;&nbsp;&nbsp;<\/p>\n\n\n\n<p><strong>DENAR IN<\/strong><\/p>\n\n\n\n<p><strong>DRAGOCENOSTI&nbsp;&nbsp;&nbsp; <\/strong>Za denar in vrednostne predmete, ki jih hranite v sobi&nbsp; ne prevzemamo odgovornosti.<\/p>\n\n\n\n<figure class=\"wp-block-table\"><table class=\"has-fixed-layout\"><tbody><tr><td><strong>MLADOLETNE OTROKE<\/strong> &nbsp;<\/td><td>Star\u0161i (ali zakoniti skrbniki) so v celoti odgovorni za svoje otroke. To vklju\u010duje nadzor nad otroki in zagotavljanje njihove varnosti na obmo\u010dju hotela. Je prepovedano pu\u0161\u010dati majhne otroke brez nadzora v sobi ali v javnih prostorih hotela. Ta zahteva je namenjena zagotavljanju varnosti otrok in prepre\u010devanju morebitnih nesre\u010d.<\/td><\/tr><\/tbody><\/table><\/figure>\n\n\n\n<figure class=\"wp-block-table\"><table class=\"has-fixed-layout\"><tbody><tr><td><strong>PO\u0160KODBE&nbsp;<\/strong><\/td><td>&nbsp;<\/td><\/tr><tr><td><strong>INVENTARJA<\/strong> &nbsp;<\/td><td>Prestavlanje pohi\u0161tva ali inventarja je prepovedano. V primeru po\u0161kodbe inventarja vam zara\u010dunamo od\u0161kodnino. Ra\u010dun poravnate na recepciji.<\/td><\/tr><tr><td><strong>MEDICINSKA POMO\u010c<\/strong> &nbsp;<\/td><td>v primeru nujne zdravni\u0161ke pomo\u010di pokli\u010dite 112 &nbsp;<\/td><\/tr><tr><td><strong>OBISKI<\/strong> &nbsp;<\/td><td>obiski in poslovni sestanki se lahko odvijajo zgolj v recepcijski avli, restavraciji in baru. V sobah ni dovoljeno sprejemati obiskov.<\/td><\/tr><tr><td><strong>KAJENJE<\/strong> &nbsp;<\/td><td>v sobah ni dovoljeno. Od\u0161kodnina za nespo\u0161tovanje navodila zara\u010dunamo 50 \u20ac<\/td><\/tr><tr><td><strong>BAZEN IN SAVNA<\/strong> &nbsp;<\/td><td>v Thermani La\u0161ko in Rimskih termah imate ob predlo\u017eitvi kupona (pridobite ga na recepciji) kori\u0161\u010denje storitev s popustom.&nbsp;<\/td><\/tr><tr><td><strong>HLADILNIK&nbsp;<\/strong><\/td><td>je namenjen zgolj pija\u010di. Uporaba hladilnika&nbsp; v namenu shranjevanja \u017eivil se zara\u010duna v znesku 10 \u20ac. &nbsp;<\/td><\/tr><tr><td><strong>PARKIRI\u0160\u010cE&nbsp;<\/strong><\/td><td>parkiri\u0161\u010de za goste hotela je brezpla\u010dno. Za morebiten vlom ali po\u0161kodbo ne prevzemamo odgovornosti.<\/td><\/tr><\/tbody><\/table><\/figure>\n\n\n\n<p><strong>IZGUBA KLJU\u010cA SOBE<\/strong>&nbsp;&nbsp;&nbsp;&nbsp;&nbsp;&nbsp;&nbsp;&nbsp;&nbsp;&nbsp;&nbsp;&nbsp;&nbsp;&nbsp;&nbsp;&nbsp;&nbsp;&nbsp; &nbsp;&nbsp;&nbsp;&nbsp;&nbsp;&nbsp;&nbsp;&nbsp;&nbsp;&nbsp;&nbsp;&nbsp;&nbsp;&nbsp;izguba klju\u010da se zara\u010duna v vi\u0161ini 15 \u20ac<\/p>\n\n\n\n<p><strong>DOMA\u010cE \u017dIVALI &nbsp;&nbsp;&nbsp;&nbsp; <\/strong>sprejemamo le pse manj\u0161e\/srednje rasti (izjema so psi vodniki).<\/p>\n\n\n\n<p>\u017divali v sobah ne smejo biti brez nadzora.&nbsp; V javnih prostorih hotela morajo biti na povodcu ali v nosilcu. &nbsp;<\/p>\n\n\n\n<p><strong>POZABLJENE STVARI<\/strong> &nbsp;&nbsp;&nbsp;&nbsp;&nbsp;&nbsp; Pozabljene predmete vam na va\u0161o zahtevo po\u0161ljemo na dom.<\/p>\n\n\n\n<p>Hranimo jih najve\u010d eno leto, nato ravnamo skladno s predpisi.<\/p>\n\n\n\n<p><strong>KNJIGA VTISOV<\/strong> &nbsp;&nbsp;&nbsp;&nbsp;&nbsp;&nbsp;&nbsp;&nbsp;&nbsp;&nbsp;&nbsp;&nbsp;&nbsp;&nbsp;&nbsp;&nbsp;&nbsp;&nbsp;&nbsp;&nbsp;&nbsp;&nbsp;&nbsp;&nbsp;&nbsp;&nbsp;&nbsp;&nbsp;&nbsp;&nbsp;&nbsp;&nbsp;&nbsp;&nbsp;&nbsp;&nbsp;&nbsp;&nbsp;&nbsp;&nbsp;&nbsp;vse pripombe, mnenja in komentarje lahko vpi\u0161ete v Knjigo vtisov, ki se nahaja na recepciji.<\/p>\n\n\n\n<p><strong>INFORMACIJE<\/strong> &nbsp;&nbsp;&nbsp;&nbsp;&nbsp;&nbsp;&nbsp;&nbsp;&nbsp;&nbsp;&nbsp;&nbsp;&nbsp;&nbsp;&nbsp;&nbsp;&nbsp;&nbsp;&nbsp;&nbsp;&nbsp;&nbsp;&nbsp;&nbsp;&nbsp;&nbsp;&nbsp;&nbsp;&nbsp;&nbsp;&nbsp;&nbsp;&nbsp;&nbsp;&nbsp;&nbsp;&nbsp;&nbsp;&nbsp;&nbsp;&nbsp;&nbsp; za vse dodatne informacije in pojasnila smo Vam na voljo na recepciji.<\/p>\n\n\n\n<p><strong>POMEMBNO&nbsp; &nbsp;&nbsp;&nbsp;&nbsp;&nbsp;&nbsp;&nbsp;&nbsp;&nbsp;&nbsp;&nbsp;&nbsp;&nbsp;&nbsp;&nbsp; &nbsp;&nbsp;&nbsp;&nbsp;&nbsp;&nbsp;&nbsp;&nbsp;&nbsp;&nbsp;&nbsp;&nbsp;&nbsp; &nbsp;&nbsp;&nbsp;&nbsp;&nbsp;&nbsp;&nbsp;&nbsp;&nbsp;&nbsp;&nbsp;&nbsp; &nbsp;<\/strong><\/p>\n\n\n\n<p><strong><em>V HOTELU <\/em><\/strong><strong><em>PENZION PARK<\/em><\/strong><strong><em> SE TRUDIMO BITI \u010cIM BOLJ EKOLO\u0160KO ZAVEDNI IN <\/em><\/strong><em>&nbsp;<\/em><\/p>\n\n\n\n<p><strong><em>ODGOVORNI DO OKOLJA, ZATO STREMIMO K RACIONALNI PORABI \u010cISTILNIH<\/em><\/strong><\/p>\n\n\n\n<p><strong><em>SREDSTEV, VODE, ELEKTRIKE IN USTVARJANJU \u010cIM MANJ ODPADKOV. SEVEDA NA\u0160E TE\u017dNJE NE VPLIVAJO NA VA\u0160E UGODJE IN \u010cISTO\u010cO. NA\u0160 TRUD NI USMERJEN LE K RACIONALNI PORABI ENERGENTOV IN \u010cISTIL, AMPAK TUDI K \u010cIM MANJ\u0160I KOLI\u010cINI ZAVR\u017dENE HRANE. NA\u0160E NA\u010cELO JE \u00bbRAJ\u0160I DODATI KOT ZAVRE\u010cI\u00ab, ZATO VAM&nbsp; PO POTREBI HRANO DODATNO POSTRE\u017dEMO.&nbsp;&nbsp;&nbsp;&nbsp;&nbsp; <\/em><\/strong>&nbsp;<\/p>","protected":false},"excerpt":{"rendered":"<p>&nbsp; &nbsp; &nbsp; RECEPCIJA&nbsp; obratuje od 08:00 do 20:00.&nbsp; Izven delovnega \u010dasa pokli\u010dite na +386 31 750 009 &nbsp; PRIJAVA &nbsp;&nbsp;&nbsp;&nbsp;&nbsp;&nbsp;&nbsp;&nbsp;&nbsp;&nbsp; &nbsp; &nbsp; namestitev v sobe je mo\u017ena po 15. uri ODHOD &nbsp; Na dan odhoda je potrebno sobo izprazniti najpozneje 11:00 ure., v nasprotnem primeru se zara\u010duna dodaten dan. Pri odhodu iz sobe Vas [&hellip;]<\/p>","protected":false},"author":1,"featured_media":0,"parent":0,"menu_order":0,"comment_status":"closed","ping_status":"closed","template":"","meta":{"footnotes":""},"class_list":["post-208","page","type-page","status-publish","hentry"],"yoast_head":"<!-- This site is optimized with the Yoast SEO plugin v25.7 - https:\/\/yoast.com\/wordpress\/plugins\/seo\/ -->\n<title>House rules | Penzion Park - Lowest price guaranteed<\/title>\n<meta name=\"robots\" content=\"index, follow, max-snippet:-1, max-image-preview:large, max-video-preview:-1\" \/>\n<link rel=\"canonical\" href=\"https:\/\/penzionpark.si\/sl\/house-rules\/\" \/>\n<meta property=\"og:locale\" content=\"sl_SI\" \/>\n<meta property=\"og:type\" content=\"article\" \/>\n<meta property=\"og:title\" content=\"House rules | Penzion Park - Lowest price guaranteed\" \/>\n<meta property=\"og:description\" content=\"&nbsp; &nbsp; &nbsp; RECEPCIJA&nbsp; obratuje od 08:00 do 20:00.&nbsp; Izven delovnega \u010dasa pokli\u010dite na +386 31 750 009 &nbsp; PRIJAVA &nbsp;&nbsp;&nbsp;&nbsp;&nbsp;&nbsp;&nbsp;&nbsp;&nbsp;&nbsp; &nbsp; &nbsp; namestitev v sobe je mo\u017ena po 15. uri ODHOD &nbsp; Na dan odhoda je potrebno sobo izprazniti najpozneje 11:00 ure., v nasprotnem primeru se zara\u010duna dodaten dan. Pri odhodu iz sobe Vas [&hellip;]\" \/>\n<meta property=\"og:url\" content=\"https:\/\/penzionpark.si\/sl\/house-rules\/\" \/>\n<meta property=\"og:site_name\" content=\"Penzion Park - Lowest price guaranteed\" \/>\n<meta property=\"article:publisher\" content=\"https:\/\/www.facebook.com\/PenzionParkLasko\/\" \/>\n<meta property=\"article:modified_time\" content=\"2024-08-07T10:50:31+00:00\" \/>\n<meta name=\"twitter:card\" content=\"summary_large_image\" \/>\n<meta name=\"twitter:label1\" content=\"Est. reading time\" \/>\n\t<meta name=\"twitter:data1\" content=\"3 minute\" \/>\n<script type=\"application\/ld+json\" class=\"yoast-schema-graph\">{\"@context\":\"https:\/\/schema.org\",\"@graph\":[{\"@type\":\"WebPage\",\"@id\":\"https:\/\/penzionpark.si\/house-rules\/\",\"url\":\"https:\/\/penzionpark.si\/house-rules\/\",\"name\":\"House rules | Penzion Park - Lowest price guaranteed\",\"isPartOf\":{\"@id\":\"https:\/\/penzionpark.si\/#website\"},\"datePublished\":\"2020-05-13T09:49:43+00:00\",\"dateModified\":\"2024-08-07T10:50:31+00:00\",\"breadcrumb\":{\"@id\":\"https:\/\/penzionpark.si\/house-rules\/#breadcrumb\"},\"inLanguage\":\"sl-SI\",\"potentialAction\":[{\"@type\":\"ReadAction\",\"target\":[\"https:\/\/penzionpark.si\/house-rules\/\"]}]},{\"@type\":\"BreadcrumbList\",\"@id\":\"https:\/\/penzionpark.si\/house-rules\/#breadcrumb\",\"itemListElement\":[{\"@type\":\"ListItem\",\"position\":1,\"name\":\"Home\",\"item\":\"https:\/\/penzionpark.si\/\"},{\"@type\":\"ListItem\",\"position\":2,\"name\":\"House rules\"}]},{\"@type\":\"WebSite\",\"@id\":\"https:\/\/penzionpark.si\/#website\",\"url\":\"https:\/\/penzionpark.si\/\",\"name\":\"Penzion Park - Lowest price guaranteed\",\"description\":\"Family hotel in La&scaron;ko\",\"publisher\":{\"@id\":\"https:\/\/penzionpark.si\/#organization\"},\"potentialAction\":[{\"@type\":\"SearchAction\",\"target\":{\"@type\":\"EntryPoint\",\"urlTemplate\":\"https:\/\/penzionpark.si\/?s={search_term_string}\"},\"query-input\":{\"@type\":\"PropertyValueSpecification\",\"valueRequired\":true,\"valueName\":\"search_term_string\"}}],\"inLanguage\":\"sl-SI\"},{\"@type\":\"Organization\",\"@id\":\"https:\/\/penzionpark.si\/#organization\",\"name\":\"Penzion Park\",\"url\":\"https:\/\/penzionpark.si\/\",\"logo\":{\"@type\":\"ImageObject\",\"inLanguage\":\"sl-SI\",\"@id\":\"https:\/\/penzionpark.si\/#\/schema\/logo\/image\/\",\"url\":\"https:\/\/penzionpark.si\/wp-content\/uploads\/2020\/12\/Penzion-Park-favicon.png\",\"contentUrl\":\"https:\/\/penzionpark.si\/wp-content\/uploads\/2020\/12\/Penzion-Park-favicon.png\",\"width\":354,\"height\":354,\"caption\":\"Penzion Park\"},\"image\":{\"@id\":\"https:\/\/penzionpark.si\/#\/schema\/logo\/image\/\"},\"sameAs\":[\"https:\/\/www.facebook.com\/PenzionParkLasko\/\",\"https:\/\/www.instagram.com\/penzionparklasko\/\"]}]}<\/script>\n<!-- \/ Yoast SEO plugin. -->","yoast_head_json":{"title":"House rules | Penzion Park - Lowest price guaranteed","robots":{"index":"index","follow":"follow","max-snippet":"max-snippet:-1","max-image-preview":"max-image-preview:large","max-video-preview":"max-video-preview:-1"},"canonical":"https:\/\/penzionpark.si\/sl\/house-rules\/","og_locale":"sl_SI","og_type":"article","og_title":"House rules | Penzion Park - Lowest price guaranteed","og_description":"&nbsp; &nbsp; &nbsp; RECEPCIJA&nbsp; obratuje od 08:00 do 20:00.&nbsp; Izven delovnega \u010dasa pokli\u010dite na +386 31 750 009 &nbsp; PRIJAVA &nbsp;&nbsp;&nbsp;&nbsp;&nbsp;&nbsp;&nbsp;&nbsp;&nbsp;&nbsp; &nbsp; &nbsp; namestitev v sobe je mo\u017ena po 15. uri ODHOD &nbsp; Na dan odhoda je potrebno sobo izprazniti najpozneje 11:00 ure., v nasprotnem primeru se zara\u010duna dodaten dan. Pri odhodu iz sobe Vas [&hellip;]","og_url":"https:\/\/penzionpark.si\/sl\/house-rules\/","og_site_name":"Penzion Park - Lowest price guaranteed","article_publisher":"https:\/\/www.facebook.com\/PenzionParkLasko\/","article_modified_time":"2024-08-07T10:50:31+00:00","twitter_card":"summary_large_image","twitter_misc":{"Est. reading time":"3 minute"},"schema":{"@context":"https:\/\/schema.org","@graph":[{"@type":"WebPage","@id":"https:\/\/penzionpark.si\/house-rules\/","url":"https:\/\/penzionpark.si\/house-rules\/","name":"House rules | Penzion Park - Lowest price guaranteed","isPartOf":{"@id":"https:\/\/penzionpark.si\/#website"},"datePublished":"2020-05-13T09:49:43+00:00","dateModified":"2024-08-07T10:50:31+00:00","breadcrumb":{"@id":"https:\/\/penzionpark.si\/house-rules\/#breadcrumb"},"inLanguage":"sl-SI","potentialAction":[{"@type":"ReadAction","target":["https:\/\/penzionpark.si\/house-rules\/"]}]},{"@type":"BreadcrumbList","@id":"https:\/\/penzionpark.si\/house-rules\/#breadcrumb","itemListElement":[{"@type":"ListItem","position":1,"name":"Home","item":"https:\/\/penzionpark.si\/"},{"@type":"ListItem","position":2,"name":"House rules"}]},{"@type":"WebSite","@id":"https:\/\/penzionpark.si\/#website","url":"https:\/\/penzionpark.si\/","name":"Penzion Park - Zajam\u010deno najni\u017eja cena","description":"Family hotel in La&scaron;ko","publisher":{"@id":"https:\/\/penzionpark.si\/#organization"},"potentialAction":[{"@type":"SearchAction","target":{"@type":"EntryPoint","urlTemplate":"https:\/\/penzionpark.si\/?s={search_term_string}"},"query-input":{"@type":"PropertyValueSpecification","valueRequired":true,"valueName":"search_term_string"}}],"inLanguage":"sl-SI"},{"@type":"Organization","@id":"https:\/\/penzionpark.si\/#organization","name":"Penzion Park","url":"https:\/\/penzionpark.si\/","logo":{"@type":"ImageObject","inLanguage":"sl-SI","@id":"https:\/\/penzionpark.si\/#\/schema\/logo\/image\/","url":"https:\/\/penzionpark.si\/wp-content\/uploads\/2020\/12\/Penzion-Park-favicon.png","contentUrl":"https:\/\/penzionpark.si\/wp-content\/uploads\/2020\/12\/Penzion-Park-favicon.png","width":354,"height":354,"caption":"Penzion Park"},"image":{"@id":"https:\/\/penzionpark.si\/#\/schema\/logo\/image\/"},"sameAs":["https:\/\/www.facebook.com\/PenzionParkLasko\/","https:\/\/www.instagram.com\/penzionparklasko\/"]}]}},"_links":{"self":[{"href":"https:\/\/penzionpark.si\/sl\/wp-json\/wp\/v2\/pages\/208","targetHints":{"allow":["GET"]}}],"collection":[{"href":"https:\/\/penzionpark.si\/sl\/wp-json\/wp\/v2\/pages"}],"about":[{"href":"https:\/\/penzionpark.si\/sl\/wp-json\/wp\/v2\/types\/page"}],"author":[{"embeddable":true,"href":"https:\/\/penzionpark.si\/sl\/wp-json\/wp\/v2\/users\/1"}],"replies":[{"embeddable":true,"href":"https:\/\/penzionpark.si\/sl\/wp-json\/wp\/v2\/comments?post=208"}],"version-history":[{"count":0,"href":"https:\/\/penzionpark.si\/sl\/wp-json\/wp\/v2\/pages\/208\/revisions"}],"wp:attachment":[{"href":"https:\/\/penzionpark.si\/sl\/wp-json\/wp\/v2\/media?parent=208"}],"curies":[{"name":"wp","href":"https:\/\/api.w.org\/{rel}","templated":true}]}}