{"id":370,"date":"2020-06-02T06:20:21","date_gmt":"2020-06-02T06:20:21","guid":{"rendered":"https:\/\/penzionpark.si\/?page_id=370"},"modified":"2021-01-02T12:01:06","modified_gmt":"2021-01-02T12:01:06","slug":"cookies","status":"publish","type":"page","link":"https:\/\/penzionpark.si\/sl\/cookies\/","title":{"rendered":"Cookies"},"content":{"rendered":"<div data-elementor-type=\"wp-page\" data-elementor-id=\"370\" class=\"elementor elementor-370\" data-elementor-post-type=\"page\">\n\t\t\t\t\t\t<section class=\"elementor-section elementor-top-section elementor-element elementor-element-39283346 elementor-section-boxed elementor-section-height-default elementor-section-height-default\" data-id=\"39283346\" data-element_type=\"section\">\n\t\t\t\t\t\t<div class=\"elementor-container elementor-column-gap-default\">\n\t\t\t\t\t<div class=\"elementor-column elementor-col-100 elementor-top-column elementor-element elementor-element-4957148\" data-id=\"4957148\" data-element_type=\"column\">\n\t\t\t<div class=\"elementor-widget-wrap elementor-element-populated\">\n\t\t\t\t\t\t<div class=\"elementor-element elementor-element-767b1bfd elementor-widget elementor-widget-text-editor\" data-id=\"767b1bfd\" data-element_type=\"widget\" data-widget_type=\"text-editor.default\">\n\t\t\t\t<div class=\"elementor-widget-container\">\n\t\t\t\t\t\t\t<p><!-- wp:heading {\"level\":6} --><\/p>\n<p><!-- \/wp:heading --><\/p>\n<p><!-- wp:heading {\"level\":1} --><\/p>\n<h1 id=\"headline-10-142\">POLITIKA ZASEBNOSTI<\/h1>\n<p><!-- \/wp:heading --><\/p>\n<p><!-- wp:paragraph --><\/p>\n<p><strong>LAZEBNIK d.o.o.&nbsp;<\/strong>spo\u0161tuje va\u0161o zasebnost in se zavezuje, da bo osebne podatke, pridobljene prek spletnega informacijskega sistema, skrbno varovala in jih brez va\u0161e privolitve ne bo posredoval tretji osebi oziroma jih uporabil v druge namene. Ker obstajajo v spletnem informacijskem sistemu dolo\u010dene povezave na druge, zunanje spletne strani, ki niso vezane na na\u0161e podjetje, ne prevzemamo nobene odgovornosti za za\u0161\u010dito podatkov na teh spletnih straneh.<\/p>\n<p><!-- \/wp:paragraph --><\/p>\n<p><!-- wp:paragraph --><\/p>\n<p><strong><strong>LAZEBNIK<\/strong> d.o.o.<\/strong>&nbsp;se zavezuje, da bo po svojih najbolj\u0161ih mo\u017enih mo\u010deh varoval podatke in zasebnost obiskovalcev spletnih strani.<\/p>\n<p><!-- \/wp:paragraph --><\/p>\n<p><!-- wp:paragraph --><\/p>\n<p>Da bi prepre\u010dili nepoobla\u0161\u010den dostop do pridobljenih podatkov ali njihovo razkritje, ohranili natan\u010dnost osebnih podatkov in zagotovili njihovo ustrezno uporabo, uporabljamo ustrezne tehni\u010dne in organizacijske postopke za zavarovanje podatkov, ki jih zbiramo.<\/p>\n<p><!-- \/wp:paragraph --><\/p>\n<p><!-- wp:heading --><\/p>\n<h2>PI\u0160KOTKI<\/h2>\n<p><!-- \/wp:heading --><\/p>\n<p><!-- wp:heading {\"level\":3} --><\/p>\n<h3>KAJ JE PI\u0160KOTEK?<\/h3>\n<p><!-- \/wp:heading --><\/p>\n<p><!-- wp:paragraph --><\/p>\n<p>Pi\u0161kotki so datoteke, ki jih spletna mesta ustvarijo med obiskom. Spletna mesta v pi\u0161kotke shranijo v naprave uporabnikov z namenom prepoznavanja nastavitev za spletno mesto, podatkov o profilu in drugih podatkov, ki jih je uporabnik uporabil pri dostopu. Njihovo shranjevanje se nadzira s pomo\u010djo nastavitev brskalnika, ki jih lahko uporabnik po \u017eelji spreminja, torej omogo\u010di ali onemogo\u010di. Sam pi\u0161kotek ne vsebuje ali zbira informacij. Pi\u0161kotki so lahko shranjeni razli\u010dno dolgo, le za trajanje seje brskanja ali pa veliko dlje. Pi\u0161kotki, ki jih uporabljamo na na\u0161i spletni strani, ne zbirajo va\u0161ih osebnih podatkov, s katerimi bi vas bilo mogo\u010de osebno prepoznati in ne morejo po\u0161kodovati va\u0161ega ra\u010dunalnika, tablice ali mobilnega telefona.<\/p>\n<p><!-- \/wp:paragraph --><\/p>\n<p><!-- wp:paragraph --><\/p>\n<p><strong>Za\u010dasni ali sejni pi\u0161kotki<\/strong>&nbsp;so name\u0161\u010deni, ko uporabnik odpre brskalnik, pa do trenutka, ko sejo kon\u010da in zapre brskalnik, s tem se pi\u0161kotek izbri\u0161e. Spletna mesta jih uporabljajo za shranjevanje za\u010dasnih informacij, na primer elementov v nakupovalnem vozi\u010dku, za ve\u010djo varnost pri spletnem ban\u010dni\u0161tvu, itd. Ker so taki pi\u0161kotki shranjeni za kraj\u0161i \u010das, je njihova invazivnost za zasebnost uporabnika lahko manj\u0161a.<\/p>\n<p><!-- \/wp:paragraph --><\/p>\n<p><!-- wp:paragraph --><\/p>\n<p><strong>Trajni ali shranjeni pi\u0161kotki<\/strong>&nbsp;za shranjevanje trajnih informacij o obisku, izbranih mo\u017enostih, registraciji, nastavitvah jezika strani, gradnjo profilov uporabnikov, analiziranje prometa idr., ki bodo znova uporabljene ob naslednjem obisku spletne strani. Uporabljeni trajni pi\u0161kotki ostanejo shranjeni, tudi ko uporabnik zapre brskalnik in zaklju\u010di sejo. Trajni pi\u0161kotki lahko v ra\u010dunalniku ostanejo ve\u010d dni, mesecev ali celo let.<\/p>\n<p><!-- \/wp:paragraph --><\/p>\n<p><!-- wp:paragraph --><\/p>\n<p class=\"translation-block\"><strong>Lastni pi\u0161kotki<\/strong> so pi\u0161kotki spletnega mesta, ki si ga uporabnik ogleduje, in so lahko trajni ali za\u010dasni. Spletna mesta te pi\u0161kotke uporabljajo za shranjevanje informacij, ki jih bodo znova uporabila, ko uporabnik naslednji\u010d obi\u0161\u010de to mesto. Uporabljeni lastni pi\u0161kotki vklju\u010dujejo tudi obvezne pi\u0161kotke, nujni za zagotovitev storitev, ki jih uporabnik zahteva in dostop do varnih obmo\u010dij spletnih strani.<\/p>\n<p class=\"translation-block\"><strong>Drugi pi\u0161kotki<\/strong> izvirajo od drugih, partnerskih, spletnih mest (ki na primer prikazujejo oglase na izvirni spletni strani ali merijo promet). Tretje strani lahko na ta na\u010din zbirajo podatke o uporabnikih iz razli\u010dnih spletnih mest in jih uporabljajo za razli\u010dne namene, od ogla\u0161evanja, analitike pa do izbolj\u0161ave svojih produktov. Taki pi\u0161kotki predstavljajo ve\u010dji poseg v zasebnost uporabnika. Druge pi\u0161kotke obi\u010dajno nalo\u017eijo tudi vdelani elementi npr. oglasi, videi in vti\u010dniki socialnih omre\u017eij.<\/p>\n<p><!-- \/wp:paragraph --><\/p>\n<p><!-- wp:heading --><\/p>\n<h2>PRIGLASITEV<\/h2>\n<p><!-- \/wp:heading --><\/p>\n<p><!-- wp:paragraph --><\/p>\n<p><strong>Z uporabo tega spletnega mesta se strinjate, da to spletno mesto nastavi pi\u0161kotke na va\u0161em ra\u010dunalniku ali mobilni napravi.<\/strong><\/p>\n<p><!-- \/wp:paragraph --><\/p>\n<p><!-- wp:paragraph --><\/p>\n<p><!-- \/wp:paragraph --><\/p>\n<p><!-- wp:heading --><\/p>\n<h2>UPRAVLJANJE IN BRISANJE PI\u0160KOTKOV<\/h2>\n<p><!-- \/wp:heading --><\/p>\n<p><!-- wp:paragraph --><\/p>\n<p class=\"translation-block\">Obstaja ve\u010d na\u010dinov za upravljanje in nadzor nad va\u0161imi nastavitvami za pi\u0161kotke. <strong>Z izbrisom ali blokiranjem pi\u0161kotkov vse ali nekatere spletne strani, ki jih boste obiskali, ne bodo delovale pravilno ali enako u\u010dinkovito.<\/strong> Za upravljanje pi\u0161kotkov vam ve\u010dina brskalnikov omogo\u010da, da sprejmete ali zavrnete vse pi\u0161kotke, sprejmete samo dolo\u010deno vrsto pi\u0161kotkov ali pa vas opozori, da stran \u017eeli shraniti pi\u0161kotek. Prav tako lahko izklju\u010dite posamezne ogla\u0161evalne pi\u0161kotke tretjih oseb. <strong>\u010ce spremenite va\u0161e nastavitve za pi\u0161kotke v va\u0161em spletnem brskalniku, bodo,<\/strong> razen \u010de izbri\u0161ete ali blokirate vsak pi\u0161kotek posebej, <strong>spremembe veljale za vse spletne strani,<\/strong> ki jih obiskujete, in ne le za na\u0161e spletne strani. Prav tako boste morali prilagoditi svoje pi\u0161kotke za vsak brskalnik posebej. Informacije o pi\u0161kotkih se v spletnem brskalniku obi\u010dajno nahajajo v razdelku \u201cPomo\u010d\u201d. Spodaj so povezave do razdelka \u201cPomo\u010d\u201d v nekaterih najpogosteje rabljenih spletnih brskalnikih:<\/p>\n<p><!-- \/wp:paragraph --><\/p>\n<p><!-- wp:list --><\/p>\n<ul>\n<li>&nbsp;&nbsp;&nbsp;&nbsp;&nbsp;&nbsp;<a href=\"https:\/\/support.microsoft.com\/kb\/196955\" target=\"_blank\" rel=\"noreferrer noopener\">Microsoft Internet Explorer<\/a><\/li>\n<li>&nbsp;&nbsp;&nbsp;&nbsp;&nbsp;&nbsp;<a href=\"https:\/\/support.mozilla.org\/en-US\/kb\/cookies-information-websites-store-on-your-computer?redirectlocale=en-US&amp;redirectslug=Cookies\" target=\"_blank\" rel=\"noreferrer noopener\">Mozilla Firefox<\/a><\/li>\n<li>&nbsp;&nbsp;&nbsp;&nbsp;&nbsp;&nbsp;<a href=\"https:\/\/support.google.com\/chrome\/bin\/answer.py?hl=en&amp;answer=95647\" target=\"_blank\" rel=\"noreferrer noopener\">Google Chrome<\/a><\/li>\n<li>&nbsp;&nbsp;&nbsp;&nbsp;&nbsp;&nbsp;<a href=\"https:\/\/www.apple.com\/support\/safari\/\" target=\"_blank\" rel=\"noreferrer noopener\">Apple Safari<\/a><\/li>\n<li>&nbsp;&nbsp;&nbsp;&nbsp;&nbsp;&nbsp;<a href=\"https:\/\/www.opera.com\/browser\/tutorials\/security\/privacy\/\" target=\"_blank\" rel=\"noreferrer noopener\">Opera<\/a><\/li>\n<li>&nbsp;&nbsp;&nbsp;&nbsp;&nbsp;&nbsp;<a href=\"https:\/\/support.google.com\/android\/?hl=en\" target=\"_blank\" rel=\"noreferrer noopener\">Google Android<\/a><\/li>\n<li>&nbsp;&nbsp;&nbsp;&nbsp;&nbsp;&nbsp;<a href=\"https:\/\/www.microsoft.com\/windowsphone\/en-us\/howto\/wp7\/web\/changing-privacy-and-other-browser-settings.aspx\" target=\"_blank\" rel=\"noreferrer noopener\">Windows Phone<\/a><\/li>\n<li>&nbsp;&nbsp;&nbsp;&nbsp;&nbsp;&nbsp;<a href=\"https:\/\/docs.blackberry.com\/en\/smartphone_users\/deliverables\/32004\/Browser_settings_32784_11.jsp\" target=\"_blank\" rel=\"noreferrer noopener\">Blackberry<\/a><\/li>\n<\/ul>\n<p><!-- \/wp:list --><\/p>\n<p><!-- wp:heading --><\/p>\n<h2>IZKLJU\u010cITEV PI\u0160KOTKOV OD DRUGOD<\/h2>\n<p><!-- \/wp:heading --><\/p>\n<p><!-- wp:paragraph --><\/p>\n<p>Pi\u0161kotke, ki so v uporabi na na\u0161i spletni strani, lahko onemogo\u010dite tudi po navodilih z namestitvijo posebnega dodatka (Opt-out Browser Add-on). Navodila za njegovo namestitev se nahajajo na spodnji povezavi:<\/p>\n<p><!-- \/wp:paragraph --><\/p>\n<p><!-- wp:list --><\/p>\n<ul>\n<li>&nbsp;&nbsp;&nbsp;&nbsp;&nbsp;&nbsp;<a href=\"https:\/\/tools.google.com\/dlpage\/gaoptout\" target=\"_blank\" rel=\"noreferrer noopener\">Google Analytics<\/a><\/li>\n<\/ul>\n<p><!-- \/wp:list --><\/p>\n<p><!-- wp:paragraph --><\/p>\n<p>\u010ce spremenite ali izbri\u0161ete brskalnikovo datoteko s pi\u0161kotki, spremenite ali nagradite va\u0161 brskalnik ali napravo, boste morda morali ponovno onemogo\u010diti pi\u0161kotke.<\/p>\n<p><!-- \/wp:paragraph --><\/p>\n<p><!-- wp:heading {\"level\":3} --><\/p>\n<h3>UPRAVLJALEC PI\u0160KOTKOV<\/h3>\n<p><!-- \/wp:heading --><\/p>\n<p><!-- wp:paragraph --><\/p>\n<p><strong>LAZEBNIK d.o.o.<\/strong><\/p>\n<p><!-- \/wp:paragraph --><\/p>\n<p><!-- wp:paragraph --><\/p>\n<p>Zdravili\u0161ka cesta 22<br>3270 La\u0161ko<br>Phone: +386 31 750 009<br>e-mail: info@penzionpark.si<\/p>\n<p><!-- \/wp:paragraph --><\/p>\t\t\t\t\t\t<\/div>\n\t\t\t\t<\/div>\n\t\t\t\t\t<\/div>\n\t\t<\/div>\n\t\t\t\t\t<\/div>\n\t\t<\/section>\n\t\t\t\t<\/div>","protected":false},"excerpt":{"rendered":"<p>PRIVACY POLICY LAZEBNIK d.o.o.&nbsp;respects your privacy and commits to duly protect the personal data obtained through the online information system and will not supply your personal data to any third party or use it for other purposes without your permission. Because online information system contains links to other, external websites, which are not related to [&hellip;]<\/p>","protected":false},"author":1,"featured_media":0,"parent":0,"menu_order":0,"comment_status":"closed","ping_status":"closed","template":"","meta":{"footnotes":""},"class_list":["post-370","page","type-page","status-publish","hentry"],"yoast_head":"<!-- This site is optimized with the Yoast SEO plugin v25.7 - https:\/\/yoast.com\/wordpress\/plugins\/seo\/ -->\n<title>Cookies | Penzion Park - Lowest price guaranteed<\/title>\n<meta name=\"robots\" content=\"index, follow, max-snippet:-1, max-image-preview:large, max-video-preview:-1\" \/>\n<link rel=\"canonical\" href=\"https:\/\/penzionpark.si\/sl\/cookies\/\" \/>\n<meta property=\"og:locale\" content=\"sl_SI\" \/>\n<meta property=\"og:type\" content=\"article\" \/>\n<meta property=\"og:title\" content=\"Cookies | Penzion Park - Lowest price guaranteed\" \/>\n<meta property=\"og:description\" content=\"PRIVACY POLICY LAZEBNIK d.o.o.&nbsp;respects your privacy and commits to duly protect the personal data obtained through the online information system and will not supply your personal data to any third party or use it for other purposes without your permission. Because online information system contains links to other, external websites, which are not related to [&hellip;]\" \/>\n<meta property=\"og:url\" content=\"https:\/\/penzionpark.si\/sl\/cookies\/\" \/>\n<meta property=\"og:site_name\" content=\"Penzion Park - Lowest price guaranteed\" \/>\n<meta property=\"article:publisher\" content=\"https:\/\/www.facebook.com\/PenzionParkLasko\/\" \/>\n<meta property=\"article:modified_time\" content=\"2021-01-02T12:01:06+00:00\" \/>\n<meta name=\"twitter:card\" content=\"summary_large_image\" \/>\n<meta name=\"twitter:label1\" content=\"Est. reading time\" \/>\n\t<meta name=\"twitter:data1\" content=\"4 minute\" \/>\n<script type=\"application\/ld+json\" class=\"yoast-schema-graph\">{\"@context\":\"https:\/\/schema.org\",\"@graph\":[{\"@type\":\"WebPage\",\"@id\":\"https:\/\/penzionpark.si\/ru\/cookies\/\",\"url\":\"https:\/\/penzionpark.si\/ru\/cookies\/\",\"name\":\"Cookies | Penzion Park - Lowest price guaranteed\",\"isPartOf\":{\"@id\":\"https:\/\/penzionpark.si\/#website\"},\"datePublished\":\"2020-06-02T06:20:21+00:00\",\"dateModified\":\"2021-01-02T12:01:06+00:00\",\"breadcrumb\":{\"@id\":\"https:\/\/penzionpark.si\/ru\/cookies\/#breadcrumb\"},\"inLanguage\":\"sl-SI\",\"potentialAction\":[{\"@type\":\"ReadAction\",\"target\":[\"https:\/\/penzionpark.si\/ru\/cookies\/\"]}]},{\"@type\":\"BreadcrumbList\",\"@id\":\"https:\/\/penzionpark.si\/ru\/cookies\/#breadcrumb\",\"itemListElement\":[{\"@type\":\"ListItem\",\"position\":1,\"name\":\"Home\",\"item\":\"https:\/\/penzionpark.si\/\"},{\"@type\":\"ListItem\",\"position\":2,\"name\":\"Cookies\"}]},{\"@type\":\"WebSite\",\"@id\":\"https:\/\/penzionpark.si\/#website\",\"url\":\"https:\/\/penzionpark.si\/\",\"name\":\"Penzion Park - Lowest price guaranteed\",\"description\":\"Family hotel in La&scaron;ko\",\"publisher\":{\"@id\":\"https:\/\/penzionpark.si\/#organization\"},\"potentialAction\":[{\"@type\":\"SearchAction\",\"target\":{\"@type\":\"EntryPoint\",\"urlTemplate\":\"https:\/\/penzionpark.si\/?s={search_term_string}\"},\"query-input\":{\"@type\":\"PropertyValueSpecification\",\"valueRequired\":true,\"valueName\":\"search_term_string\"}}],\"inLanguage\":\"sl-SI\"},{\"@type\":\"Organization\",\"@id\":\"https:\/\/penzionpark.si\/#organization\",\"name\":\"Penzion Park\",\"url\":\"https:\/\/penzionpark.si\/\",\"logo\":{\"@type\":\"ImageObject\",\"inLanguage\":\"sl-SI\",\"@id\":\"https:\/\/penzionpark.si\/#\/schema\/logo\/image\/\",\"url\":\"https:\/\/penzionpark.si\/wp-content\/uploads\/2020\/12\/Penzion-Park-favicon.png\",\"contentUrl\":\"https:\/\/penzionpark.si\/wp-content\/uploads\/2020\/12\/Penzion-Park-favicon.png\",\"width\":354,\"height\":354,\"caption\":\"Penzion Park\"},\"image\":{\"@id\":\"https:\/\/penzionpark.si\/#\/schema\/logo\/image\/\"},\"sameAs\":[\"https:\/\/www.facebook.com\/PenzionParkLasko\/\",\"https:\/\/www.instagram.com\/penzionparklasko\/\"]}]}<\/script>\n<!-- \/ Yoast SEO plugin. -->","yoast_head_json":{"title":"Cookies | Penzion Park - Lowest price guaranteed","robots":{"index":"index","follow":"follow","max-snippet":"max-snippet:-1","max-image-preview":"max-image-preview:large","max-video-preview":"max-video-preview:-1"},"canonical":"https:\/\/penzionpark.si\/sl\/cookies\/","og_locale":"sl_SI","og_type":"article","og_title":"Cookies | Penzion Park - Lowest price guaranteed","og_description":"PRIVACY POLICY LAZEBNIK d.o.o.&nbsp;respects your privacy and commits to duly protect the personal data obtained through the online information system and will not supply your personal data to any third party or use it for other purposes without your permission. Because online information system contains links to other, external websites, which are not related to [&hellip;]","og_url":"https:\/\/penzionpark.si\/sl\/cookies\/","og_site_name":"Penzion Park - Lowest price guaranteed","article_publisher":"https:\/\/www.facebook.com\/PenzionParkLasko\/","article_modified_time":"2021-01-02T12:01:06+00:00","twitter_card":"summary_large_image","twitter_misc":{"Est. reading time":"4 minute"},"schema":{"@context":"https:\/\/schema.org","@graph":[{"@type":"WebPage","@id":"https:\/\/penzionpark.si\/ru\/cookies\/","url":"https:\/\/penzionpark.si\/ru\/cookies\/","name":"Cookies | Penzion Park - Lowest price guaranteed","isPartOf":{"@id":"https:\/\/penzionpark.si\/#website"},"datePublished":"2020-06-02T06:20:21+00:00","dateModified":"2021-01-02T12:01:06+00:00","breadcrumb":{"@id":"https:\/\/penzionpark.si\/ru\/cookies\/#breadcrumb"},"inLanguage":"sl-SI","potentialAction":[{"@type":"ReadAction","target":["https:\/\/penzionpark.si\/ru\/cookies\/"]}]},{"@type":"BreadcrumbList","@id":"https:\/\/penzionpark.si\/ru\/cookies\/#breadcrumb","itemListElement":[{"@type":"ListItem","position":1,"name":"Home","item":"https:\/\/penzionpark.si\/"},{"@type":"ListItem","position":2,"name":"Cookies"}]},{"@type":"WebSite","@id":"https:\/\/penzionpark.si\/#website","url":"https:\/\/penzionpark.si\/","name":"Penzion Park - Zajam\u010deno najni\u017eja cena","description":"Family hotel in La&scaron;ko","publisher":{"@id":"https:\/\/penzionpark.si\/#organization"},"potentialAction":[{"@type":"SearchAction","target":{"@type":"EntryPoint","urlTemplate":"https:\/\/penzionpark.si\/?s={search_term_string}"},"query-input":{"@type":"PropertyValueSpecification","valueRequired":true,"valueName":"search_term_string"}}],"inLanguage":"sl-SI"},{"@type":"Organization","@id":"https:\/\/penzionpark.si\/#organization","name":"Penzion Park","url":"https:\/\/penzionpark.si\/","logo":{"@type":"ImageObject","inLanguage":"sl-SI","@id":"https:\/\/penzionpark.si\/#\/schema\/logo\/image\/","url":"https:\/\/penzionpark.si\/wp-content\/uploads\/2020\/12\/Penzion-Park-favicon.png","contentUrl":"https:\/\/penzionpark.si\/wp-content\/uploads\/2020\/12\/Penzion-Park-favicon.png","width":354,"height":354,"caption":"Penzion Park"},"image":{"@id":"https:\/\/penzionpark.si\/#\/schema\/logo\/image\/"},"sameAs":["https:\/\/www.facebook.com\/PenzionParkLasko\/","https:\/\/www.instagram.com\/penzionparklasko\/"]}]}},"_links":{"self":[{"href":"https:\/\/penzionpark.si\/sl\/wp-json\/wp\/v2\/pages\/370","targetHints":{"allow":["GET"]}}],"collection":[{"href":"https:\/\/penzionpark.si\/sl\/wp-json\/wp\/v2\/pages"}],"about":[{"href":"https:\/\/penzionpark.si\/sl\/wp-json\/wp\/v2\/types\/page"}],"author":[{"embeddable":true,"href":"https:\/\/penzionpark.si\/sl\/wp-json\/wp\/v2\/users\/1"}],"replies":[{"embeddable":true,"href":"https:\/\/penzionpark.si\/sl\/wp-json\/wp\/v2\/comments?post=370"}],"version-history":[{"count":0,"href":"https:\/\/penzionpark.si\/sl\/wp-json\/wp\/v2\/pages\/370\/revisions"}],"wp:attachment":[{"href":"https:\/\/penzionpark.si\/sl\/wp-json\/wp\/v2\/media?parent=370"}],"curies":[{"name":"wp","href":"https:\/\/api.w.org\/{rel}","templated":true}]}}