{"id":377,"date":"2020-06-02T06:32:53","date_gmt":"2020-06-02T06:32:53","guid":{"rendered":"https:\/\/penzionpark.si\/?page_id=377"},"modified":"2020-12-27T23:03:53","modified_gmt":"2020-12-27T23:03:53","slug":"terms-of-use","status":"publish","type":"page","link":"https:\/\/penzionpark.si\/sl\/terms-of-use\/","title":{"rendered":"Terms of use"},"content":{"rendered":"<div data-elementor-type=\"wp-page\" data-elementor-id=\"377\" class=\"elementor elementor-377\" data-elementor-post-type=\"page\">\n\t\t\t\t\t\t<section class=\"elementor-section elementor-top-section elementor-element elementor-element-2f4e52c elementor-section-boxed elementor-section-height-default elementor-section-height-default\" data-id=\"2f4e52c\" data-element_type=\"section\">\n\t\t\t\t\t\t<div class=\"elementor-container elementor-column-gap-default\">\n\t\t\t\t\t<div class=\"elementor-column elementor-col-100 elementor-top-column elementor-element elementor-element-5be0b95e\" data-id=\"5be0b95e\" data-element_type=\"column\">\n\t\t\t<div class=\"elementor-widget-wrap elementor-element-populated\">\n\t\t\t\t\t\t<div class=\"elementor-element elementor-element-1fef2afe elementor-widget elementor-widget-text-editor\" data-id=\"1fef2afe\" data-element_type=\"widget\" data-widget_type=\"text-editor.default\">\n\t\t\t\t<div class=\"elementor-widget-container\">\n\t\t\t\t\t\t\t<p><!-- wp:heading {\"level\":1} --><\/p>\n<h1>POGOJI UPORABE<\/h1>\n<p><!-- \/wp:heading --><\/p>\n<p><!-- wp:heading --><\/p>\n<h2>PRAVNA DOLO\u010cILA<\/h2>\n<p><!-- \/wp:heading --><\/p>\n<p><!-- wp:paragraph --><\/p>\n<p>LAZEBNIK, d.o.o. bo s potrebno skrbnostjo pri oblikovanju spletnih strani posku\u0161ala zagotavljati to\u010dnost in a\u017eurnost podatkov na svojih spletnih straneh, vendar ne prevzema nikakr\u0161ne odgovornosti o njihovi to\u010dnosti in celovitosti. Vsi uporabniki uporabljajo objavljeno vsebino na lastno odgovornost. Niti LAZEBNIK, d.o.o. niti katerakoli druga pravna ali fizi\u010dna oseba, ki je sodelovala pri nastanku in izdelavi te spletne strani, ne odgovarja za morebitno \u0161kodo, ki bi izhajala iz dostopa, uporabe ali nemo\u017enosti uporabe informacij na teh spletnih straneh ali za kakr\u0161nekoli napake ali pomanjkljivosti v njihovi vsebini.<\/p>\n<p><!-- \/wp:paragraph --><\/p>\n<p><!-- wp:paragraph --><\/p>\n<p>Vse informacije in podobe, ki jih vsebujejo spletne strani Penzion Park so v zakonsko dovoljenem okviru predmet avtorske za\u0161\u010dite ali druge oblike za\u0161\u010dite intelektualne lastnine. Dokumenti, objavljeni na teh spletnih straneh, so lahko reproducirani le v nekomercialne namene, pri \u010demer morajo ohraniti vsa navedena opozorila o avtorskih ali drugih pravicah in se ne smejo prepisovati, razmno\u017eevati ali kako druga\u010de raz\u0161irjati v komercialne namene. <strong>Penzion Park<\/strong> website are subject to copyright or other form of intellectual property protection. The documents published on these websites may be reproduced only for non-commercial purposes, but they are required to keep all stated warnings and copyrights or other rights, and shall not be copied, reproduced or disseminated in any other way for commercial purposes.<\/p>\n<p><!-- \/wp:paragraph --><\/p>\n<p><!-- wp:paragraph --><\/p>\n<p>LAZEBNIK, d.o.o. si pridr\u017euje pravico, da spremeni vsebino teh spletnih strani kadarkoli, na kakr\u0161enkoli na\u010din in ne glede na razlog brez predhodnega opozorila. Pri tem ne prevzema odgovornosti za kakr\u0161nekoli posledice takih sprememb.<\/p>\n<p><!-- \/wp:paragraph --><\/p>\n<p><!-- wp:heading --><\/p>\n<h2>ZA\u0160\u010cITA ZASEBNOSTI IN UPORABA OSEBNIH PODATKOV<\/h2>\n<p><!-- \/wp:heading --><\/p>\n<p><!-- wp:paragraph --><\/p>\n<p>LAZEBNIK, d.o.o. bo vse pridobljene podatke o obiskovalcih spletnih strani varovala v skladu z veljavno slovensko in evropsko zakonodajo.&nbsp;<\/p>\n<p><!-- \/wp:paragraph --><\/p>\n<p><!-- wp:paragraph --><\/p>\n<p>Vse podrobnosti o obdelavi osebnih podatkov s strani LAZEBNIK, d.o.o., Zdravili\u0161ka cesta 22, 3270 La\u0161ko, najdete v&nbsp;<a href=\"https:\/\/penzionpark.si\/sl\/personal-data-protection\/\">Varstvu osebnih podatkov<\/a>.<\/p>\n<p><!-- \/wp:paragraph --><\/p>\n<p><!-- wp:heading --><\/p>\n<h2>REZERVACIJA KAPACITET<\/h2>\n<p><!-- \/wp:heading --><\/p>\n<p><!-- wp:paragraph --><\/p>\n<p>Na na\u0161ih spletnih straneh ponujamo dva na\u010dina rezervacij na\u0161ih kapacitet. Prvi je prek obrazca za povpra\u0161evanje, s katerim nam uporabnik posreduje povpra\u0161evanje, mi pa posredujemo ponudbo. Samo povpra\u0161evanje oziroma na\u0161a ponudba \u0161e ne \u0161tejeta za potrjeno rezervacijo, saj je bistveni pogoj za veljavnost prijave potrditev rezervacije oz. na\u0161e ponudbe s strani uporabnika oz. kupca. V primeru, da potrditve ne prejmemo, se \u0161teje, da rezervacija ni bila nikoli naro\u010dena. Poleg navedenega na\u010dina ponujamo tudi mo\u017enost neposredne rezervacije (zgolj rezervacija, pri \u010demer kupec kot zagotovilo vnese podatke o kreditni kartici) ter rezervacije in pla\u010dila s kreditno kartico prek spleta (v primeru t.i. non-refundable rezervacije \u2013 nevra\u010dljivega predpla\u010dila, ko je kupec s pla\u010dilom takoj obremenjen). V tem primeru bo rezervacija potrjena in pla\u010dana takoj, ko kupec dokon\u010dno potrdi postopek pla\u010dila. V primeru rezervacij in\/ali pla\u010dila prek spleta \u0161teje, da je uporabnik oz. kupec prebral te Splo\u0161ne pogoje in da se z njimi strinja. Za rezervacijo je potrebna veljavna pla\u010dilna kartica.<\/p>\n<p><!-- \/wp:paragraph --><\/p>\n<p><!-- wp:heading --><\/p>\n<h2>POSTOPEK NAKUPA OZ. REZERVACIJE PREK SPLETA<\/h2>\n<p><!-- \/wp:heading --><\/p>\n<p><!-- wp:paragraph --><\/p>\n<p>V postopku nakupa so uporabniku (kupcu) na voljo naslednji tehni\u010dni koraki:<\/p>\n<p><!-- \/wp:paragraph --><\/p>\n<p><!-- wp:list --><\/p>\n<ul>\n<li>kupec izbere datum prihoda in odhoda<\/li>\n<li>kupec izbere \u0161tevilo oseb in otrok<\/li>\n<\/ul>\n<p><!-- \/wp:list --><\/p>\n<p><!-- wp:paragraph --><\/p>\n<p>Po opravljeni rezervaciji oz. nakupu kupec prejme sporo\u010dilo o opravljeni rezervaciji in potrditev bremenitve kreditne kartice (v primeru predpla\u010dila) na svoj elektronski naslov. Ra\u010dun pa kupec prejme po opravljeni kon\u010dni storitvi, na recepciji destinacije bivanja.<\/p>\n<p><!-- \/wp:paragraph --><\/p>\n<p><!-- wp:paragraph --><\/p>\n<p>Odvisno od na\u010dina vstopa v rezervacijski sistem, lahko uporabnik vanj vstopi na razli\u010dnih korakih, pri katerih so v odvisnosti od dovoljenj za uporabo pi\u0161kotkov dolo\u010deni kriteriji rezervacije \u017ee predizbrani.<\/p>\n<p><!-- \/wp:paragraph --><\/p>\n<p><!-- wp:heading --><\/p>\n<h2>CENE, OPISI PAKETOV IN STORITEV<\/h2>\n<p><!-- \/wp:heading --><\/p>\n<p><!-- wp:paragraph --><\/p>\n<p>Osnovna storitev je no\u010ditev z zajtrkom. Vse cene so v EUR, vsebujejo DDV in veljajo v trenutku potrditve naro\u010dila. Pridr\u017eujemo si pravico do sprememb in napak v cenah, napisanem besedilu in opisih vsebine brez predhodnega obvestila. Slike so simboli\u010dne narave in ne odra\u017eajo vedno v celoti dejanskega stanja.<\/p>\n<p><!-- \/wp:paragraph --><\/p>\n<p><!-- wp:heading --><\/p>\n<h2>ODPOVED<\/h2>\n<p><!-- \/wp:heading --><\/p>\n<p><!-- wp:paragraph --><\/p>\n<p>Gost ima pravico do odpovedi rezervacije. V primeru, ko gost odpove aran\u017ema, ima LAZEBNIK, d.o.o. pravico do povra\u010dila stro\u0161kov zaradi odpovedi, ki v primeru pla\u010dila s kreditno kartico prek spleta, ko je kupec s pla\u010dilom takoj obremenjen, zna\u0161ajo celotno vi\u0161ino izvr\u0161enega pla\u010dila. Vi\u0161ina povra\u010dila stro\u0161kov odpovedi aran\u017emaja je odvisna od \u010dasa, v katerem je gost predlo\u017eil odpoved, od izbranega tipa rezervacije in namestitve. V primeru spremembe aran\u017emaja na lastno \u017eeljo ali zaradi vi\u0161je sile, ne da bi za to obstajali razlogi na strani LAZEBNIK, d.o.o. zaradi nepravilno opravljene storitve, gost nima pravice zahtevati kakr\u0161ne koli od\u0161kodnine ali zni\u017eanja cene. Odpoved mora gost javiti po telefonu, poslati v pisni obliki ali po elektronski po\u0161ti na naslov hotela.<\/p>\n<p><!-- \/wp:paragraph --><\/p>\n<p><!-- wp:paragraph --><\/p>\n<p>\u017de potrjeno rezervacijo lahko gost prekli\u010de brez kakr\u0161nekoli od\u0161kodnine:<\/p>\n<p><!-- \/wp:paragraph --><\/p>\n<p><!-- wp:list --><\/p>\n<ul>\n<li>1 dan pred prihodom za bivanje do dveh no\u010di,<\/li>\n<li>2 dni pred prihodom za bivanje do 7 no\u010di,<\/li>\n<li>7 dni pred prihodom za bivanje ve\u010d kot 7 no\u010di.<\/li>\n<\/ul>\n<p><!-- \/wp:list --><\/p>\n<p><!-- wp:paragraph --><\/p>\n<p>V primeru nepravo\u010dasne odpovedi rezervacije ali neprihoda gosta, si hotel pridru\u017euje pravico zara\u010dunati od\u0161kodnino za nezasedeno sobo v vrednosti:<\/p>\n<p><!-- \/wp:paragraph --><\/p>\n<p><!-- wp:list --><\/p>\n<ul>\n<li>1 no\u010ditve za rezervacijo do 3 no\u010di,<\/li>\n<li>2 no\u010ditev za rezervacijo ve\u010d kot 3 no\u010di,<\/li>\n<\/ul>\n<p><!-- \/wp:list --><\/p>\n<p><!-- wp:paragraph --><\/p>\n<p>po cenah, ki so bile s strani hotela potrjene za posamezno rezervacijo.\nV primeru pred\u010dasnega odhoda, si hotel pridru\u017euje pravico zara\u010dunati stro\u0161ke v vi\u0161ini 100% preostalega bivanja brez turisti\u010dne takse. Izjeme so pred\u010dasni odhodi zaradi vi\u0161je sile (naravne nesre\u010de, smrt, zdravstveni razlogi), v skladu z dogovorom vodstvom podjetja<\/p>\n<p><!-- \/wp:paragraph --><\/p>\n<p><!-- wp:heading --><\/p>\n<h2>OSTALA DOLO\u010cILA<\/h2>\n<p><!-- \/wp:heading --><\/p>\n<p><!-- wp:paragraph --><\/p>\n<p>LAZEBNIK, d.o.o. lahko zavrne izpolnitev obveznosti iz rezervacije, \u010de ugotovi, da oddana kreditna kartica ni veljavna oziroma gre za zlorabo kreditne kartice oziroma rezervacijskega sistema.<\/p>\n<p><!-- \/wp:paragraph --><\/p>\n<p><!-- wp:paragraph --><\/p>\n<p>Morebitni spori med strankami, ki izvirajo ali so v kakr\u0161nikoli povezavi z rezervacijo, se re\u0161ujejo sporazumno. V nasprotnem primeru bo spor re\u0161evalo pristojno sodi\u0161\u010de v Celju.<strong>.<\/strong><\/p>\n<p><!-- \/wp:paragraph --><\/p>\n<p><!-- wp:heading --><\/p>\n<h2>VARNOST<\/h2>\n<p><!-- \/wp:heading --><\/p>\n<p><!-- wp:paragraph --><\/p>\n<p>Ponudnik uporablja ustrezna tehnolo\u0161ka in organizacijska sredstva za za\u0161\u010dito prenosa in shranjevanja osebnih podatkov ter pla\u010dil. Ponudnik v te namene uporablja 256-bitni SSL certifikat, ki ga je izdala za to poobla\u0161\u010dena organizacija.<\/p>\n<p><!-- \/wp:paragraph --><\/p>\n<p><!-- wp:heading --><\/p>\n<h2>KON\u010cNE DOLO\u010cBE<\/h2>\n<p><!-- \/wp:heading --><\/p>\n<p><!-- wp:paragraph --><\/p>\n<p>Splo\u0161na dolo\u010dila nakupa oz. rezervacije prek spleta imajo zna\u010daj pogodbe. Z nakupom oz. rezervacijo imetnik potrjuje, da je o teh splo\u0161nih dolo\u010dilih obve\u0161\u010den in da se z njimi strinja. Vpla\u010danih sredstev ni mogo\u010de vrniti v gotovini. Morebitne spore iz teh splo\u0161nih dolo\u010dil re\u0161uje pristojno sodi\u0161\u010de v Celju.<strong>.<\/strong><\/p>\n<p><!-- \/wp:paragraph --><\/p>\n<p><!-- wp:paragraph --><\/p>\n<p>V vseh cenah iz ponudbe LAZEBNIK, d.o.o. je \u017ee vklju\u010den davek na dodano vrednost. V primeru spora med strankami je za vse spore pristojno stvarno sodi\u0161\u010de v Celju.<\/p>\n<p><!-- \/wp:paragraph --><\/p>\n<p><!-- wp:heading --><\/p>\n<h2>PI\u0160KOTKI<\/h2>\n<p><!-- \/wp:heading --><\/p>\n<p><!-- wp:paragraph --><\/p>\n<p>Ob rezervaciji oziroma nakupu storitev v skladu z va\u0161imi dovoljenji zbiramo tudi podatke o va\u0161i uporabi na\u0161e spletne strani s pi\u0161kotki in podobnimi tehnologijami. Ve\u010d informacij o tem, kako te tehnologije uporabljamo je dostopnih v&nbsp;<a href=\"https:\/\/penzionpark.si\/sl\/cookies\/\">Politiki pi\u0161kotkov<\/a>.<\/p>\n<p><!-- \/wp:paragraph --><\/p>\n<p><!-- wp:heading --><\/p>\n<h2>KONTAKT<\/h2>\n<p><!-- \/wp:heading --><\/p>\n<p><!-- wp:paragraph --><\/p>\n<p><strong>LAZEBNIK d.o.o.<\/strong>, <br>Zdravili\u0161ka cesta 22, 3270 La\u0161ko.<br><strong>Phone<\/strong>: +386 3 573 16 10<\/p>\n<p><!-- \/wp:paragraph --><\/p>\t\t\t\t\t\t<\/div>\n\t\t\t\t<\/div>\n\t\t\t\t\t<\/div>\n\t\t<\/div>\n\t\t\t\t\t<\/div>\n\t\t<\/section>\n\t\t\t\t<\/div>","protected":false},"excerpt":{"rendered":"<p>TERMS OF USE LEGAL PROVISIONS LAZEBNIK, d.o.o. shall attempt, with all due diligence, to provide accurate and up-to-date information on their website, but they do not take any responsibility for their accuracy and integrity. All users use the published content at their own responsibility. Neither LAZEBNIK, d.o.o. nor any other natural or physical entity, which [&hellip;]<\/p>","protected":false},"author":1,"featured_media":0,"parent":0,"menu_order":0,"comment_status":"closed","ping_status":"closed","template":"","meta":{"footnotes":""},"class_list":["post-377","page","type-page","status-publish","hentry"],"yoast_head":"<!-- This site is optimized with the Yoast SEO plugin v25.7 - https:\/\/yoast.com\/wordpress\/plugins\/seo\/ -->\n<title>Terms of use | Penzion Park - Lowest price guaranteed<\/title>\n<meta name=\"robots\" content=\"index, follow, max-snippet:-1, max-image-preview:large, max-video-preview:-1\" \/>\n<link rel=\"canonical\" href=\"https:\/\/penzionpark.si\/sl\/terms-of-use\/\" \/>\n<meta property=\"og:locale\" content=\"sl_SI\" \/>\n<meta property=\"og:type\" content=\"article\" \/>\n<meta property=\"og:title\" content=\"Terms of use | Penzion Park - Lowest price guaranteed\" \/>\n<meta property=\"og:description\" content=\"TERMS OF USE LEGAL PROVISIONS LAZEBNIK, d.o.o. shall attempt, with all due diligence, to provide accurate and up-to-date information on their website, but they do not take any responsibility for their accuracy and integrity. All users use the published content at their own responsibility. Neither LAZEBNIK, d.o.o. nor any other natural or physical entity, which [&hellip;]\" \/>\n<meta property=\"og:url\" content=\"https:\/\/penzionpark.si\/sl\/terms-of-use\/\" \/>\n<meta property=\"og:site_name\" content=\"Penzion Park - Lowest price guaranteed\" \/>\n<meta property=\"article:publisher\" content=\"https:\/\/www.facebook.com\/PenzionParkLasko\/\" \/>\n<meta property=\"article:modified_time\" content=\"2020-12-27T23:03:53+00:00\" \/>\n<meta name=\"twitter:card\" content=\"summary_large_image\" \/>\n<meta name=\"twitter:label1\" content=\"Est. reading time\" \/>\n\t<meta name=\"twitter:data1\" content=\"6 minut\" \/>\n<script type=\"application\/ld+json\" class=\"yoast-schema-graph\">{\"@context\":\"https:\/\/schema.org\",\"@graph\":[{\"@type\":\"WebPage\",\"@id\":\"https:\/\/penzionpark.si\/sl\/terms-of-use\/\",\"url\":\"https:\/\/penzionpark.si\/sl\/terms-of-use\/\",\"name\":\"Terms of use | Penzion Park - Lowest price guaranteed\",\"isPartOf\":{\"@id\":\"https:\/\/penzionpark.si\/#website\"},\"datePublished\":\"2020-06-02T06:32:53+00:00\",\"dateModified\":\"2020-12-27T23:03:53+00:00\",\"breadcrumb\":{\"@id\":\"https:\/\/penzionpark.si\/sl\/terms-of-use\/#breadcrumb\"},\"inLanguage\":\"sl-SI\",\"potentialAction\":[{\"@type\":\"ReadAction\",\"target\":[\"https:\/\/penzionpark.si\/sl\/terms-of-use\/\"]}]},{\"@type\":\"BreadcrumbList\",\"@id\":\"https:\/\/penzionpark.si\/sl\/terms-of-use\/#breadcrumb\",\"itemListElement\":[{\"@type\":\"ListItem\",\"position\":1,\"name\":\"Home\",\"item\":\"https:\/\/penzionpark.si\/\"},{\"@type\":\"ListItem\",\"position\":2,\"name\":\"Terms of use\"}]},{\"@type\":\"WebSite\",\"@id\":\"https:\/\/penzionpark.si\/#website\",\"url\":\"https:\/\/penzionpark.si\/\",\"name\":\"Penzion Park - Lowest price guaranteed\",\"description\":\"Family hotel in La&scaron;ko\",\"publisher\":{\"@id\":\"https:\/\/penzionpark.si\/#organization\"},\"potentialAction\":[{\"@type\":\"SearchAction\",\"target\":{\"@type\":\"EntryPoint\",\"urlTemplate\":\"https:\/\/penzionpark.si\/?s={search_term_string}\"},\"query-input\":{\"@type\":\"PropertyValueSpecification\",\"valueRequired\":true,\"valueName\":\"search_term_string\"}}],\"inLanguage\":\"sl-SI\"},{\"@type\":\"Organization\",\"@id\":\"https:\/\/penzionpark.si\/#organization\",\"name\":\"Penzion Park\",\"url\":\"https:\/\/penzionpark.si\/\",\"logo\":{\"@type\":\"ImageObject\",\"inLanguage\":\"sl-SI\",\"@id\":\"https:\/\/penzionpark.si\/#\/schema\/logo\/image\/\",\"url\":\"https:\/\/penzionpark.si\/wp-content\/uploads\/2020\/12\/Penzion-Park-favicon.png\",\"contentUrl\":\"https:\/\/penzionpark.si\/wp-content\/uploads\/2020\/12\/Penzion-Park-favicon.png\",\"width\":354,\"height\":354,\"caption\":\"Penzion Park\"},\"image\":{\"@id\":\"https:\/\/penzionpark.si\/#\/schema\/logo\/image\/\"},\"sameAs\":[\"https:\/\/www.facebook.com\/PenzionParkLasko\/\",\"https:\/\/www.instagram.com\/penzionparklasko\/\"]}]}<\/script>\n<!-- \/ Yoast SEO plugin. -->","yoast_head_json":{"title":"Terms of use | Penzion Park - Lowest price guaranteed","robots":{"index":"index","follow":"follow","max-snippet":"max-snippet:-1","max-image-preview":"max-image-preview:large","max-video-preview":"max-video-preview:-1"},"canonical":"https:\/\/penzionpark.si\/sl\/terms-of-use\/","og_locale":"sl_SI","og_type":"article","og_title":"Terms of use | Penzion Park - Lowest price guaranteed","og_description":"TERMS OF USE LEGAL PROVISIONS LAZEBNIK, d.o.o. shall attempt, with all due diligence, to provide accurate and up-to-date information on their website, but they do not take any responsibility for their accuracy and integrity. All users use the published content at their own responsibility. Neither LAZEBNIK, d.o.o. nor any other natural or physical entity, which [&hellip;]","og_url":"https:\/\/penzionpark.si\/sl\/terms-of-use\/","og_site_name":"Penzion Park - Lowest price guaranteed","article_publisher":"https:\/\/www.facebook.com\/PenzionParkLasko\/","article_modified_time":"2020-12-27T23:03:53+00:00","twitter_card":"summary_large_image","twitter_misc":{"Est. reading time":"6 minut"},"schema":{"@context":"https:\/\/schema.org","@graph":[{"@type":"WebPage","@id":"https:\/\/penzionpark.si\/sl\/terms-of-use\/","url":"https:\/\/penzionpark.si\/sl\/terms-of-use\/","name":"Terms of use | Penzion Park - Lowest price guaranteed","isPartOf":{"@id":"https:\/\/penzionpark.si\/#website"},"datePublished":"2020-06-02T06:32:53+00:00","dateModified":"2020-12-27T23:03:53+00:00","breadcrumb":{"@id":"https:\/\/penzionpark.si\/sl\/terms-of-use\/#breadcrumb"},"inLanguage":"sl-SI","potentialAction":[{"@type":"ReadAction","target":["https:\/\/penzionpark.si\/sl\/terms-of-use\/"]}]},{"@type":"BreadcrumbList","@id":"https:\/\/penzionpark.si\/sl\/terms-of-use\/#breadcrumb","itemListElement":[{"@type":"ListItem","position":1,"name":"Home","item":"https:\/\/penzionpark.si\/"},{"@type":"ListItem","position":2,"name":"Terms of use"}]},{"@type":"WebSite","@id":"https:\/\/penzionpark.si\/#website","url":"https:\/\/penzionpark.si\/","name":"Penzion Park - Zajam\u010deno najni\u017eja cena","description":"Family hotel in La&scaron;ko","publisher":{"@id":"https:\/\/penzionpark.si\/#organization"},"potentialAction":[{"@type":"SearchAction","target":{"@type":"EntryPoint","urlTemplate":"https:\/\/penzionpark.si\/?s={search_term_string}"},"query-input":{"@type":"PropertyValueSpecification","valueRequired":true,"valueName":"search_term_string"}}],"inLanguage":"sl-SI"},{"@type":"Organization","@id":"https:\/\/penzionpark.si\/#organization","name":"Penzion Park","url":"https:\/\/penzionpark.si\/","logo":{"@type":"ImageObject","inLanguage":"sl-SI","@id":"https:\/\/penzionpark.si\/#\/schema\/logo\/image\/","url":"https:\/\/penzionpark.si\/wp-content\/uploads\/2020\/12\/Penzion-Park-favicon.png","contentUrl":"https:\/\/penzionpark.si\/wp-content\/uploads\/2020\/12\/Penzion-Park-favicon.png","width":354,"height":354,"caption":"Penzion Park"},"image":{"@id":"https:\/\/penzionpark.si\/#\/schema\/logo\/image\/"},"sameAs":["https:\/\/www.facebook.com\/PenzionParkLasko\/","https:\/\/www.instagram.com\/penzionparklasko\/"]}]}},"_links":{"self":[{"href":"https:\/\/penzionpark.si\/sl\/wp-json\/wp\/v2\/pages\/377","targetHints":{"allow":["GET"]}}],"collection":[{"href":"https:\/\/penzionpark.si\/sl\/wp-json\/wp\/v2\/pages"}],"about":[{"href":"https:\/\/penzionpark.si\/sl\/wp-json\/wp\/v2\/types\/page"}],"author":[{"embeddable":true,"href":"https:\/\/penzionpark.si\/sl\/wp-json\/wp\/v2\/users\/1"}],"replies":[{"embeddable":true,"href":"https:\/\/penzionpark.si\/sl\/wp-json\/wp\/v2\/comments?post=377"}],"version-history":[{"count":0,"href":"https:\/\/penzionpark.si\/sl\/wp-json\/wp\/v2\/pages\/377\/revisions"}],"wp:attachment":[{"href":"https:\/\/penzionpark.si\/sl\/wp-json\/wp\/v2\/media?parent=377"}],"curies":[{"name":"wp","href":"https:\/\/api.w.org\/{rel}","templated":true}]}}