{"id":390,"date":"2020-06-02T16:37:50","date_gmt":"2020-06-02T16:37:50","guid":{"rendered":"https:\/\/penzionpark.si\/?page_id=390"},"modified":"2021-01-02T15:11:23","modified_gmt":"2021-01-02T15:11:23","slug":"personal-data-protection","status":"publish","type":"page","link":"https:\/\/penzionpark.si\/sl\/personal-data-protection\/","title":{"rendered":"Varstvu osebnih podatkov"},"content":{"rendered":"<div data-elementor-type=\"wp-page\" data-elementor-id=\"390\" class=\"elementor elementor-390\" data-elementor-post-type=\"page\">\n\t\t\t\t\t\t<section class=\"elementor-section elementor-top-section elementor-element elementor-element-601cf3a4 elementor-section-boxed elementor-section-height-default elementor-section-height-default\" data-id=\"601cf3a4\" data-element_type=\"section\">\n\t\t\t\t\t\t<div class=\"elementor-container elementor-column-gap-default\">\n\t\t\t\t\t<div class=\"elementor-column elementor-col-100 elementor-top-column elementor-element elementor-element-46535ec\" data-id=\"46535ec\" data-element_type=\"column\">\n\t\t\t<div class=\"elementor-widget-wrap elementor-element-populated\">\n\t\t\t\t\t\t<div class=\"elementor-element elementor-element-4020ff6f elementor-widget elementor-widget-text-editor\" data-id=\"4020ff6f\" data-element_type=\"widget\" data-widget_type=\"text-editor.default\">\n\t\t\t\t<div class=\"elementor-widget-container\">\n\t\t\t\t\t\t\t<p><!-- wp:heading {\"level\":1} --><\/p>\n<h1 id=\"headline-10-142\">VARSTVO OSEBNIH PODATKOV<\/h1>\n<p><!-- \/wp:heading --><\/p>\n<p><!-- wp:heading --><\/p>\n<h2>KAJ SO OSEBNI PODATKI?<\/h2>\n<p><!-- \/wp:heading --><\/p>\n<p><!-- wp:paragraph --><\/p>\n<p>Osebni podatki so podatki, ki jih je mogo\u010de dodeliti vam kot osebi. Sem spadajo na primer va\u0161e ime, priimek, naslov, telefonska \u0161tevilka in e-naslov.<\/p>\n<p><!-- \/wp:paragraph --><\/p>\n<p><!-- wp:heading --><\/p>\n<h2>KAKO LAZEBNIK D.O.O. VARUJE VA\u0160E OSEBNE PODATKE?<\/h2>\n<p><!-- \/wp:heading --><\/p>\n<p><!-- wp:paragraph --><\/p>\n<p>Spletna stran Penzion Park zagotavlja vse potrebne tehnolo\u0161ke in organizacijske re\u0161itve za popolno varnost. Prenos ob\u010dutljivih osebnih podatkov na spletni strani se izvaja v varnem na\u010dinu s pomo\u010djo protokola SSL (Secure Sockets Layer). Podatki se kodirajo z do 256 bitnim klju\u010dem, \u0161e preden zapustijo va\u0161 brskalnik, in se na na\u0161 stre\u017enik prena\u0161ajo v za\u0161\u010diteni obliki. Sistem tako prepre\u010duje, da bi kdo prestregel va\u0161e osebne podatke, ki jih po\u0161iljate prek kontaktnega obrazca. Varno povezavo prepoznate po tem, da se naslov, prikazan v brskalniku, za\u010dne s https:\/\/\u2026 in ne s http:\/\/\u2026, na zgornjem levem robu okna pa se pojavi znak obe\u0161anke. Na\u0161a spletna stran in drugi sistemi so z ustreznimi tehni\u010dnimi in organizacijskimi ukrepi zavarovani pred izgubo, uni\u010denjem, dostopom, spreminjanjem in \u0161irjenjem va\u0161ih podatkov s strani nepoobla\u0161\u010denih oseb.<\/p>\n<p><!-- \/wp:paragraph --><\/p>\n<p><!-- wp:heading --><\/p>\n<h2>KDAJ PENZION PARK UPORABLJA IN OBDELUJE OSEBNE PODATKE?<\/h2>\n<p><!-- \/wp:heading --><\/p>\n<p><!-- wp:paragraph --><\/p>\n<p>Vemo, da je skrbno ravnanje z va\u0161imi osebnimi podatki za vas izjemno pomembno. Ker na spleti\u0161\u010du Penzion Park varstvu podatkov namenjamo posebno pozornost, pri zbiranju, obdelavi in uporabi strogo upo\u0161tevamo zakonske dolo\u010dbe.<\/p>\n<p><!-- \/wp:paragraph --><\/p>\n<p><!-- wp:paragraph --><\/p>\n<p>Penzion Park va\u0161e osebne podatke in informacije, ki nam jih posredujete, uporablja za odgovarjanje na va\u0161a sporo\u010dila.<\/p>\n<p><!-- \/wp:paragraph --><\/p>\n<p><!-- wp:paragraph --><\/p>\n<p>Va\u0161e podatke lahko izbri\u0161emo, \u010de temu ne nasprotujejo zakonske obveznosti hrambe in \u010de ste uveljavljali zahtevek za izbris, \u010de podatkov ne potrebujemo ve\u010d za izpolnjevanje razloga hrambe ali \u010de je njihova hramba nedopustna zaradi drugih zakonskih razlogov.<\/p>\n<p><!-- \/wp:paragraph --><\/p>\n<p><!-- wp:heading --><\/p>\n<h2>IMATE VPRA\u0160ANJA O VARSTVU PODATKOV?<\/h2>\n<p><!-- \/wp:heading --><\/p>\n<p><!-- wp:paragraph --><\/p>\n<p>V skladu s splo\u0161no uredbo evropske unije o varovanju osebnih podatkov (GDPR) imate pravico do brezpla\u010dne poizvedbe o svojih shranjenih podatkih ter po potrebi tudi pravico do popravka, zaklepa ali izbrisa teh podatkov.&nbsp;<\/p>\n<p><!-- \/wp:paragraph --><\/p>\n<p><!-- wp:paragraph --><\/p>\n<p>\u010ce imate vpra\u0161anja o varstvu podatkov ali \u010de nam \u017eelite poslati sporo\u010dilo o poizvedbi ali izbrisu va\u0161ih podatkov, uporabite naslednje kontaktne podatke:<\/p>\n<p><!-- \/wp:paragraph --><\/p>\n<p><!-- wp:paragraph --><\/p>\n<p><strong>Lastnik in upravljalec spletnega mesta Penzion Park<br><\/strong><\/p>\n<p><!-- \/wp:paragraph --><\/p>\n<p><!-- wp:paragraph --><\/p>\n<p>Uradno ime podjetja: LAZEBNIK d.o.o. <br>Sede\u017e: Zdravili\u0161ka 22, 3270 La\u0161ko<\/p>\n<p><!-- \/wp:paragraph --><\/p>\n<p><!-- wp:heading --><\/p>\n<h2>POOBLA\u0160\u010cENEC ZA VARSTVO PODATKOV<\/h2>\n<p><!-- \/wp:heading --><\/p>\n<p><!-- wp:paragraph --><\/p>\n<p>Vsak posameznik lahko v primeru, da meni, da so mu z na\u0161e strani kakorkoli kr\u0161ene pravice z naslova varstva njegovih osebnih podatkov, kadarkoli poda prito\u017ebo pri nadzornemu organu \u2013 Informacijskemu poobla\u0161\u010dencu v Republiki Sloveniji:<\/p>\n<p><!-- \/wp:paragraph --><\/p>\n<p><!-- wp:paragraph --><\/p>\n<p>Republika Slovenija, Informacijski poobla\u0161\u010denec, Zalo\u0161ka 59, 1000 Ljubljana, https:\/\/www.ip-rs.si<\/p>\n<p><!-- \/wp:paragraph --><\/p>\n<p><!-- wp:paragraph --><\/p>\n<p>LAZEBNIK d.o.o. spo\u0161tuje va\u0161o zasebnost in v skladu z zakonodajo (Zakon o varstvu osebnih podatkov ZVOP-1, Ur. l. RS \u0161t. 86\/04 in GDPR), zato na spletni strani Hotel \u0160pica La\u0161ko izvajamo vse aktivnosti za za\u0161\u010dito in eti\u010dno ravnanje z va\u0161imi osebnimi podatki.<br><\/p>\n<p><!-- \/wp:paragraph --><\/p>\t\t\t\t\t\t<\/div>\n\t\t\t\t<\/div>\n\t\t\t\t\t<\/div>\n\t\t<\/div>\n\t\t\t\t\t<\/div>\n\t\t<\/section>\n\t\t\t\t<\/div>","protected":false},"excerpt":{"rendered":"<p>PERSONAL DATA PROTECTION WHAT IS PERSONAL DATA? Personal data is any information that can be attributed to you as a person. This includes your name, surname, address, phone number and e-mail address HOW DOES LAZEBNIK D.O.O. PROTECT YOUR PERSONAL DATA? The website Penzion Park ensures all required technological and organisational solutions for complete security. Transfer [&hellip;]<\/p>","protected":false},"author":1,"featured_media":0,"parent":0,"menu_order":0,"comment_status":"closed","ping_status":"closed","template":"","meta":{"footnotes":""},"class_list":["post-390","page","type-page","status-publish","hentry"],"yoast_head":"<!-- This site is optimized with the Yoast SEO plugin v25.7 - https:\/\/yoast.com\/wordpress\/plugins\/seo\/ -->\n<title>Personal data protection | Penzion Park - Lowest price guaranteed<\/title>\n<meta name=\"robots\" content=\"index, follow, max-snippet:-1, max-image-preview:large, max-video-preview:-1\" \/>\n<link rel=\"canonical\" href=\"https:\/\/penzionpark.si\/sl\/personal-data-protection\/\" \/>\n<meta property=\"og:locale\" content=\"sl_SI\" \/>\n<meta property=\"og:type\" content=\"article\" \/>\n<meta property=\"og:title\" content=\"Personal data protection | Penzion Park - Lowest price guaranteed\" \/>\n<meta property=\"og:description\" content=\"PERSONAL DATA PROTECTION WHAT IS PERSONAL DATA? Personal data is any information that can be attributed to you as a person. This includes your name, surname, address, phone number and e-mail address HOW DOES LAZEBNIK D.O.O. PROTECT YOUR PERSONAL DATA? The website Penzion Park ensures all required technological and organisational solutions for complete security. Transfer [&hellip;]\" \/>\n<meta property=\"og:url\" content=\"https:\/\/penzionpark.si\/sl\/personal-data-protection\/\" \/>\n<meta property=\"og:site_name\" content=\"Penzion Park - Lowest price guaranteed\" \/>\n<meta property=\"article:publisher\" content=\"https:\/\/www.facebook.com\/PenzionParkLasko\/\" \/>\n<meta property=\"article:modified_time\" content=\"2021-01-02T15:11:23+00:00\" \/>\n<meta name=\"twitter:card\" content=\"summary_large_image\" \/>\n<meta name=\"twitter:label1\" content=\"Est. reading time\" \/>\n\t<meta name=\"twitter:data1\" content=\"2 minuti\" \/>\n<script type=\"application\/ld+json\" class=\"yoast-schema-graph\">{\"@context\":\"https:\/\/schema.org\",\"@graph\":[{\"@type\":\"WebPage\",\"@id\":\"https:\/\/penzionpark.si\/de\/personal-data-protection\/\",\"url\":\"https:\/\/penzionpark.si\/de\/personal-data-protection\/\",\"name\":\"Personal data protection | Penzion Park - Lowest price guaranteed\",\"isPartOf\":{\"@id\":\"https:\/\/penzionpark.si\/#website\"},\"datePublished\":\"2020-06-02T16:37:50+00:00\",\"dateModified\":\"2021-01-02T15:11:23+00:00\",\"breadcrumb\":{\"@id\":\"https:\/\/penzionpark.si\/de\/personal-data-protection\/#breadcrumb\"},\"inLanguage\":\"sl-SI\",\"potentialAction\":[{\"@type\":\"ReadAction\",\"target\":[\"https:\/\/penzionpark.si\/de\/personal-data-protection\/\"]}]},{\"@type\":\"BreadcrumbList\",\"@id\":\"https:\/\/penzionpark.si\/de\/personal-data-protection\/#breadcrumb\",\"itemListElement\":[{\"@type\":\"ListItem\",\"position\":1,\"name\":\"Home\",\"item\":\"https:\/\/penzionpark.si\/\"},{\"@type\":\"ListItem\",\"position\":2,\"name\":\"Personal data protection\"}]},{\"@type\":\"WebSite\",\"@id\":\"https:\/\/penzionpark.si\/#website\",\"url\":\"https:\/\/penzionpark.si\/\",\"name\":\"Penzion Park - Lowest price guaranteed\",\"description\":\"Family hotel in La&scaron;ko\",\"publisher\":{\"@id\":\"https:\/\/penzionpark.si\/#organization\"},\"potentialAction\":[{\"@type\":\"SearchAction\",\"target\":{\"@type\":\"EntryPoint\",\"urlTemplate\":\"https:\/\/penzionpark.si\/?s={search_term_string}\"},\"query-input\":{\"@type\":\"PropertyValueSpecification\",\"valueRequired\":true,\"valueName\":\"search_term_string\"}}],\"inLanguage\":\"sl-SI\"},{\"@type\":\"Organization\",\"@id\":\"https:\/\/penzionpark.si\/#organization\",\"name\":\"Penzion Park\",\"url\":\"https:\/\/penzionpark.si\/\",\"logo\":{\"@type\":\"ImageObject\",\"inLanguage\":\"sl-SI\",\"@id\":\"https:\/\/penzionpark.si\/#\/schema\/logo\/image\/\",\"url\":\"https:\/\/penzionpark.si\/wp-content\/uploads\/2020\/12\/Penzion-Park-favicon.png\",\"contentUrl\":\"https:\/\/penzionpark.si\/wp-content\/uploads\/2020\/12\/Penzion-Park-favicon.png\",\"width\":354,\"height\":354,\"caption\":\"Penzion Park\"},\"image\":{\"@id\":\"https:\/\/penzionpark.si\/#\/schema\/logo\/image\/\"},\"sameAs\":[\"https:\/\/www.facebook.com\/PenzionParkLasko\/\",\"https:\/\/www.instagram.com\/penzionparklasko\/\"]}]}<\/script>\n<!-- \/ Yoast SEO plugin. -->","yoast_head_json":{"title":"Personal data protection | Penzion Park - Lowest price guaranteed","robots":{"index":"index","follow":"follow","max-snippet":"max-snippet:-1","max-image-preview":"max-image-preview:large","max-video-preview":"max-video-preview:-1"},"canonical":"https:\/\/penzionpark.si\/sl\/personal-data-protection\/","og_locale":"sl_SI","og_type":"article","og_title":"Personal data protection | Penzion Park - Lowest price guaranteed","og_description":"PERSONAL DATA PROTECTION WHAT IS PERSONAL DATA? Personal data is any information that can be attributed to you as a person. This includes your name, surname, address, phone number and e-mail address HOW DOES LAZEBNIK D.O.O. PROTECT YOUR PERSONAL DATA? The website Penzion Park ensures all required technological and organisational solutions for complete security. Transfer [&hellip;]","og_url":"https:\/\/penzionpark.si\/sl\/personal-data-protection\/","og_site_name":"Penzion Park - Lowest price guaranteed","article_publisher":"https:\/\/www.facebook.com\/PenzionParkLasko\/","article_modified_time":"2021-01-02T15:11:23+00:00","twitter_card":"summary_large_image","twitter_misc":{"Est. reading time":"2 minuti"},"schema":{"@context":"https:\/\/schema.org","@graph":[{"@type":"WebPage","@id":"https:\/\/penzionpark.si\/de\/personal-data-protection\/","url":"https:\/\/penzionpark.si\/de\/personal-data-protection\/","name":"Personal data protection | Penzion Park - Lowest price guaranteed","isPartOf":{"@id":"https:\/\/penzionpark.si\/#website"},"datePublished":"2020-06-02T16:37:50+00:00","dateModified":"2021-01-02T15:11:23+00:00","breadcrumb":{"@id":"https:\/\/penzionpark.si\/de\/personal-data-protection\/#breadcrumb"},"inLanguage":"sl-SI","potentialAction":[{"@type":"ReadAction","target":["https:\/\/penzionpark.si\/de\/personal-data-protection\/"]}]},{"@type":"BreadcrumbList","@id":"https:\/\/penzionpark.si\/de\/personal-data-protection\/#breadcrumb","itemListElement":[{"@type":"ListItem","position":1,"name":"Home","item":"https:\/\/penzionpark.si\/"},{"@type":"ListItem","position":2,"name":"Personal data protection"}]},{"@type":"WebSite","@id":"https:\/\/penzionpark.si\/#website","url":"https:\/\/penzionpark.si\/","name":"Penzion Park - Zajam\u010deno najni\u017eja cena","description":"Family hotel in La&scaron;ko","publisher":{"@id":"https:\/\/penzionpark.si\/#organization"},"potentialAction":[{"@type":"SearchAction","target":{"@type":"EntryPoint","urlTemplate":"https:\/\/penzionpark.si\/?s={search_term_string}"},"query-input":{"@type":"PropertyValueSpecification","valueRequired":true,"valueName":"search_term_string"}}],"inLanguage":"sl-SI"},{"@type":"Organization","@id":"https:\/\/penzionpark.si\/#organization","name":"Penzion Park","url":"https:\/\/penzionpark.si\/","logo":{"@type":"ImageObject","inLanguage":"sl-SI","@id":"https:\/\/penzionpark.si\/#\/schema\/logo\/image\/","url":"https:\/\/penzionpark.si\/wp-content\/uploads\/2020\/12\/Penzion-Park-favicon.png","contentUrl":"https:\/\/penzionpark.si\/wp-content\/uploads\/2020\/12\/Penzion-Park-favicon.png","width":354,"height":354,"caption":"Penzion Park"},"image":{"@id":"https:\/\/penzionpark.si\/#\/schema\/logo\/image\/"},"sameAs":["https:\/\/www.facebook.com\/PenzionParkLasko\/","https:\/\/www.instagram.com\/penzionparklasko\/"]}]}},"_links":{"self":[{"href":"https:\/\/penzionpark.si\/sl\/wp-json\/wp\/v2\/pages\/390","targetHints":{"allow":["GET"]}}],"collection":[{"href":"https:\/\/penzionpark.si\/sl\/wp-json\/wp\/v2\/pages"}],"about":[{"href":"https:\/\/penzionpark.si\/sl\/wp-json\/wp\/v2\/types\/page"}],"author":[{"embeddable":true,"href":"https:\/\/penzionpark.si\/sl\/wp-json\/wp\/v2\/users\/1"}],"replies":[{"embeddable":true,"href":"https:\/\/penzionpark.si\/sl\/wp-json\/wp\/v2\/comments?post=390"}],"version-history":[{"count":0,"href":"https:\/\/penzionpark.si\/sl\/wp-json\/wp\/v2\/pages\/390\/revisions"}],"wp:attachment":[{"href":"https:\/\/penzionpark.si\/sl\/wp-json\/wp\/v2\/media?parent=390"}],"curies":[{"name":"wp","href":"https:\/\/api.w.org\/{rel}","templated":true}]}}